{"id":5210,"date":"2019-05-22T13:21:13","date_gmt":"2019-05-22T13:21:13","guid":{"rendered":"http:\/\/gachdaudong.com\/asiadreamtours\/?page_id=5210"},"modified":"2019-07-11T15:43:42","modified_gmt":"2019-07-11T08:43:42","slug":"planifique-su-viaje","status":"publish","type":"page","link":"https:\/\/www.asiadreamtours.com\/es\/planifique-su-viaje\/","title":{"rendered":"Planifique su viaje"},"content":{"rendered":"\t<section class=\"section\" id=\"section_906749576\">\n\t\t<div class=\"bg section-bg fill bg-fill  \" >\n\n\t\t\t\n\t\t\t<div class=\"section-bg-overlay absolute fill\"><\/div>\n\t\t\t\n\n\t\t<\/div>\n\n\t\t\n\n\t\t<div class=\"section-content relative\">\n\t\t\t\n\t<div id=\"gap-2124320813\" class=\"gap-element clearfix\" style=\"display:block; height:auto;\">\n\t\t\n<style>\n#gap-2124320813 {\n  padding-top: 100px;\n}\n<\/style>\n\t<\/div>\n\t\n<div class=\"row\"  id=\"row-1910178001\">\n\n\t<div id=\"col-628744687\" class=\"col small-12 large-12\"  >\n\t\t\t\t<div class=\"col-inner\"  >\n\t\t\t\n\t\t\t\n\t<div id=\"gap-877988246\" class=\"gap-element clearfix\" style=\"display:block; height:auto;\">\n\t\t\n<style>\n#gap-877988246 {\n  padding-top: 30px;\n}\n<\/style>\n\t<\/div>\n\t\n<div role=\"form\" class=\"wpcf7\" id=\"wpcf7-f5358-o1\" lang=\"en-US\" dir=\"ltr\">\n<div class=\"screen-reader-response\"><p role=\"status\" aria-live=\"polite\" aria-atomic=\"true\"><\/p> <ul><\/ul><\/div>\n<form action=\"\/es\/wp-json\/wp\/v2\/pages\/5210#wpcf7-f5358-o1\" method=\"post\" class=\"wpcf7-form init\" novalidate=\"novalidate\" data-status=\"init\">\n<div style=\"display: none;\">\n<input type=\"hidden\" name=\"_wpcf7\" value=\"5358\" \/>\n<input type=\"hidden\" name=\"_wpcf7_version\" value=\"5.6.3\" \/>\n<input type=\"hidden\" name=\"_wpcf7_locale\" value=\"en_US\" \/>\n<input type=\"hidden\" name=\"_wpcf7_unit_tag\" value=\"wpcf7-f5358-o1\" \/>\n<input type=\"hidden\" name=\"_wpcf7_container_post\" value=\"0\" \/>\n<input type=\"hidden\" name=\"_wpcf7_posted_data_hash\" value=\"\" \/>\n<input type=\"hidden\" name=\"_wpcf7_recaptcha_response\" value=\"\" \/>\n<\/div>\n<div class=\"plan-form\">\n    <\/p>\n<h3>D\u00edganos sobre su plan de viaje<\/h3>\n<div class=\"form-group\">\n<div class=\"label\">Destino(s)*<\/div>\n<p>        \t<span class=\"wpcf7-form-control-wrap destinations\">\n\t\t<span class=\"wpcf7-form-control wpcf7-checkbox wpcf7-validates-as-required\">\n\t\t\t\t\t\t\t\t\t<span class=\"wpcf7-list-item first\">\n\t\t\t\t<label><input type=\"checkbox\" name=\"destinations[]\" value=\"Camboya\" \/><span class=\"wpcf7-list-item-label\">Camboya<\/span><\/label>\n\t\t\t<\/span>\n\t\t\t\t\t\t\t\t\t\t<span class=\"wpcf7-list-item\">\n\t\t\t\t<label><input type=\"checkbox\" name=\"destinations[]\" value=\"Laos\" \/><span class=\"wpcf7-list-item-label\">Laos<\/span><\/label>\n\t\t\t<\/span>\n\t\t\t\t\t\t\t\t\t\t<span class=\"wpcf7-list-item\">\n\t\t\t\t<label><input type=\"checkbox\" name=\"destinations[]\" value=\"Myanmar\" \/><span class=\"wpcf7-list-item-label\">Myanmar<\/span><\/label>\n\t\t\t<\/span>\n\t\t\t\t\t\t\t\t\t\t<span class=\"wpcf7-list-item\">\n\t\t\t\t<label><input type=\"checkbox\" name=\"destinations[]\" value=\"Tailandia\" \/><span class=\"wpcf7-list-item-label\">Tailandia<\/span><\/label>\n\t\t\t<\/span>\n\t\t\t\t\t\t\t\t\t\t<span class=\"wpcf7-list-item\">\n\t\t\t\t<label><input type=\"checkbox\" name=\"destinations[]\" value=\"VietNam\" \/><span class=\"wpcf7-list-item-label\">VietNam<\/span><\/label>\n\t\t\t<\/span>\n\t\t\t\t\t\t<\/span>\n\t<\/span>\t\n\t\n    <\/p><\/div>\n<div class=\"row\">\n<div class=\"col medium-6 small-12 large-6 pb-0\">\n<div class=\"form-group\">\n<div class=\"label\">\u00bfCu\u00e1ntas personas viajar\u00edan? *<\/div>\n<p>            \t<span class=\"wpcf7-form-control-wrap\" data-name=\"people\"><input type=\"number\" name=\"people\" value=\"\" class=\"wpcf7-form-control wpcf7-number wpcf7-validates-as-required wpcf7-validates-as-number\" min=\"1\" max=\"100\" aria-required=\"true\" aria-invalid=\"false\" \/><\/span><\/p>\n<div class=\"small note\">Por favor indique cu\u00e1ntos ni\u00f1os viajan con usted y la edad de los ni\u00f1os, si es posible.<\/div>\n<\/div>\n<\/div>\n<div class=\"col medium-6 small-12 large-6 pb-0\">\n<div class=\"form-group\">\n<div class=\"label\">Fecha de llegada *<\/div>\n<p>        \t\t<span class=\"wpcf7-form-control-wrap\" data-name=\"date-of-arrival\"><input type=\"date\" name=\"date-of-arrival\" value=\"\" class=\"wpcf7-form-control wpcf7-date wpcf7-validates-as-required wpcf7-validates-as-date\" aria-required=\"true\" aria-invalid=\"false\" placeholder=\"mm \/ dd \/ yyyy\" \/><\/span><br \/>\n                        <span class=\"wpcf7-form-control-wrap\" data-name=\"date-flexible\"><span class=\"wpcf7-form-control wpcf7-checkbox\"><span class=\"wpcf7-list-item first last\"><label><input type=\"checkbox\" name=\"date-flexible[]\" value=\"Soy flexible con las fechas\" \/><span class=\"wpcf7-list-item-label\">Soy flexible con las fechas<\/span><\/label><\/span><\/span><\/span>\n        \t<\/p><\/div>\n<\/div>\n<\/div>\n<div class=\"form-group\">\n<div class=\"label\">Tipo del hotel *<\/div>\n<div class=\"row\">\n<div class=\"col medium-4 small-12 large-4 pb-0\">\n\t    \t\t<span class=\"wpcf7-form-control-wrap\" data-name=\"hotel-luxury\"><span class=\"wpcf7-form-control wpcf7-checkbox\"><span class=\"wpcf7-list-item first last\"><label><input type=\"checkbox\" name=\"hotel-luxury[]\" value=\"Hotel de lujo (5 estrellas y m\u00e1s)\" \/><span class=\"wpcf7-list-item-label\">Hotel de lujo (5 estrellas y m\u00e1s)<\/span><\/label><\/span><\/span><\/span><\/p>\n<div class=\"small note\">$200 +++ \/ habitaci\u00f3n \/ noche<\/div>\n<\/div>\n<div class=\"col medium-4 small-12 large-4 pb-0\">\n\t    \t\t<span class=\"wpcf7-form-control-wrap\" data-name=\"hotel-handpicked\"><span class=\"wpcf7-form-control wpcf7-checkbox\"><span class=\"wpcf7-list-item first last\"><label><input type=\"checkbox\" name=\"hotel-handpicked[]\" value=\"Hotel de 4 estrellas\" \/><span class=\"wpcf7-list-item-label\">Hotel de 4 estrellas<\/span><\/label><\/span><\/span><\/span><\/p>\n<div class=\"small note\">Desde $80-$190 \/ habitaci\u00f3n \/ noche<\/div>\n<\/div>\n<div class=\"col medium-4 small-12 large-4 pb-0\">\n\t    \t\t<span class=\"wpcf7-form-control-wrap\" data-name=\"hotel-standard\"><span class=\"wpcf7-form-control wpcf7-checkbox\"><span class=\"wpcf7-list-item first last\"><label><input type=\"checkbox\" name=\"hotel-standard[]\" value=\"Hotel de 3 estrellas\" \/><span class=\"wpcf7-list-item-label\">Hotel de 3 estrellas<\/span><\/label><\/span><\/span><\/span><\/p>\n<div class=\"small note\">Desde $40-$70 \/ habitaci\u00f3n \/ noche<\/div>\n<\/div>\n<\/div>\n<\/div>\n<div class=\"form-group\">\n<div class=\"label fz15\">Cu\u00e9ntenos m\u00e1s para ayudarnos a armar su viaje ideal (intereses, presupuesto por persona\u2026) *<\/div>\n<p>    \t<span class=\"wpcf7-form-control-wrap\" data-name=\"customer-message\"><textarea name=\"customer-message\" cols=\"40\" rows=\"10\" class=\"wpcf7-form-control wpcf7-textarea wpcf7-validates-as-required\" aria-required=\"true\" aria-invalid=\"false\"><\/textarea><\/span>\n    <\/p><\/div>\n<hr>\n<h3>Sus detalles<\/h3>\n<div class=\"row\">\n<div class=\"col medium-4 small-12 large-4 pb-0\">\n<div class=\"form-group\">\n<div class=\"label\">T\u00edtulo *<\/div>\n<p>                <span class=\"wpcf7-form-control-wrap\" data-name=\"customer-title\"><span class=\"wpcf7-form-control wpcf7-radio\"><span class=\"wpcf7-list-item first\"><label><input type=\"radio\" name=\"customer-title\" value=\"Sr\" checked=\"checked\" \/><span class=\"wpcf7-list-item-label\">Sr<\/span><\/label><\/span><span class=\"wpcf7-list-item\"><label><input type=\"radio\" name=\"customer-title\" value=\"Sra\" \/><span class=\"wpcf7-list-item-label\">Sra<\/span><\/label><\/span><span class=\"wpcf7-list-item last\"><label><input type=\"radio\" name=\"customer-title\" value=\"Srta\" \/><span class=\"wpcf7-list-item-label\">Srta<\/span><\/label><\/span><\/span><\/span>\n            <\/p><\/div>\n<\/div>\n<div class=\"col medium-4 small-12 large-4 pb-0\">\n<div class=\"form-group\">\n<div class=\"label\">Nombre<\/div>\n<p>                <span class=\"wpcf7-form-control-wrap\" data-name=\"customer-first-name\"><input type=\"text\" name=\"customer-first-name\" value=\"\" size=\"40\" class=\"wpcf7-form-control wpcf7-text wpcf7-validates-as-required\" aria-required=\"true\" aria-invalid=\"false\" \/><\/span>\n            <\/p><\/div>\n<\/div>\n<div class=\"col medium-4 small-12 large-4 pb-0\">\n<div class=\"form-group\">\n<div class=\"label\">Apellidos<\/div>\n<p>                <span class=\"wpcf7-form-control-wrap\" data-name=\"customer-last-name\"><input type=\"text\" name=\"customer-last-name\" value=\"\" size=\"40\" class=\"wpcf7-form-control wpcf7-text wpcf7-validates-as-required\" aria-required=\"true\" aria-invalid=\"false\" \/><\/span>\n            <\/p><\/div>\n<\/div>\n<\/div>\n<div class=\"row\">\n<div class=\"col medium-6 small-12 large-6 pb-0\">\n<div class=\"form-group\">\n<div class=\"label\">Correo electr\u00f3nico *<\/div>\n<p>            \t<span class=\"wpcf7-form-control-wrap\" data-name=\"customer-email\"><input type=\"email\" name=\"customer-email\" value=\"\" size=\"40\" class=\"wpcf7-form-control wpcf7-text wpcf7-email wpcf7-validates-as-required wpcf7-validates-as-email\" aria-required=\"true\" aria-invalid=\"false\" placeholder=\"Email address\" \/><\/span>\n            <\/p><\/div>\n<\/div>\n<div class=\"col medium-6 small-12 large-6 pb-0\">\n<div class=\"form-group\">\n<div class=\"label\">Tel\u00e9fono *<\/div>\n<p>            \t        <span class=\"wpcf7-form-control-wrap\" data-name=\"customer-phone\"><input type=\"tel\" name=\"customer-phone\" value=\"\" size=\"40\" class=\"wpcf7-form-control wpcf7-text wpcf7-tel wpcf7-validates-as-required wpcf7-validates-as-tel\" aria-required=\"true\" aria-invalid=\"false\" \/><\/span>\n        \t<\/p><\/div>\n<\/div>\n<\/div>\n<hr>\n<div class=\"form-group\">\n<input type=\"hidden\" name=\"tourid\" value=\"\" class=\"wpcf7-form-control wpcf7-hidden\" \/>\n<p><span class=\"wpcf7-form-control-wrap tourname\"><input type=\"hidden\" name=\"tourname\" value=\"\" class=\"wpcf7-form-control wpcf7dtx-dynamictext wpcf7-dynamichidden\" size=\"40\" aria-invalid=\"false\" \/><\/span><input type=\"submit\" value=\"ENVIAR\" class=\"wpcf7-form-control has-spinner wpcf7-submit btn-send\" \/>\n    <\/p><\/div>\n<div class=\"small\">*Respetamos su privacidad y no toleramos el spam.<\/div>\n<div class=\"small\">Nunca venderemos, alquilaremos o arrendaremos su informaci\u00f3n (nombre, n\u00famero de tel\u00e9fono, correo electr\u00f3nico, etc.) a terceros bajo ninguna circunstancia.<\/div>\n<\/div>\n<style scope=\"scope\">\n\t.plan-form{\n\t\tpadding: 30px;\t\t\n                background:rgba(255,255,255,0.96);\n                border-radius:3px;\n\t}\n        .plan-form h3{\n\t\tcolor:#C71F2C;\n                line-height:24px;\n                border-left:1px solid #C71F2C;\n                padding-left:14px;\n                margin-bottom:20px;\n\t}\n\t.plan-form .form-group {\n\t\tmargin-bottom: 20px;\n\t}\n        .plan-form .label {\t\t\n                margin-bottom:5px;\n                display:block;\n                color:#555;\n\t}\n        .plan-form .small{\n\t\tfont-size:12px;\n                color:#666;\n\t}\n        .plan-form .small.note{\t\t\n                color:#C71F2C80;\n                margin-top:5px;\n\t}\n        .plan-form .wpcf7-form-control{                \n                box-shadow:none;                \n                margin:0;<\/p>\n<p>        }\n.plan-form .btn-send{\nbackground-color:#C71F2C !important;\npadding-left:30px;\npadding-right:30px;\nborder-radius:30px;\n}\n.plan-form textarea.wpcf7-form-control{\nbackground:rgba(0,0,0,0.05);\npadding:15px;\n}\n.plan-form label{\nmargin-bottom:0;\n}\n.plan-form .fz15 {\n  font-size:120%;\n  font-weight:bold;\n  color:#333;\n}\n.plan-form input[type=\"checkbox\"], .plan-form input[type=\"radio\"]{\nmargin-bottom:0;\ntransform: scale(1.5);\nbackface-visibility: hidden;\n}\n.plan-form hr{\n border-top-color:#ccc;\n}\n<\/style>\n<p style=\"display: none !important;\" class=\"akismet-fields-container\" data-prefix=\"_wpcf7_ak_\"><label>&#916;<textarea name=\"_wpcf7_ak_hp_textarea\" cols=\"45\" rows=\"8\" maxlength=\"100\"><\/textarea><\/label><input type=\"hidden\" id=\"ak_js_1\" name=\"_wpcf7_ak_js\" value=\"123\"\/><script>document.getElementById( \"ak_js_1\" ).setAttribute( \"value\", ( new Date() ).getTime() );<\/script><\/p><div class=\"wpcf7-response-output\" aria-hidden=\"true\"><\/div><\/form><\/div>\n\t\t<\/div>\n\t\t\t\t\t<\/div>\n\n\t\n<\/div>\n\t\t<\/div>\n\n\t\t\n<style>\n#section_906749576 {\n  padding-top: 30px;\n  padding-bottom: 30px;\n}\n#section_906749576 .section-bg-overlay {\n  background-color: rgba(0, 0, 0, 0.5);\n}\n#section_906749576 .section-bg.bg-loaded {\n  background-image: url(https:\/\/www.asiadreamtours.com\/wp-content\/uploads\/2019\/05\/webp_net_resizeimage.jpg);\n}\n#section_906749576 .ux-shape-divider--top svg {\n  height: 150px;\n  --divider-top-width: 100%;\n}\n#section_906749576 .ux-shape-divider--bottom svg {\n  height: 150px;\n  --divider-width: 100%;\n}\n<\/style>\n\t<\/section>\n\t\n","protected":false},"excerpt":{"rendered":"","protected":false},"author":1,"featured_media":0,"parent":0,"menu_order":0,"comment_status":"closed","ping_status":"closed","template":"page-transparent-header.php","meta":[],"acf":[],"yoast_head":"<!-- This site is optimized with the Yoast SEO plugin v18.5.1 - https:\/\/yoast.com\/wordpress\/plugins\/seo\/ -->\n<title>Planifique su viaje - Asia Dream Tours<\/title>\n<meta name=\"description\" content=\"D\u00edganos sobre su plan de viaje...\" \/>\n<meta name=\"robots\" content=\"index, follow, max-snippet:-1, max-image-preview:large, max-video-preview:-1\" \/>\n<link rel=\"canonical\" href=\"https:\/\/www.asiadreamtours.com\/es\/planifique-su-viaje\/\" \/>\n<meta property=\"og:locale\" content=\"es_ES\" \/>\n<meta property=\"og:type\" content=\"article\" \/>\n<meta property=\"og:title\" content=\"Planifique su viaje - Asia Dream Tours\" \/>\n<meta property=\"og:description\" content=\"D\u00edganos sobre su plan de viaje...\" \/>\n<meta property=\"og:url\" content=\"https:\/\/www.asiadreamtours.com\/es\/planifique-su-viaje\/\" \/>\n<meta property=\"og:site_name\" content=\"Asia Dream Tours\" \/>\n<meta property=\"article:modified_time\" content=\"2019-07-11T08:43:42+00:00\" \/>\n<meta name=\"twitter:card\" content=\"summary_large_image\" \/>\n<script type=\"application\/ld+json\" class=\"yoast-schema-graph\">{\"@context\":\"https:\/\/schema.org\",\"@graph\":[{\"@type\":\"WebSite\",\"@id\":\"https:\/\/www.asiadreamtours.com\/es\/#website\",\"url\":\"https:\/\/www.asiadreamtours.com\/es\/\",\"name\":\"Asia Dream Tours\",\"description\":\"Travel Agency\",\"potentialAction\":[{\"@type\":\"SearchAction\",\"target\":{\"@type\":\"EntryPoint\",\"urlTemplate\":\"https:\/\/www.asiadreamtours.com\/es\/?s={search_term_string}\"},\"query-input\":\"required name=search_term_string\"}],\"inLanguage\":\"es\"},{\"@type\":\"WebPage\",\"@id\":\"https:\/\/www.asiadreamtours.com\/es\/planifique-su-viaje\/#webpage\",\"url\":\"https:\/\/www.asiadreamtours.com\/es\/planifique-su-viaje\/\",\"name\":\"Planifique su viaje - Asia Dream Tours\",\"isPartOf\":{\"@id\":\"https:\/\/www.asiadreamtours.com\/es\/#website\"},\"datePublished\":\"2019-05-22T13:21:13+00:00\",\"dateModified\":\"2019-07-11T08:43:42+00:00\",\"description\":\"D\u00edganos sobre su plan de viaje...\",\"breadcrumb\":{\"@id\":\"https:\/\/www.asiadreamtours.com\/es\/planifique-su-viaje\/#breadcrumb\"},\"inLanguage\":\"es\",\"potentialAction\":[{\"@type\":\"ReadAction\",\"target\":[\"https:\/\/www.asiadreamtours.com\/es\/planifique-su-viaje\/\"]}]},{\"@type\":\"BreadcrumbList\",\"@id\":\"https:\/\/www.asiadreamtours.com\/es\/planifique-su-viaje\/#breadcrumb\",\"itemListElement\":[{\"@type\":\"ListItem\",\"position\":1,\"name\":\"Home\",\"item\":\"https:\/\/www.asiadreamtours.com\/es\/\"},{\"@type\":\"ListItem\",\"position\":2,\"name\":\"Planifique su viaje\"}]}]}<\/script>\n<!-- \/ Yoast SEO plugin. -->","yoast_head_json":{"title":"Planifique su viaje - Asia Dream Tours","description":"D\u00edganos sobre su plan de viaje...","robots":{"index":"index","follow":"follow","max-snippet":"max-snippet:-1","max-image-preview":"max-image-preview:large","max-video-preview":"max-video-preview:-1"},"canonical":"https:\/\/www.asiadreamtours.com\/es\/planifique-su-viaje\/","og_locale":"es_ES","og_type":"article","og_title":"Planifique su viaje - Asia Dream Tours","og_description":"D\u00edganos sobre su plan de viaje...","og_url":"https:\/\/www.asiadreamtours.com\/es\/planifique-su-viaje\/","og_site_name":"Asia Dream Tours","article_modified_time":"2019-07-11T08:43:42+00:00","twitter_card":"summary_large_image","schema":{"@context":"https:\/\/schema.org","@graph":[{"@type":"WebSite","@id":"https:\/\/www.asiadreamtours.com\/es\/#website","url":"https:\/\/www.asiadreamtours.com\/es\/","name":"Asia Dream Tours","description":"Travel Agency","potentialAction":[{"@type":"SearchAction","target":{"@type":"EntryPoint","urlTemplate":"https:\/\/www.asiadreamtours.com\/es\/?s={search_term_string}"},"query-input":"required name=search_term_string"}],"inLanguage":"es"},{"@type":"WebPage","@id":"https:\/\/www.asiadreamtours.com\/es\/planifique-su-viaje\/#webpage","url":"https:\/\/www.asiadreamtours.com\/es\/planifique-su-viaje\/","name":"Planifique su viaje - Asia Dream Tours","isPartOf":{"@id":"https:\/\/www.asiadreamtours.com\/es\/#website"},"datePublished":"2019-05-22T13:21:13+00:00","dateModified":"2019-07-11T08:43:42+00:00","description":"D\u00edganos sobre su plan de viaje...","breadcrumb":{"@id":"https:\/\/www.asiadreamtours.com\/es\/planifique-su-viaje\/#breadcrumb"},"inLanguage":"es","potentialAction":[{"@type":"ReadAction","target":["https:\/\/www.asiadreamtours.com\/es\/planifique-su-viaje\/"]}]},{"@type":"BreadcrumbList","@id":"https:\/\/www.asiadreamtours.com\/es\/planifique-su-viaje\/#breadcrumb","itemListElement":[{"@type":"ListItem","position":1,"name":"Home","item":"https:\/\/www.asiadreamtours.com\/es\/"},{"@type":"ListItem","position":2,"name":"Planifique su viaje"}]}]}},"_links":{"self":[{"href":"https:\/\/www.asiadreamtours.com\/es\/wp-json\/wp\/v2\/pages\/5210"}],"collection":[{"href":"https:\/\/www.asiadreamtours.com\/es\/wp-json\/wp\/v2\/pages"}],"about":[{"href":"https:\/\/www.asiadreamtours.com\/es\/wp-json\/wp\/v2\/types\/page"}],"author":[{"embeddable":true,"href":"https:\/\/www.asiadreamtours.com\/es\/wp-json\/wp\/v2\/users\/1"}],"replies":[{"embeddable":true,"href":"https:\/\/www.asiadreamtours.com\/es\/wp-json\/wp\/v2\/comments?post=5210"}],"version-history":[{"count":2,"href":"https:\/\/www.asiadreamtours.com\/es\/wp-json\/wp\/v2\/pages\/5210\/revisions"}],"predecessor-version":[{"id":5359,"href":"https:\/\/www.asiadreamtours.com\/es\/wp-json\/wp\/v2\/pages\/5210\/revisions\/5359"}],"wp:attachment":[{"href":"https:\/\/www.asiadreamtours.com\/es\/wp-json\/wp\/v2\/media?parent=5210"}],"curies":[{"name":"wp","href":"https:\/\/api.w.org\/{rel}","templated":true}]}}