{"id":5216,"date":"2019-05-22T13:29:18","date_gmt":"2019-05-22T13:29:18","guid":{"rendered":"http:\/\/gachdaudong.com\/asiadreamtours\/?page_id=5216"},"modified":"2019-07-19T12:42:49","modified_gmt":"2019-07-19T05:42:49","slug":"guia-de-viaje-avietnam","status":"publish","type":"page","link":"https:\/\/www.asiadreamtours.com\/es\/guia-de-viaje\/guia-de-viaje-avietnam\/","title":{"rendered":"Gu\u00eda de viaje a Vietnam"},"content":{"rendered":"\t<section class=\"section dark\" id=\"section_607121817\">\n\t\t<div class=\"bg section-bg fill bg-fill  \" >\n\n\t\t\t\n\t\t\t\n\t\t\t\n\n\t\t<\/div>\n\n\t\t\n\n\t\t<div class=\"section-content relative\">\n\t\t\t\n  <div id=\"page-header-990108504\" class=\"page-header-wrapper\">\n  <div class=\"page-title dark simple-title\">\n\n    \n    <div class=\"page-title-inner container align-center flex-row medium-flex-wrap\" >\n              <div class=\"title-wrapper flex-col text-left medium-text-center\">\n          <h1 class=\"entry-title mb-0\">\n            Gu\u00eda de viaje a Vietnam          <\/h1>\n        <\/div>\n                    <div class=\"title-content flex-col flex-right text-right medium-text-center\">\n        <div class=\"title-breadcrumbs pb-half pt-half\"><\/div>      <\/div>\n    <\/div>\n\n       <\/div>\n    <\/div>\n  \n\t\t<\/div>\n\n\t\t\n<style>\n#section_607121817 {\n  padding-top: 160px;\n  padding-bottom: 160px;\n}\n#section_607121817 .section-bg.bg-loaded {\n  background-image: url(https:\/\/www.asiadreamtours.com\/wp-content\/uploads\/2019\/07\/mekongdelta123.jpg);\n}\n#section_607121817 .ux-shape-divider--top svg {\n  height: 150px;\n  --divider-top-width: 100%;\n}\n#section_607121817 .ux-shape-divider--bottom svg {\n  height: 150px;\n  --divider-width: 100%;\n}\n<\/style>\n\t<\/section>\n\t\n\t<section class=\"section section-guide\" id=\"section_1856138600\">\n\t\t<div class=\"bg section-bg fill bg-fill  bg-loaded\" >\n\n\t\t\t\n\t\t\t\n\t\t\t\n\n\t\t<\/div>\n\n\t\t\n\n\t\t<div class=\"section-content relative\">\n\t\t\t\n<div class=\"row\"  id=\"row-1125933417\">\n\n\t<div id=\"col-1497799758\" class=\"col small-12 large-12\"  >\n\t\t\t\t<div class=\"col-inner\"  >\n\t\t\t\n\t\t\t\n<p>Vietnam, un pa\u00eds estrecho y alargado en forma de \u201cS\u201d ocupa las costas orientales de la pen\u00ednsula de Indochina en el golfo de Tonk\u00edn. Tiene frontera con China, Laos y Camboya. Vietnam est\u00e1 bien situado para diferentes intereses de viaje. El pa\u00eds se divide generalmente en tres \u00e1reas principales, el norte, el centro y el sur.<\/p>\n<p>Para llegar a Vietnam, Vietnam Airlines vuela con una escala europea desde Espa\u00f1a a Han\u00f3i y Ciudad Ho Chi Minh. Thai Airways, Emirates y Qatar Airways tambi\u00e9n ofrecen una buena operativa, v\u00eda Bangkok y Doha respectivamente, y brindan mejor servicio. La duraci\u00f3n del vuelo es de unas catorce horas.<\/p>\n<p><strong><em>Poblaci\u00f3n vietnamita:<\/em><\/strong>\u00a093.7 millones, repartidos en 54 grupos \u00e9tnicos<\/p>\n<p><strong><em>Capital de Vietnam:<\/em><\/strong>\u00a0Han\u00f3i<\/p>\n<p><strong><em>Idioma:<\/em><\/strong>\u00a0Vietnamita<\/p>\n<p><strong><em>Moneda:<\/em><\/strong>\u00a0Dong o Vietnam Dong (VND). Los billetes se identifican bastante f\u00e1cil por los colores, y encuentran en denominaciones de 500, 1000, 2000, 5000, 10.000, 20.000, 50.000, 100.000 y 500.000 dong.\u00a0Se puede pagar con tarjetas de cr\u00e9dito extranjeras en la mayor\u00eda de los grandes restaurantes y tiendas con una comisi\u00f3n ~ 3%.<\/p>\n<p><strong><em>Hora:<\/em><\/strong>\u00a0GMT+7 o sea Madrid + 5 en verano y Madrid + 6 en invierno<\/p>\n<p><strong><em>Prefijo telef\u00f3nico internacional:<\/em><\/strong> +84 (llamando desde el extranjero se omite el \u201c0\u201d que aparece primero en los n\u00famero locales) por ejemplo, nuestra l\u00ednea directa +84984368606<\/p>\n<p><strong><u>VISADO A VIETNAM:<\/u><\/strong><\/p>\n<p>Los espa\u00f1oles siguen disfrutando, hasta el 30 de junio de 2021, de la exenci\u00f3n de visado para estancias de hasta 15 d\u00edas y una sola entrada. Los requisitos para acogerse a dicho programa son los siguientes:<\/p>\n<p>\u2013 Pasaporte con validez m\u00ednima de 6 meses desde el momento de entrada en el pa\u00eds, el pasaporte dispone de m\u00e1s de dos p\u00e1ginas completas en blanco.<\/p>\n<p>\u2013 Realizaci\u00f3n de una sola entrada.<\/p>\n<p>\u2013 Intervalo de al menos 30 d\u00edas desde la \u00faltima salida de Vietnam para poder volver a entrar en el pa\u00eds con la exenci\u00f3n de visados.<\/p>\n<p>\u2013 No estar incluido en la lista de prohibici\u00f3n de entrada temporal a Vietnam.<\/p>\n<p>Si no cumple estas condiciones m\u00ednimas o son de otros pa\u00edses deber\u00e1n tramitar un visado para entrar en Vietnam y la manera m\u00e1s f\u00e1cil de conseguir su visado es a trav\u00e9s de una agencia de viajes vietnamita con licencia, como Asia Dream Tours. Nuestro servicio le puede ayudar a solicitar a la Oficina de Inmigraci\u00f3n la carta de aprobaci\u00f3n de visado a la llegada, una vez tenga una carta la aprobaci\u00f3n en sus manos, podr\u00e1 obtener su sello de visado en el aeropuerto internacional en Vietnam en el momento de su llegada. Normalmente para ciudadanos de Espa\u00f1a, Argentina, Per\u00fa, M\u00e9xico\u2026 son 25$ por persona por entrada \u00fanica y 50$ por persona por entrada m\u00faltiple.<\/p>\n<p><strong><u>CLIMA \/ CU\u00c1NDO IR:<\/u><\/strong><\/p>\n<p>Situada en la zona de los vientos monz\u00f3nicos tiene, a grandes rasgos, un clima tropical con altas temperaturas y precipitaciones abundantes. Con su forma extendida y una costa larga de m\u00e1s de 3000 km, el clima vietnamita es muy variado desde el norte, hasta el centro y el sur.<\/p>\n<p><strong>Norte:<\/strong>\u00a0el verano se extiende de mayo a octubre, con altas temperaturas, mucha humedad y fuertes chaparrones; el invierno, de diciembre a marzo, registra temperaturas de entre 10\u00baC a 15\u00baC.<\/p>\n<p><strong>Centro:<\/strong>\u00a0el \u00e1rea litoral de Nha Trang disfruta de buen tiempo y sol todo el a\u00f1o, excepto en noviembre y diciembre en que se registran fuertes lluvias. Hay que tener en cuenta que la zona entre Hue, Hoi An y Da Nang hace calor y humedad con algunas precipitaciones que duran unos 10 minutos a veces puede sufrir tifones.<\/p>\n<p><strong>Sur:<\/strong>\u00a0siempre caluroso, registra lluvias cortas pero intensas entre mayo y octubre; tiempo seco, soleado y con mucha humedad de noviembre a abril.<\/p>\n<p><em>En general, realmente no hay mal momento para visitar Vietnam todo depende de sus preferencias sobre viajar con un clima m\u00e1s fr\u00edo o m\u00e1s c\u00e1lido. Para nosotros, la mejor fecha es aquella en la que encuentre un vuelo a buen precio y le coincida con sus d\u00edas de vacaciones.<\/em><\/p>\n<p><strong><u>ROPA PARA SU VIAJE A VIETNAM<\/u><\/strong><\/p>\n<p>Aconsejamos que lleve una ropa ligera, c\u00f3moda y que se lave f\u00e1cilmente.<br \/>\nPuede hacer bastante fr\u00edo en Han\u00f3i durante el invierno, as\u00ed como en el centro durante la temporada de las lluvias. Por ello, llevar una chaqueta podr\u00eda ser una buena idea. Se recomienda tambi\u00e9n llevar zapatos para caminar y sandalias que se quitan f\u00e1cilmente, especialmente para visitar los templos y las casas privadas. Se recomienda llevar gafas de sol, protector solar y un repelente de mosquitos.<\/p>\n<p><strong><u>PROPINAS <\/u><\/strong><\/p>\n<p>Si usted est\u00e1 satisfecho con los servicios prestados por el gu\u00eda y el conductor, entonces una propina por su trabajo y por estar lejos de casa durante largos per\u00edodos ser\u00e1 muy apreciada. Una peque\u00f1a propina ser\u00e1 muy apreciada en hoteles y restaurantes, as\u00ed como para los gu\u00edas tur\u00edsticos.<\/p>\n<p><strong><u>CORRIENTE EL\u00c9CTRICA <\/u><\/strong><\/p>\n<p>La corriente el\u00e9ctrica en Vietnam es de 220 voltios. Por tanto, no necesitar\u00e1 ning\u00fan regulador de tensi\u00f3n para conectar a la red el\u00e9ctrica vietnamita y sus aparatos el\u00e9ctricos funcionar\u00e1n con normalidad.<\/p>\n<p><strong><u>VACUNA<\/u><\/strong><\/p>\n<p>No hay ninguna vacuna obligatoria para entrar a Vietnam. Por precauci\u00f3n la Organizaci\u00f3n Mundial de la Salud recomienda para viajar a todo el sudeste asi\u00e1tico las vacunas de: hepatitis A, hepatitis B, t\u00e9tanos, rubeola, sarampi\u00f3n, paperas, difteria y fiebre tifoidea.<\/p>\n<p><strong><u>EXPERENCIAS INOLVIDABLES EN VIETNAM:<\/u><\/strong><\/p>\n<ul>\n<li>Recorra Han\u00f3i y aprenda de la riqueza hist\u00f3rica y cultural de Vietnam<\/li>\n<li>Insp\u00edrese con los atardeceres m\u00e1gicos en la Bah\u00eda de Ha Long<\/li>\n<li>Descubra Vietnam con los paradisiacos terrenos que ofrece Sapa<\/li>\n<li>Disfrute de los paradisiacos terrenos de Ninh Binh<\/li>\n<li>Entre en contacto con familias locales y aprenda de la cultura vietnamita en Mai Chau<\/li>\n<li>Disfrute la maravilla con la ciudadela imperial de Hue<\/li>\n<li>Camine por las calles sin rumbo de la antigua ciudad de Hoian<\/li>\n<li>Vibre con las congestionadas calles de la gran Ho Chi Minh<\/li>\n<li>Recorra los ingeniosos t\u00faneles Cu Chi, creados en la guerra<\/li>\n<li>Conozca al detalle todas las maravillas que tiene para ofrecer el Mekong<\/li>\n<\/ul>\n<div class=\"is-divider divider clearfix\" style=\"max-width:100%;height:1px;\"><\/div>\n<div><\/div>\n\t\t<\/div>\n\t\t\t\t\t<\/div>\n\n\t\n<\/div>\n\t\t<\/div>\n\n\t\t\n<style>\n#section_1856138600 {\n  padding-top: 60px;\n  padding-bottom: 60px;\n}\n#section_1856138600 .ux-shape-divider--top svg {\n  height: 150px;\n  --divider-top-width: 100%;\n}\n#section_1856138600 .ux-shape-divider--bottom svg {\n  height: 150px;\n  --divider-width: 100%;\n}\n<\/style>\n\t<\/section>\n\t\n","protected":false},"excerpt":{"rendered":"","protected":false},"author":1,"featured_media":0,"parent":5214,"menu_order":0,"comment_status":"closed","ping_status":"closed","template":"page-transparent-header.php","meta":[],"acf":[],"yoast_head":"<!-- This site is optimized with the Yoast SEO plugin v18.5.1 - https:\/\/yoast.com\/wordpress\/plugins\/seo\/ -->\n<title>Gu\u00eda de viaje a Vietnam - Asia Dream Tours<\/title>\n<meta name=\"description\" content=\"Recorra Han\u00f3i y aprenda de la riqueza hist\u00f3rica y cultural de Vietnam. Insp\u00edrese con los atardeceres m\u00e1gicos en la Bah\u00eda de Ha Long. Descubra Vietnam con los paradisiacos terrenos que ofrece Sapa...\" \/>\n<meta name=\"robots\" content=\"index, follow, max-snippet:-1, max-image-preview:large, max-video-preview:-1\" \/>\n<link rel=\"canonical\" href=\"https:\/\/www.asiadreamtours.com\/es\/guia-de-viaje\/guia-de-viaje-avietnam\/\" \/>\n<meta property=\"og:locale\" content=\"es_ES\" \/>\n<meta property=\"og:type\" content=\"article\" \/>\n<meta property=\"og:title\" content=\"Gu\u00eda de viaje a Vietnam - Asia Dream Tours\" \/>\n<meta property=\"og:description\" content=\"Recorra Han\u00f3i y aprenda de la riqueza hist\u00f3rica y cultural de Vietnam. Insp\u00edrese con los atardeceres m\u00e1gicos en la Bah\u00eda de Ha Long. Descubra Vietnam con los paradisiacos terrenos que ofrece Sapa...\" \/>\n<meta property=\"og:url\" content=\"https:\/\/www.asiadreamtours.com\/es\/guia-de-viaje\/guia-de-viaje-avietnam\/\" \/>\n<meta property=\"og:site_name\" content=\"Asia Dream Tours\" \/>\n<meta property=\"article:modified_time\" content=\"2019-07-19T05:42:49+00:00\" \/>\n<meta name=\"twitter:card\" content=\"summary_large_image\" \/>\n<meta name=\"twitter:label1\" content=\"Tiempo de lectura\" \/>\n\t<meta name=\"twitter:data1\" content=\"5 minutos\" \/>\n<script type=\"application\/ld+json\" class=\"yoast-schema-graph\">{\"@context\":\"https:\/\/schema.org\",\"@graph\":[{\"@type\":\"WebSite\",\"@id\":\"https:\/\/www.asiadreamtours.com\/es\/#website\",\"url\":\"https:\/\/www.asiadreamtours.com\/es\/\",\"name\":\"Asia Dream Tours\",\"description\":\"Travel Agency\",\"potentialAction\":[{\"@type\":\"SearchAction\",\"target\":{\"@type\":\"EntryPoint\",\"urlTemplate\":\"https:\/\/www.asiadreamtours.com\/es\/?s={search_term_string}\"},\"query-input\":\"required name=search_term_string\"}],\"inLanguage\":\"es\"},{\"@type\":\"WebPage\",\"@id\":\"https:\/\/www.asiadreamtours.com\/es\/guia-de-viaje\/guia-de-viaje-avietnam\/#webpage\",\"url\":\"https:\/\/www.asiadreamtours.com\/es\/guia-de-viaje\/guia-de-viaje-avietnam\/\",\"name\":\"Gu\u00eda de viaje a Vietnam - Asia Dream Tours\",\"isPartOf\":{\"@id\":\"https:\/\/www.asiadreamtours.com\/es\/#website\"},\"datePublished\":\"2019-05-22T13:29:18+00:00\",\"dateModified\":\"2019-07-19T05:42:49+00:00\",\"description\":\"Recorra Han\u00f3i y aprenda de la riqueza hist\u00f3rica y cultural de Vietnam. Insp\u00edrese con los atardeceres m\u00e1gicos en la Bah\u00eda de Ha Long. Descubra Vietnam con los paradisiacos terrenos que ofrece Sapa...\",\"breadcrumb\":{\"@id\":\"https:\/\/www.asiadreamtours.com\/es\/guia-de-viaje\/guia-de-viaje-avietnam\/#breadcrumb\"},\"inLanguage\":\"es\",\"potentialAction\":[{\"@type\":\"ReadAction\",\"target\":[\"https:\/\/www.asiadreamtours.com\/es\/guia-de-viaje\/guia-de-viaje-avietnam\/\"]}]},{\"@type\":\"BreadcrumbList\",\"@id\":\"https:\/\/www.asiadreamtours.com\/es\/guia-de-viaje\/guia-de-viaje-avietnam\/#breadcrumb\",\"itemListElement\":[{\"@type\":\"ListItem\",\"position\":1,\"name\":\"Home\",\"item\":\"https:\/\/www.asiadreamtours.com\/es\/\"},{\"@type\":\"ListItem\",\"position\":2,\"name\":\"Guia de viaje\",\"item\":\"https:\/\/www.asiadreamtours.com\/es\/guia-de-viaje\/\"},{\"@type\":\"ListItem\",\"position\":3,\"name\":\"Gu\u00eda de viaje a Vietnam\"}]}]}<\/script>\n<!-- \/ Yoast SEO plugin. -->","yoast_head_json":{"title":"Gu\u00eda de viaje a Vietnam - Asia Dream Tours","description":"Recorra Han\u00f3i y aprenda de la riqueza hist\u00f3rica y cultural de Vietnam. Insp\u00edrese con los atardeceres m\u00e1gicos en la Bah\u00eda de Ha Long. Descubra Vietnam con los paradisiacos terrenos que ofrece Sapa...","robots":{"index":"index","follow":"follow","max-snippet":"max-snippet:-1","max-image-preview":"max-image-preview:large","max-video-preview":"max-video-preview:-1"},"canonical":"https:\/\/www.asiadreamtours.com\/es\/guia-de-viaje\/guia-de-viaje-avietnam\/","og_locale":"es_ES","og_type":"article","og_title":"Gu\u00eda de viaje a Vietnam - Asia Dream Tours","og_description":"Recorra Han\u00f3i y aprenda de la riqueza hist\u00f3rica y cultural de Vietnam. Insp\u00edrese con los atardeceres m\u00e1gicos en la Bah\u00eda de Ha Long. Descubra Vietnam con los paradisiacos terrenos que ofrece Sapa...","og_url":"https:\/\/www.asiadreamtours.com\/es\/guia-de-viaje\/guia-de-viaje-avietnam\/","og_site_name":"Asia Dream Tours","article_modified_time":"2019-07-19T05:42:49+00:00","twitter_card":"summary_large_image","twitter_misc":{"Tiempo de lectura":"5 minutos"},"schema":{"@context":"https:\/\/schema.org","@graph":[{"@type":"WebSite","@id":"https:\/\/www.asiadreamtours.com\/es\/#website","url":"https:\/\/www.asiadreamtours.com\/es\/","name":"Asia Dream Tours","description":"Travel Agency","potentialAction":[{"@type":"SearchAction","target":{"@type":"EntryPoint","urlTemplate":"https:\/\/www.asiadreamtours.com\/es\/?s={search_term_string}"},"query-input":"required name=search_term_string"}],"inLanguage":"es"},{"@type":"WebPage","@id":"https:\/\/www.asiadreamtours.com\/es\/guia-de-viaje\/guia-de-viaje-avietnam\/#webpage","url":"https:\/\/www.asiadreamtours.com\/es\/guia-de-viaje\/guia-de-viaje-avietnam\/","name":"Gu\u00eda de viaje a Vietnam - Asia Dream Tours","isPartOf":{"@id":"https:\/\/www.asiadreamtours.com\/es\/#website"},"datePublished":"2019-05-22T13:29:18+00:00","dateModified":"2019-07-19T05:42:49+00:00","description":"Recorra Han\u00f3i y aprenda de la riqueza hist\u00f3rica y cultural de Vietnam. Insp\u00edrese con los atardeceres m\u00e1gicos en la Bah\u00eda de Ha Long. Descubra Vietnam con los paradisiacos terrenos que ofrece Sapa...","breadcrumb":{"@id":"https:\/\/www.asiadreamtours.com\/es\/guia-de-viaje\/guia-de-viaje-avietnam\/#breadcrumb"},"inLanguage":"es","potentialAction":[{"@type":"ReadAction","target":["https:\/\/www.asiadreamtours.com\/es\/guia-de-viaje\/guia-de-viaje-avietnam\/"]}]},{"@type":"BreadcrumbList","@id":"https:\/\/www.asiadreamtours.com\/es\/guia-de-viaje\/guia-de-viaje-avietnam\/#breadcrumb","itemListElement":[{"@type":"ListItem","position":1,"name":"Home","item":"https:\/\/www.asiadreamtours.com\/es\/"},{"@type":"ListItem","position":2,"name":"Guia de viaje","item":"https:\/\/www.asiadreamtours.com\/es\/guia-de-viaje\/"},{"@type":"ListItem","position":3,"name":"Gu\u00eda de viaje a Vietnam"}]}]}},"_links":{"self":[{"href":"https:\/\/www.asiadreamtours.com\/es\/wp-json\/wp\/v2\/pages\/5216"}],"collection":[{"href":"https:\/\/www.asiadreamtours.com\/es\/wp-json\/wp\/v2\/pages"}],"about":[{"href":"https:\/\/www.asiadreamtours.com\/es\/wp-json\/wp\/v2\/types\/page"}],"author":[{"embeddable":true,"href":"https:\/\/www.asiadreamtours.com\/es\/wp-json\/wp\/v2\/users\/1"}],"replies":[{"embeddable":true,"href":"https:\/\/www.asiadreamtours.com\/es\/wp-json\/wp\/v2\/comments?post=5216"}],"version-history":[{"count":9,"href":"https:\/\/www.asiadreamtours.com\/es\/wp-json\/wp\/v2\/pages\/5216\/revisions"}],"predecessor-version":[{"id":8569,"href":"https:\/\/www.asiadreamtours.com\/es\/wp-json\/wp\/v2\/pages\/5216\/revisions\/8569"}],"up":[{"embeddable":true,"href":"https:\/\/www.asiadreamtours.com\/es\/wp-json\/wp\/v2\/pages\/5214"}],"wp:attachment":[{"href":"https:\/\/www.asiadreamtours.com\/es\/wp-json\/wp\/v2\/media?parent=5216"}],"curies":[{"name":"wp","href":"https:\/\/api.w.org\/{rel}","templated":true}]}}