{"id":5222,"date":"2019-05-22T13:34:39","date_gmt":"2019-05-22T13:34:39","guid":{"rendered":"http:\/\/gachdaudong.com\/asiadreamtours\/?page_id=5222"},"modified":"2019-07-19T12:39:59","modified_gmt":"2019-07-19T05:39:59","slug":"guia-de-viaje-a-tailandia","status":"publish","type":"page","link":"https:\/\/www.asiadreamtours.com\/es\/guia-de-viaje\/guia-de-viaje-a-tailandia\/","title":{"rendered":"Gu\u00eda de viaje a Tailandia"},"content":{"rendered":"\t<section class=\"section dark\" id=\"section_1930020184\">\n\t\t<div class=\"bg section-bg fill bg-fill  \" >\n\n\t\t\t\n\t\t\t\n\t\t\t\n\n\t\t<\/div>\n\n\t\t\n\n\t\t<div class=\"section-content relative\">\n\t\t\t\n  <div id=\"page-header-227078241\" class=\"page-header-wrapper\">\n  <div class=\"page-title dark simple-title\">\n\n    \n    <div class=\"page-title-inner container align-center flex-row medium-flex-wrap\" >\n              <div class=\"title-wrapper flex-col text-left medium-text-center\">\n          <h1 class=\"entry-title mb-0\">\n            Gu\u00eda de viaje a Tailandia          <\/h1>\n        <\/div>\n                    <div class=\"title-content flex-col flex-right text-right medium-text-center\">\n        <div class=\"title-breadcrumbs pb-half pt-half\"><\/div>      <\/div>\n    <\/div>\n\n       <\/div>\n    <\/div>\n  \n\t\t<\/div>\n\n\t\t\n<style>\n#section_1930020184 {\n  padding-top: 160px;\n  padding-bottom: 160px;\n}\n#section_1930020184 .section-bg.bg-loaded {\n  background-image: url(https:\/\/www.asiadreamtours.com\/wp-content\/uploads\/2019\/07\/thaitemplebangkok123.jpg);\n}\n#section_1930020184 .ux-shape-divider--top svg {\n  height: 150px;\n  --divider-top-width: 100%;\n}\n#section_1930020184 .ux-shape-divider--bottom svg {\n  height: 150px;\n  --divider-width: 100%;\n}\n<\/style>\n\t<\/section>\n\t\n\t<section class=\"section section-guide\" id=\"section_969895853\">\n\t\t<div class=\"bg section-bg fill bg-fill  bg-loaded\" >\n\n\t\t\t\n\t\t\t\n\t\t\t\n\n\t\t<\/div>\n\n\t\t\n\n\t\t<div class=\"section-content relative\">\n\t\t\t\n<div class=\"row\"  id=\"row-1983797243\">\n\n\t<div id=\"col-1480140447\" class=\"col small-12 large-12\"  >\n\t\t\t\t<div class=\"col-inner\"  >\n\t\t\t\n\t\t\t\n<p>R\u00edos de tinta se han utilizado para describir a este\u00a0colorido, hospitalario y alegre pa\u00eds,\u00a0en el que\u00a0su cultura, su gastronom\u00eda, sus playas y su animada vida nocturna son un im\u00e1n tur\u00edstico\u00a0desde hace varias d\u00e9cadas. Tailandia es un\u00a0pa\u00eds del Sudeste Asi\u00e1tico ubicado entre el Tr\u00f3pico de C\u00e1ncer y el Ecuador. Hace frontera con Birmania en toda su franja oeste, con Laos al \u00a0Norte y Noreste, con Camboya al este y con Malasia al Sur. Sus tierras est\u00e1n ba\u00f1adas por las cristalinas aguas azul turquesa del Mar de Andam\u00e1n al sur-oeste y por el Golfo de Tailandia al Sur-este y su capital es Bangkok.<\/p>\n<p><em><strong>Nombre oficial:<\/strong>\u00a0<\/em>Reino de Tailandia<\/p>\n<p><em><strong>Poblaci\u00f3n<\/strong>:<\/em> 68 millones<\/p>\n<p><em><strong>Capital de Tailandia:<\/strong><\/em>\u00a0Bangkok<\/p>\n<p><em><strong>Idioma:<\/strong>\u00a0<\/em>Tailand\u00e9s<\/p>\n<p><em><strong>Moneda:<\/strong><\/em>\u00a0La moneda tailandesa es el Bhat (THB). Hay billetes de 20 (verdes), 50 (azules), 100 (naranjas), 500 (morados) y 1000 Bath (beige). Y hay monedas de 1, 2, 5 y 10 Baht y\u00a0de 1, 10, 25 y 50 Satangs que son el equivalente a los c\u00e9ntimos. Cien Satangs son 1 Bhat. Los billetes grandes tienen un cambio algo m\u00e1s favorable que los peque\u00f1os, as\u00ed que si traes Euros, si son billetes de 50 Euros mejor y si tra\u00e9is D\u00f3lares americanos, si son billetes de 100 USD mejor tambi\u00e9n. Podr\u00e1 sacar dinero con su\u00a0tarjeta de d\u00e9bito o de cr\u00e9dito en casi cualquier cajero\u00a0a un cambio similar o incluso mejor al que le hagan por el dinero en met\u00e1lico.<\/p>\n<p><em><strong>Hora:<\/strong>\u00a0<\/em>GMT +7 o sea Madrid +5 y Madrid +6 dependiendo del horario de verano \/ invierno.<\/p>\n<p><em><strong>Prefijo<\/strong><\/em>\u00a0internacional para llamar a Tailandia: +66<\/p>\n<p><strong><u>VISADO A TAILANDIA:<\/u><\/strong><\/p>\n<p>Visitantes extranjeros de 57 pa\u00edses pueden entrar a Tailandia sin visado por un periodo no superior a 30 d\u00edas; u obtener un visado de turista a la llegada por un periodo no superior a 15 d\u00edas.<\/p>\n<p><em>Exenciones de visado<\/em><\/p>\n<p>Los ciudadanos de los siguientes pa\u00edses no necesitan visado para entrar en Tailandia durante el tiempo se\u00f1alado:<\/p>\n<ul>\n<li>Argentina, Brasil, Chile, Per\u00fa, Corea del Sur (hasta 90 d\u00edas)<\/li>\n<li>Laos, Macao, Mongolia, Rusia, Vietnam (hasta 30 d\u00edas)<\/li>\n<li>Australia, Austria, Bar\u00e9in, Brun\u00e9i, B\u00e9lgica, Canad\u00e1, Rep\u00fablica Checa, Dinamarca, Estonia, Finlandia, Francia, Alemania, Grecia, Hong Kong, Hungr\u00eda, Islandia, Indonesia, Irlanda, Israel, Italia, Jap\u00f3n, Kuwait, Liechtenstein, Luxemburgo, Malasia (ilimitado), M\u00f3naco, Pa\u00edses Bajos, Noruega, Nueva Zelanda, Om\u00e1n, Filipinas, Polonia, Portugal, Catar, Eslovaquia, Eslovenia, Singapur, Sud\u00e1frica, <strong>Espa\u00f1a<\/strong>, Suecia, Suiza, Turqu\u00eda, Emiratos \u00c1rabes Unidos, Reino Unido y Estados Unidos (hasta 30 d\u00edas entrando por aeropuerto, m\u00e1s dos exenciones de 30 d\u00edas por tierra en un a\u00f1o natural)<\/li>\n<\/ul>\n<p><strong><u>CLIMA \/ CU\u00c1NDO IR:<\/u><\/strong><\/p>\n<p>El clima de Tailandia es tropical y dominado por los monzones. Las temperaturas y el porcentaje de humedad son elevados. Abril y mayo son los meses m\u00e1s calurosos e incluso los habitantes locales se quejan del calor. En junio llega el monz\u00f3n del sudeste y la temporada de las lluvias que dura, con intermitencias, hasta finales de octubre.<\/p>\n<p>Desde noviembre hasta finales de febrero, el clima es mucho m\u00e1s agradable gracias a un viento fresco que viene del nordeste y un nivel de humedad m\u00e1s razonable. Tambi\u00e9n es la estaci\u00f3n m\u00e1s tur\u00edstica y el mejor per\u00edodo para visitar Tailandia. Entre mayo y octubre, es la estaci\u00f3n baja. Se la llama la \u201cestaci\u00f3n verde\u201d porque llueve mucho durante esos d\u00edas. Tambi\u00e9n es un buen per\u00edodo para venir a Tailandia porque las temperaturas son m\u00e1s frescas (en particular en el norte y nordeste) y los precios bajan.<\/p>\n<p><strong><u>ROPA PARA SU VIAJE A TAILANDIA<\/u><\/strong><\/p>\n<p>Aunque la cultura tailandesa es conservadora, su roce constante con los turistas ha permitido que sus ciudadanos no se preocupen tanto por c\u00f3mo visten los extranjeros. En general, los tailandeses comprenden que son visitados por personas de todo el mundo y que suelen usar distintos tipos de ropa.\u00a0Un dato importante es, que sin lugar a duda, su apariencia tiene una influencia en c\u00f3mo le tratar\u00e1n los tailandeses, por eso lo mejor es vestirse bajo ciertas normas de respeto y buen gusto.<\/p>\n<p>Se recomienda una ropa ligera, suelta y f\u00e1cil de lavar. Sandalias o zapatos que se quitan f\u00e1cilmente son \u00fatiles para visitar los templos. Seg\u00fan la \u00e9poca, puede hacer fr\u00edo en el norte, entonces aconsejamos que traigan una chaqueta ligera o un pa\u00f1uelo.<\/p>\n<p>Los templos y el Palacio Real son lugares sagrados, por lo que hombres y mujeres deben vestirse bien al visitarlos, porque si no lo hace podr\u00eda ofender a los locales y en el Palacio Real le prohibir\u00e1n la entrada. Por ello si quiere hacer estas vistas con respeto c\u00fabrase, por favor, las piernas hasta los tobillos y los hombros y el escote. En cuanto a los hombres, se espera que lleven\u00a0camisas con cuello conservadoras, y \u00a0pantalones largos. Las camisetas o polos tambi\u00e9n pueden ser una opci\u00f3n, pero con mangas regulares o largas.<\/p>\n<p>Las mujeres deben\u00a0cubrir su escote y hombros, y vestir pantalones o faldas que tengan una altura hasta los tobillos. Una de las mejores cosas que meter en la maleta es un chal, ya que puede usarlo envolverse con este, amarrarlo en su cintura y taparse un poco m\u00e1s, o hacer lo mismo en los hombros, as\u00ed le cubrir\u00e1 y cumplir\u00e1 con las normas b\u00e1sicas.<\/p>\n<p><strong><u>CORRIENTE EL\u00c9CTRICA <\/u><\/strong><\/p>\n<p>En Tailandia\u00a0el voltaje com\u00fan es 220 V. La frecuencia es 50 Hz. Es un pa\u00eds donde podr\u00e1 encontrar el tipo de enchufes y conexiones m\u00e1s internacionales que hay y a no ser que venga de un pa\u00eds con una conexi\u00f3n extremadamente rara no deber\u00eda tener problemas a la hora de poder enchufar sus dispositivos. Las clavijas y enchufes son del tipo A \/ B \/ C.<\/p>\n<p><strong><u>PROPINA<\/u><\/strong><\/p>\n<p>A veces, al viajar a un pa\u00eds culturalmente muy diferente al suyo, como Tailandia, es posible que se pregunte: \u201c\u00bfDebo dejar propina en los hoteles? \u00bfY en los restaurantes?\u00a0\u00bfQu\u00e9 propina se deja en Tailandia?\u201c. \u00a0Las propinas en Tailandia son habituales, aunque no obligatorias.\u00a0Se suelen dejar si le han ofrecido un buen servicio, en especial a gu\u00edas o conductores. En su cultura las propinas son un complemento a su salario, por lo que es normal dejar propinas.<\/p>\n<p><strong><u>VACUNA<\/u><\/strong><\/p>\n<p>No hay ninguna vacuna obligatoria para entrar a Tailandia. Por precauci\u00f3n la Organizaci\u00f3n Mundial de la Salud recomienda para viajar a todo el sudeste asi\u00e1tico las vacunas de: hepatitis A, hepatitis B, t\u00e9tanos, rubeola, sarampi\u00f3n, paperas, difteria y fiebre tifoidea.<\/p>\n<p><strong><u>EXPERENCIAS INOLVIDABLES EN TAILANDIA:<\/u><\/strong><\/p>\n<ul>\n<li>Recorra Bangkok, la ciudad que nunca duerme y descubra sus olores penetrantes<\/li>\n<li>Avent\u00farese en el Tren de la Muerte y recorra el famoso R\u00edo Kwai<\/li>\n<li>Visite la ciudad de Ayutthaya<\/li>\n<li>Explore Chiang Rai y Chiang Mai<\/li>\n<li>Transp\u00f3rtese en el lomo de un elefante en el Santuario de Elefantes<\/li>\n<li>Visite el encantador Sukhothai, Patrimonio de la Humanidad<\/li>\n<li>Consi\u00e9ntase en las paradisiacas playas de Tailandia<\/li>\n<\/ul>\n<div class=\"is-divider divider clearfix\" style=\"max-width:100%;height:1px;\"><\/div>\n<div><\/div>\n\t\t<\/div>\n\t\t\t\t\t<\/div>\n\n\t\n<\/div>\n\t\t<\/div>\n\n\t\t\n<style>\n#section_969895853 {\n  padding-top: 60px;\n  padding-bottom: 60px;\n}\n#section_969895853 .ux-shape-divider--top svg {\n  height: 150px;\n  --divider-top-width: 100%;\n}\n#section_969895853 .ux-shape-divider--bottom svg {\n  height: 150px;\n  --divider-width: 100%;\n}\n<\/style>\n\t<\/section>\n\t\n","protected":false},"excerpt":{"rendered":"","protected":false},"author":1,"featured_media":0,"parent":5214,"menu_order":0,"comment_status":"closed","ping_status":"closed","template":"page-transparent-header.php","meta":[],"acf":[],"yoast_head":"<!-- This site is optimized with the Yoast SEO plugin v18.5.1 - https:\/\/yoast.com\/wordpress\/plugins\/seo\/ -->\n<title>Gu\u00eda de viaje a Tailandia - Asia Dream Tours<\/title>\n<meta name=\"description\" content=\"Recorra Bangkok, la ciudad que nunca duerme y descubra sus olores penetrantes. Visite la ciudad de Ayutthaya. Explore Chiang Rai y Chiang Mai...\" \/>\n<meta name=\"robots\" content=\"index, follow, max-snippet:-1, max-image-preview:large, max-video-preview:-1\" \/>\n<link rel=\"canonical\" href=\"https:\/\/www.asiadreamtours.com\/es\/guia-de-viaje\/guia-de-viaje-a-tailandia\/\" \/>\n<meta property=\"og:locale\" content=\"es_ES\" \/>\n<meta property=\"og:type\" content=\"article\" \/>\n<meta property=\"og:title\" content=\"Gu\u00eda de viaje a Tailandia - Asia Dream Tours\" \/>\n<meta property=\"og:description\" content=\"Recorra Bangkok, la ciudad que nunca duerme y descubra sus olores penetrantes. Visite la ciudad de Ayutthaya. Explore Chiang Rai y Chiang Mai...\" \/>\n<meta property=\"og:url\" content=\"https:\/\/www.asiadreamtours.com\/es\/guia-de-viaje\/guia-de-viaje-a-tailandia\/\" \/>\n<meta property=\"og:site_name\" content=\"Asia Dream Tours\" \/>\n<meta property=\"article:modified_time\" content=\"2019-07-19T05:39:59+00:00\" \/>\n<meta name=\"twitter:card\" content=\"summary_large_image\" \/>\n<meta name=\"twitter:label1\" content=\"Tiempo de lectura\" \/>\n\t<meta name=\"twitter:data1\" content=\"6 minutos\" \/>\n<script type=\"application\/ld+json\" class=\"yoast-schema-graph\">{\"@context\":\"https:\/\/schema.org\",\"@graph\":[{\"@type\":\"WebSite\",\"@id\":\"https:\/\/www.asiadreamtours.com\/es\/#website\",\"url\":\"https:\/\/www.asiadreamtours.com\/es\/\",\"name\":\"Asia Dream Tours\",\"description\":\"Travel Agency\",\"potentialAction\":[{\"@type\":\"SearchAction\",\"target\":{\"@type\":\"EntryPoint\",\"urlTemplate\":\"https:\/\/www.asiadreamtours.com\/es\/?s={search_term_string}\"},\"query-input\":\"required name=search_term_string\"}],\"inLanguage\":\"es\"},{\"@type\":\"WebPage\",\"@id\":\"https:\/\/www.asiadreamtours.com\/es\/guia-de-viaje\/guia-de-viaje-a-tailandia\/#webpage\",\"url\":\"https:\/\/www.asiadreamtours.com\/es\/guia-de-viaje\/guia-de-viaje-a-tailandia\/\",\"name\":\"Gu\u00eda de viaje a Tailandia - Asia Dream Tours\",\"isPartOf\":{\"@id\":\"https:\/\/www.asiadreamtours.com\/es\/#website\"},\"datePublished\":\"2019-05-22T13:34:39+00:00\",\"dateModified\":\"2019-07-19T05:39:59+00:00\",\"description\":\"Recorra Bangkok, la ciudad que nunca duerme y descubra sus olores penetrantes. Visite la ciudad de Ayutthaya. Explore Chiang Rai y Chiang Mai...\",\"breadcrumb\":{\"@id\":\"https:\/\/www.asiadreamtours.com\/es\/guia-de-viaje\/guia-de-viaje-a-tailandia\/#breadcrumb\"},\"inLanguage\":\"es\",\"potentialAction\":[{\"@type\":\"ReadAction\",\"target\":[\"https:\/\/www.asiadreamtours.com\/es\/guia-de-viaje\/guia-de-viaje-a-tailandia\/\"]}]},{\"@type\":\"BreadcrumbList\",\"@id\":\"https:\/\/www.asiadreamtours.com\/es\/guia-de-viaje\/guia-de-viaje-a-tailandia\/#breadcrumb\",\"itemListElement\":[{\"@type\":\"ListItem\",\"position\":1,\"name\":\"Home\",\"item\":\"https:\/\/www.asiadreamtours.com\/es\/\"},{\"@type\":\"ListItem\",\"position\":2,\"name\":\"Guia de viaje\",\"item\":\"https:\/\/www.asiadreamtours.com\/es\/guia-de-viaje\/\"},{\"@type\":\"ListItem\",\"position\":3,\"name\":\"Gu\u00eda de viaje a Tailandia\"}]}]}<\/script>\n<!-- \/ Yoast SEO plugin. -->","yoast_head_json":{"title":"Gu\u00eda de viaje a Tailandia - Asia Dream Tours","description":"Recorra Bangkok, la ciudad que nunca duerme y descubra sus olores penetrantes. Visite la ciudad de Ayutthaya. Explore Chiang Rai y Chiang Mai...","robots":{"index":"index","follow":"follow","max-snippet":"max-snippet:-1","max-image-preview":"max-image-preview:large","max-video-preview":"max-video-preview:-1"},"canonical":"https:\/\/www.asiadreamtours.com\/es\/guia-de-viaje\/guia-de-viaje-a-tailandia\/","og_locale":"es_ES","og_type":"article","og_title":"Gu\u00eda de viaje a Tailandia - Asia Dream Tours","og_description":"Recorra Bangkok, la ciudad que nunca duerme y descubra sus olores penetrantes. Visite la ciudad de Ayutthaya. Explore Chiang Rai y Chiang Mai...","og_url":"https:\/\/www.asiadreamtours.com\/es\/guia-de-viaje\/guia-de-viaje-a-tailandia\/","og_site_name":"Asia Dream Tours","article_modified_time":"2019-07-19T05:39:59+00:00","twitter_card":"summary_large_image","twitter_misc":{"Tiempo de lectura":"6 minutos"},"schema":{"@context":"https:\/\/schema.org","@graph":[{"@type":"WebSite","@id":"https:\/\/www.asiadreamtours.com\/es\/#website","url":"https:\/\/www.asiadreamtours.com\/es\/","name":"Asia Dream Tours","description":"Travel Agency","potentialAction":[{"@type":"SearchAction","target":{"@type":"EntryPoint","urlTemplate":"https:\/\/www.asiadreamtours.com\/es\/?s={search_term_string}"},"query-input":"required name=search_term_string"}],"inLanguage":"es"},{"@type":"WebPage","@id":"https:\/\/www.asiadreamtours.com\/es\/guia-de-viaje\/guia-de-viaje-a-tailandia\/#webpage","url":"https:\/\/www.asiadreamtours.com\/es\/guia-de-viaje\/guia-de-viaje-a-tailandia\/","name":"Gu\u00eda de viaje a Tailandia - Asia Dream Tours","isPartOf":{"@id":"https:\/\/www.asiadreamtours.com\/es\/#website"},"datePublished":"2019-05-22T13:34:39+00:00","dateModified":"2019-07-19T05:39:59+00:00","description":"Recorra Bangkok, la ciudad que nunca duerme y descubra sus olores penetrantes. Visite la ciudad de Ayutthaya. Explore Chiang Rai y Chiang Mai...","breadcrumb":{"@id":"https:\/\/www.asiadreamtours.com\/es\/guia-de-viaje\/guia-de-viaje-a-tailandia\/#breadcrumb"},"inLanguage":"es","potentialAction":[{"@type":"ReadAction","target":["https:\/\/www.asiadreamtours.com\/es\/guia-de-viaje\/guia-de-viaje-a-tailandia\/"]}]},{"@type":"BreadcrumbList","@id":"https:\/\/www.asiadreamtours.com\/es\/guia-de-viaje\/guia-de-viaje-a-tailandia\/#breadcrumb","itemListElement":[{"@type":"ListItem","position":1,"name":"Home","item":"https:\/\/www.asiadreamtours.com\/es\/"},{"@type":"ListItem","position":2,"name":"Guia de viaje","item":"https:\/\/www.asiadreamtours.com\/es\/guia-de-viaje\/"},{"@type":"ListItem","position":3,"name":"Gu\u00eda de viaje a Tailandia"}]}]}},"_links":{"self":[{"href":"https:\/\/www.asiadreamtours.com\/es\/wp-json\/wp\/v2\/pages\/5222"}],"collection":[{"href":"https:\/\/www.asiadreamtours.com\/es\/wp-json\/wp\/v2\/pages"}],"about":[{"href":"https:\/\/www.asiadreamtours.com\/es\/wp-json\/wp\/v2\/types\/page"}],"author":[{"embeddable":true,"href":"https:\/\/www.asiadreamtours.com\/es\/wp-json\/wp\/v2\/users\/1"}],"replies":[{"embeddable":true,"href":"https:\/\/www.asiadreamtours.com\/es\/wp-json\/wp\/v2\/comments?post=5222"}],"version-history":[{"count":7,"href":"https:\/\/www.asiadreamtours.com\/es\/wp-json\/wp\/v2\/pages\/5222\/revisions"}],"predecessor-version":[{"id":8566,"href":"https:\/\/www.asiadreamtours.com\/es\/wp-json\/wp\/v2\/pages\/5222\/revisions\/8566"}],"up":[{"embeddable":true,"href":"https:\/\/www.asiadreamtours.com\/es\/wp-json\/wp\/v2\/pages\/5214"}],"wp:attachment":[{"href":"https:\/\/www.asiadreamtours.com\/es\/wp-json\/wp\/v2\/media?parent=5222"}],"curies":[{"name":"wp","href":"https:\/\/api.w.org\/{rel}","templated":true}]}}