{"id":5226,"date":"2019-05-22T13:37:32","date_gmt":"2019-05-22T13:37:32","guid":{"rendered":"http:\/\/gachdaudong.com\/asiadreamtours\/?page_id=5226"},"modified":"2019-07-11T15:35:36","modified_gmt":"2019-07-11T08:35:36","slug":"guia-de-viaje-a-myanmar","status":"publish","type":"page","link":"https:\/\/www.asiadreamtours.com\/es\/guia-de-viaje\/guia-de-viaje-a-myanmar\/","title":{"rendered":"Gu\u00eda de viaje a Myanmar"},"content":{"rendered":"\t<section class=\"section dark\" id=\"section_1332747888\">\n\t\t<div class=\"bg section-bg fill bg-fill  \" >\n\n\t\t\t\n\t\t\t<div class=\"section-bg-overlay absolute fill\"><\/div>\n\t\t\t\n\n\t\t<\/div>\n\n\t\t\n\n\t\t<div class=\"section-content relative\">\n\t\t\t\n  <div id=\"page-header-557981735\" class=\"page-header-wrapper\">\n  <div class=\"page-title dark simple-title\">\n\n    \n    <div class=\"page-title-inner container align-center flex-row medium-flex-wrap\" >\n              <div class=\"title-wrapper flex-col text-left medium-text-center\">\n          <h1 class=\"entry-title mb-0\">\n            Gu\u00eda de viaje a Myanmar          <\/h1>\n        <\/div>\n                    <div class=\"title-content flex-col flex-right text-right medium-text-center\">\n        <div class=\"title-breadcrumbs pb-half pt-half\"><\/div>      <\/div>\n    <\/div>\n\n       <\/div>\n    <\/div>\n  \n\t\t<\/div>\n\n\t\t\n<style>\n#section_1332747888 {\n  padding-top: 160px;\n  padding-bottom: 160px;\n}\n#section_1332747888 .section-bg-overlay {\n  background-color: rgba(0, 0, 0, 0.2);\n}\n#section_1332747888 .section-bg.bg-loaded {\n  background-image: url(https:\/\/www.asiadreamtours.com\/wp-content\/uploads\/2019\/05\/Myanmar-travel-attraction-landmark-Traditional-Burmese-fisherman-at-Inle-lake-Myanmar-famous-for-their-distinctive-one-legged-rowing-style.jpg);\n}\n#section_1332747888 .ux-shape-divider--top svg {\n  height: 150px;\n  --divider-top-width: 100%;\n}\n#section_1332747888 .ux-shape-divider--bottom svg {\n  height: 150px;\n  --divider-width: 100%;\n}\n<\/style>\n\t<\/section>\n\t\n\t<section class=\"section section-guide\" id=\"section_921019799\">\n\t\t<div class=\"bg section-bg fill bg-fill  bg-loaded\" >\n\n\t\t\t\n\t\t\t\n\t\t\t\n\n\t\t<\/div>\n\n\t\t\n\n\t\t<div class=\"section-content relative\">\n\t\t\t\n<div class=\"row\"  id=\"row-1048025108\">\n\n\t<div id=\"col-1496228880\" class=\"col small-12 large-12\"  >\n\t\t\t\t<div class=\"col-inner\"  >\n\t\t\t\n\t\t\t\n<p>Myanmar est\u00e1 situado en el sudeste de Asia. Rodeado por India, Bangladesh, China, Tailandia y Laos, es un pa\u00eds que posee muchos tesoros culturales, religiosos y naturales. Como ha sido aislado del mundo exterior durante mucho tiempo, a Myanmar (Birmania) le rodea un aire de misterio y aventura. En los \u00faltimos a\u00f1os Myanmar se ha abierto y ha experimentado un r\u00e1pido desarrollo en todos los niveles. Muchos de sus tesoros como las antiguas ruinas de los templos de Bagan, los vestigios de la era colonial de Rang\u00fan, el estilo de vida local \u00fanico sobre casas flotantes en el lago Inle y las magn\u00edficas playas de la Bah\u00eda de Bengala, est\u00e1n siendo redescubiertos por los viajeros y turistas.<\/p>\n<p><strong><em>Nombre oficial:<\/em><\/strong>\u00a0Rep\u00fablica\u00a0de\u00a0la Uni\u00f3n\u00a0de Myanmar<\/p>\n<p><strong><em>Poblaci\u00f3n<\/em><\/strong><em>:<\/em> 53 millones<\/p>\n<p><strong><em>Capital de Myanmar:<\/em><\/strong>\u00a0Naypyidaw<\/p>\n<p><strong><em>Idioma:<\/em><\/strong>\u00a0Myanmar (Bamar)<\/p>\n<p><strong><em>Moneda:<\/em><\/strong>\u00a0Kyat (MMK). Aunque la moneda oficial de Myanmar es el Kyat en la pr\u00e1ctica tambi\u00e9n se puede pagar con d\u00f3lares americanos en todo el pa\u00eds, especialmente en los lugares m\u00e1s tur\u00edsticos. Todos los aeropuertos internacionales de Myanmar disponen de cajeros autom\u00e1ticos y casas de cambio. Las ciudades m\u00e1s importantes de Myanmar (Rang\u00fan y Mandalay) disponen de una amplia red de cajeros autom\u00e1ticos, sin embargo no hay cajeros autom\u00e1ticos en las localidades m\u00e1s peque\u00f1as (Bagan, Kalaw, Lago de Inle).<\/p>\n<p><strong><em>Hora:<\/em><\/strong>\u00a0GMT + 6:30 Horas<\/p>\n<p><strong><em>Prefijo<\/em><\/strong>\u00a0internacional para llamar a Tailandia: +95<\/p>\n<p><strong><u>VISADO A MYANMAR (BIRMANIA):<\/u><\/strong><\/p>\n<p>Los visitantes deben tener un pasaporte en vigor con un visado de entrada para turistas para entrar en Myanmar (un pasaporte con al menos seis meses de validez desde la fecha de entrada en Myanmar). Este visado se puede obtener en cualquier embajada de Myanmar \/ Consulado de oficinas con una validez de 28 d\u00edas.<\/p>\n<p>Otra manera de obtener el visado de Myanmar (Birmania) es E-visa (en l\u00ednea). Actualmente el visado en l\u00ednea s\u00f3lo est\u00e1 disponible para aquellos que soliciten la visa turista siempre y cuando los interesados pertenezcan a alguna de las 43 nacionalidades que el gobierno de Myanmar considera elegibles. Para proceder a la tramitaci\u00f3n de la e-Visa bastar\u00e1 con seguir 4 sencillos pasos:<\/p>\n<ul>\n<li>Rellenar la solicitud en l\u00ednea con los datos requeridos.<\/li>\n<li>Verificar que toda de la informaci\u00f3n proporcionada es correcta y tras ello proceder al pago con tarjeta de las tasas de expedici\u00f3n del visado. Un e-mail con un c\u00f3digo de referencia ser\u00e1 enviado como confirmaci\u00f3n del pago recibido.<\/li>\n<li>La aprobaci\u00f3n de la solicitud tardar\u00e1 alrededor de unos 3 d\u00edas laborables. Pasado ese tiempo y una vez aprobado, se recibir\u00e1 en el e-mail el visado electr\u00f3nico (e-Visa) que habr\u00e1 que imprimir y llevar junto con el pasaporte en el momento de la llegada.<\/li>\n<li>Finalmente, una vez llegado al puesto de Inmigraci\u00f3n del aeropuerto* de Myanmar, tendr\u00e1 que presentar el dicha e-Visa m\u00e1s el pasaporte para conseguir que se lo sellen.<\/li>\n<\/ul>\n<p>*De los aeropuertos internacionales con los que cuenta Myanmar, hoy en d\u00eda el \u00fanico en donde se aceptar\u00e1 la tramitaci\u00f3n de dicho visado es Yang\u00f3n.<\/p>\n<p><strong><u>CLIMA \/ CU\u00c1NDO IR:<\/u><\/strong><\/p>\n<p>Myanmar tiene\u00a0un clima tropical\u00a0por lo que independientemente de la \u00e9poca del a\u00f1o casi siempre hace calor en la mayor parte del pa\u00eds. Hay algunas zonas en las que las temperaturas pueden ser m\u00e1s bajas e incluso llegar a los cero grados como por ejemplo en las monta\u00f1as del norte junto al Himalaya o bien en algunas regiones de la meseta central donde puede hacer m\u00e1s fresco. Sin embargo, por lo general\u00a0Myanmar se caracteriza por ser un pa\u00eds con un clima c\u00e1lido\u00a0al igual que todos sus pa\u00edses vecinos del sudeste asi\u00e1tico.<\/p>\n<p>El clima en Myanmar se divide en tres estaciones:<\/p>\n<p>\u2013\u00a0La estaci\u00f3n m\u00e1s calurosa\u00a0comprendida durante los meses\u00a0de marzo a mayo, con temperaturas que superan los 30 grados. En esta \u00e9poca del a\u00f1o es cuando hace m\u00e1s calor y en zonas como la meseta central es donde suben m\u00e1s las temperaturas.<\/p>\n<p>\u2013\u00a0La estaci\u00f3n de lluvias\u00a0o el monz\u00f3n, durante los meses\u00a0de junio a septiembre. Despu\u00e9s del fuerte calor de los meses anteriores las lluvias cubren todo el pa\u00eds. Sin embargo, a diferencia de otros pa\u00edses del sudeste asi\u00e1tico, la \u00e9poca de monz\u00f3n se reduce a tan solo 4 meses del a\u00f1o.<\/p>\n<p>\u2013\u00a0La estaci\u00f3n fresca\u00a0durante los meses\u00a0de octubre a febrero, con temperaturas medias de 20 a 25 grados. Aunque especialmente en las monta\u00f1as al las temperaturas pueden bajar considerablemente. En la meseta central tambi\u00e9n suele hacer m\u00e1s fresco.<\/p>\n<p>La mejor \u00e9poca del a\u00f1o para viajar a Myanmar es durante los meses\u00a0de noviembre a marzo\u00a0aproximadamente,\u00a0entre la estaci\u00f3n fresca y calurosa. Ya que, no hace calor ni tampoco hay lluvias, los cielos est\u00e1n despejados y las temperaturas son agradables. En realidad, de todas formas, se puede viajar a Myanmar durante todos los meses del a\u00f1o. Como cualquier pa\u00eds, el clima en Myanmar tiene sus diferentes estaciones, variando dependiendo de la zona en la que uno se encuentre. En ning\u00fan caso las lluvias impiden o dificultan el viaje ni tampoco el fuerte calor implica el tener que dejar de realizar actividades por el pa\u00eds.<\/p>\n<p><strong><u>ROPA PARA SU VIAJE A BIRMANIA<\/u><\/strong><\/p>\n<p>Myanmar es un pa\u00eds predominantemente budista y los extranjeros son siempre bienvenidos en los templos y monasterios. Sin embargo, es importante que se sigan algunas reglas simples sobre etiqueta y protocolo:<\/p>\n<ul>\n<li>V\u00edstase de manera apropiada y act\u00fae con el m\u00e1ximo respeto al visitar las Zedi (pagodas) y los monasterios.<br \/>\n\u2022 No se vista con pantalones cortos o camisetas sin mangas, y aseg\u00farese de que los hombros y las rodillas est\u00e9n cubiertos.<br \/>\n\u2022 Qu\u00edtese su sombrero y deje los zapatos en la entrada de cualquier templo o monasterio.<br \/>\n\u2022 Si usted se sienta en frente de la tarima (la plataforma en la que el Buda se coloca), si\u00e9ntese con los pies a un lado y no en la posici\u00f3n de loto.<br \/>\n\u2022 Nunca apunte con el dedo o las plantas de los pies hacia una persona o una figura de Buda.<br \/>\n\u2022 Una mujer puede aceptar algo de un monje, pero nunca debe tocarlo.<br \/>\n\u2022 Muestre respeto y apague los tel\u00e9fonos m\u00f3viles, retire los auriculares, baje la voz y evite tonos inadecuados.<\/li>\n<\/ul>\n<p><strong><u>CORRIENTE EL\u00c9CTRICA <\/u><\/strong><\/p>\n<p>Adaptador el\u00e9ctrico: 220V, 50Hz, clavija de dos polos.<\/p>\n<p><strong><u>PROPINA<\/u><\/strong><\/p>\n<p>Mientras que la propina es una pr\u00e1ctica com\u00fan en Asia, no es algo que se d\u00e9 generalmente en Myanmar. Camareros, porteros, ch\u00f3feres y gu\u00edas apreciar\u00e1n una propina por su trabajo. Peque\u00f1os regalos tambi\u00e9n son apreciados. Seg\u00fan las costumbres de Myanmar, los regalos en general se rechazan al principio, esto es por cortes\u00eda. En los peque\u00f1os restaurantes y puestos de comida o los taxistas no se esperan propinas. El conductor del autocar y gu\u00eda pueden esperar una propina si el servicio ha sido satisfactorio.<\/p>\n<p><strong><u>TASAS DE AEROPUERTO <\/u><\/strong><\/p>\n<p>La tasa aeroportuaria es de 10 USD y se paga en efectivo en d\u00f3lares o FEC (Certificado de Cambio Extranjero) al salir de Myanmar en un vuelo internacional. No se pagan impuestos de salida en vuelos nacionales.<\/p>\n<p><strong><u>VACUNA<\/u><\/strong><\/p>\n<p>No hay ninguna vacuna necesaria a menos que venga o haya pasado por la zona infectada. Es importante asegurarse de tener una protecci\u00f3n adecuada contra las enfermedades tropicales que podr\u00eda contraer al visitar Myanmar. Reserve una cita con su m\u00e9dico o cl\u00ednica de viaje, no menos de dos meses antes de su salida debido al car\u00e1cter anticipado de algunos tratamientos profil\u00e1cticos. Por precauci\u00f3n la Organizaci\u00f3n Mundial de la Salud recomienda para viajar a todo el sudeste asi\u00e1tico las vacunas de: hepatitis A, hepatitis B, t\u00e9tanos, rubeola, sarampi\u00f3n, paperas, difteria y fiebre tifoidea.<\/p>\n<p><strong><u>EXPERENCIAS INOLVIDABLES EN BIRMANIA:<\/u><\/strong><\/p>\n<ul>\n<li>La efervescencia de Yang\u00f3n, la ciudad m\u00e1s animada del pa\u00eds, y sus principales monumentos<\/li>\n<li>Los famosos remeros a una pierna y los paisajes espectaculares del lago Inle.<\/li>\n<li>Las atracciones principales de Mandalay, antigua ciudad real.<\/li>\n<li>La caminata sobre el puente U Bein, uno de los sitios m\u00e1s fotog\u00e9nicos del sudeste asi\u00e1tico.<\/li>\n<li>La visita de los grandiosos templos Sagaing y Monywa en la antigua capital.<\/li>\n<li>Las espectaculares vistas en Bagan, salpicado por miles de templos dorados.<\/li>\n<li>Las relajantes playas de Ngapali, las m\u00e1s reputadas de Myanmar, ideales para una escapada.<\/li>\n<\/ul>\n<div class=\"is-divider divider clearfix\" style=\"max-width:100%;height:1px;\"><\/div>\n<div><\/div>\n\t\t<\/div>\n\t\t\t\t\t<\/div>\n\n\t\n<\/div>\n\t\t<\/div>\n\n\t\t\n<style>\n#section_921019799 {\n  padding-top: 60px;\n  padding-bottom: 60px;\n}\n#section_921019799 .ux-shape-divider--top svg {\n  height: 150px;\n  --divider-top-width: 100%;\n}\n#section_921019799 .ux-shape-divider--bottom svg {\n  height: 150px;\n  --divider-width: 100%;\n}\n<\/style>\n\t<\/section>\n\t\n","protected":false},"excerpt":{"rendered":"","protected":false},"author":1,"featured_media":0,"parent":5214,"menu_order":0,"comment_status":"closed","ping_status":"closed","template":"page-transparent-header.php","meta":[],"acf":[],"yoast_head":"<!-- This site is optimized with the Yoast SEO plugin v18.5.1 - https:\/\/yoast.com\/wordpress\/plugins\/seo\/ -->\n<title>Gu\u00eda de viaje a Myanmar - Asia Dream Tours<\/title>\n<meta name=\"description\" content=\"Myanmar es un pa\u00eds predominantemente budista y los extranjeros son siempre bienvenidos en los templos y monasterios. Sin embargo, es importante que se sigan algunas reglas simples sobre etiqueta y protocolo...\" \/>\n<meta name=\"robots\" content=\"index, follow, max-snippet:-1, max-image-preview:large, max-video-preview:-1\" \/>\n<link rel=\"canonical\" href=\"https:\/\/www.asiadreamtours.com\/es\/guia-de-viaje\/guia-de-viaje-a-myanmar\/\" \/>\n<meta property=\"og:locale\" content=\"es_ES\" \/>\n<meta property=\"og:type\" content=\"article\" \/>\n<meta property=\"og:title\" content=\"Gu\u00eda de viaje a Myanmar - Asia Dream Tours\" \/>\n<meta property=\"og:description\" content=\"Myanmar es un pa\u00eds predominantemente budista y los extranjeros son siempre bienvenidos en los templos y monasterios. Sin embargo, es importante que se sigan algunas reglas simples sobre etiqueta y protocolo...\" \/>\n<meta property=\"og:url\" content=\"https:\/\/www.asiadreamtours.com\/es\/guia-de-viaje\/guia-de-viaje-a-myanmar\/\" \/>\n<meta property=\"og:site_name\" content=\"Asia Dream Tours\" \/>\n<meta property=\"article:modified_time\" content=\"2019-07-11T08:35:36+00:00\" \/>\n<meta name=\"twitter:card\" content=\"summary_large_image\" \/>\n<meta name=\"twitter:label1\" content=\"Tiempo de lectura\" \/>\n\t<meta name=\"twitter:data1\" content=\"7 minutos\" \/>\n<script type=\"application\/ld+json\" class=\"yoast-schema-graph\">{\"@context\":\"https:\/\/schema.org\",\"@graph\":[{\"@type\":\"WebSite\",\"@id\":\"https:\/\/www.asiadreamtours.com\/es\/#website\",\"url\":\"https:\/\/www.asiadreamtours.com\/es\/\",\"name\":\"Asia Dream Tours\",\"description\":\"Travel Agency\",\"potentialAction\":[{\"@type\":\"SearchAction\",\"target\":{\"@type\":\"EntryPoint\",\"urlTemplate\":\"https:\/\/www.asiadreamtours.com\/es\/?s={search_term_string}\"},\"query-input\":\"required name=search_term_string\"}],\"inLanguage\":\"es\"},{\"@type\":\"WebPage\",\"@id\":\"https:\/\/www.asiadreamtours.com\/es\/guia-de-viaje\/guia-de-viaje-a-myanmar\/#webpage\",\"url\":\"https:\/\/www.asiadreamtours.com\/es\/guia-de-viaje\/guia-de-viaje-a-myanmar\/\",\"name\":\"Gu\u00eda de viaje a Myanmar - Asia Dream Tours\",\"isPartOf\":{\"@id\":\"https:\/\/www.asiadreamtours.com\/es\/#website\"},\"datePublished\":\"2019-05-22T13:37:32+00:00\",\"dateModified\":\"2019-07-11T08:35:36+00:00\",\"description\":\"Myanmar es un pa\u00eds predominantemente budista y los extranjeros son siempre bienvenidos en los templos y monasterios. Sin embargo, es importante que se sigan algunas reglas simples sobre etiqueta y protocolo...\",\"breadcrumb\":{\"@id\":\"https:\/\/www.asiadreamtours.com\/es\/guia-de-viaje\/guia-de-viaje-a-myanmar\/#breadcrumb\"},\"inLanguage\":\"es\",\"potentialAction\":[{\"@type\":\"ReadAction\",\"target\":[\"https:\/\/www.asiadreamtours.com\/es\/guia-de-viaje\/guia-de-viaje-a-myanmar\/\"]}]},{\"@type\":\"BreadcrumbList\",\"@id\":\"https:\/\/www.asiadreamtours.com\/es\/guia-de-viaje\/guia-de-viaje-a-myanmar\/#breadcrumb\",\"itemListElement\":[{\"@type\":\"ListItem\",\"position\":1,\"name\":\"Home\",\"item\":\"https:\/\/www.asiadreamtours.com\/es\/\"},{\"@type\":\"ListItem\",\"position\":2,\"name\":\"Guia de viaje\",\"item\":\"https:\/\/www.asiadreamtours.com\/es\/guia-de-viaje\/\"},{\"@type\":\"ListItem\",\"position\":3,\"name\":\"Gu\u00eda de viaje a Myanmar\"}]}]}<\/script>\n<!-- \/ Yoast SEO plugin. -->","yoast_head_json":{"title":"Gu\u00eda de viaje a Myanmar - Asia Dream Tours","description":"Myanmar es un pa\u00eds predominantemente budista y los extranjeros son siempre bienvenidos en los templos y monasterios. Sin embargo, es importante que se sigan algunas reglas simples sobre etiqueta y protocolo...","robots":{"index":"index","follow":"follow","max-snippet":"max-snippet:-1","max-image-preview":"max-image-preview:large","max-video-preview":"max-video-preview:-1"},"canonical":"https:\/\/www.asiadreamtours.com\/es\/guia-de-viaje\/guia-de-viaje-a-myanmar\/","og_locale":"es_ES","og_type":"article","og_title":"Gu\u00eda de viaje a Myanmar - Asia Dream Tours","og_description":"Myanmar es un pa\u00eds predominantemente budista y los extranjeros son siempre bienvenidos en los templos y monasterios. Sin embargo, es importante que se sigan algunas reglas simples sobre etiqueta y protocolo...","og_url":"https:\/\/www.asiadreamtours.com\/es\/guia-de-viaje\/guia-de-viaje-a-myanmar\/","og_site_name":"Asia Dream Tours","article_modified_time":"2019-07-11T08:35:36+00:00","twitter_card":"summary_large_image","twitter_misc":{"Tiempo de lectura":"7 minutos"},"schema":{"@context":"https:\/\/schema.org","@graph":[{"@type":"WebSite","@id":"https:\/\/www.asiadreamtours.com\/es\/#website","url":"https:\/\/www.asiadreamtours.com\/es\/","name":"Asia Dream Tours","description":"Travel Agency","potentialAction":[{"@type":"SearchAction","target":{"@type":"EntryPoint","urlTemplate":"https:\/\/www.asiadreamtours.com\/es\/?s={search_term_string}"},"query-input":"required name=search_term_string"}],"inLanguage":"es"},{"@type":"WebPage","@id":"https:\/\/www.asiadreamtours.com\/es\/guia-de-viaje\/guia-de-viaje-a-myanmar\/#webpage","url":"https:\/\/www.asiadreamtours.com\/es\/guia-de-viaje\/guia-de-viaje-a-myanmar\/","name":"Gu\u00eda de viaje a Myanmar - Asia Dream Tours","isPartOf":{"@id":"https:\/\/www.asiadreamtours.com\/es\/#website"},"datePublished":"2019-05-22T13:37:32+00:00","dateModified":"2019-07-11T08:35:36+00:00","description":"Myanmar es un pa\u00eds predominantemente budista y los extranjeros son siempre bienvenidos en los templos y monasterios. Sin embargo, es importante que se sigan algunas reglas simples sobre etiqueta y protocolo...","breadcrumb":{"@id":"https:\/\/www.asiadreamtours.com\/es\/guia-de-viaje\/guia-de-viaje-a-myanmar\/#breadcrumb"},"inLanguage":"es","potentialAction":[{"@type":"ReadAction","target":["https:\/\/www.asiadreamtours.com\/es\/guia-de-viaje\/guia-de-viaje-a-myanmar\/"]}]},{"@type":"BreadcrumbList","@id":"https:\/\/www.asiadreamtours.com\/es\/guia-de-viaje\/guia-de-viaje-a-myanmar\/#breadcrumb","itemListElement":[{"@type":"ListItem","position":1,"name":"Home","item":"https:\/\/www.asiadreamtours.com\/es\/"},{"@type":"ListItem","position":2,"name":"Guia de viaje","item":"https:\/\/www.asiadreamtours.com\/es\/guia-de-viaje\/"},{"@type":"ListItem","position":3,"name":"Gu\u00eda de viaje a Myanmar"}]}]}},"_links":{"self":[{"href":"https:\/\/www.asiadreamtours.com\/es\/wp-json\/wp\/v2\/pages\/5226"}],"collection":[{"href":"https:\/\/www.asiadreamtours.com\/es\/wp-json\/wp\/v2\/pages"}],"about":[{"href":"https:\/\/www.asiadreamtours.com\/es\/wp-json\/wp\/v2\/types\/page"}],"author":[{"embeddable":true,"href":"https:\/\/www.asiadreamtours.com\/es\/wp-json\/wp\/v2\/users\/1"}],"replies":[{"embeddable":true,"href":"https:\/\/www.asiadreamtours.com\/es\/wp-json\/wp\/v2\/comments?post=5226"}],"version-history":[{"count":7,"href":"https:\/\/www.asiadreamtours.com\/es\/wp-json\/wp\/v2\/pages\/5226\/revisions"}],"predecessor-version":[{"id":8313,"href":"https:\/\/www.asiadreamtours.com\/es\/wp-json\/wp\/v2\/pages\/5226\/revisions\/8313"}],"up":[{"embeddable":true,"href":"https:\/\/www.asiadreamtours.com\/es\/wp-json\/wp\/v2\/pages\/5214"}],"wp:attachment":[{"href":"https:\/\/www.asiadreamtours.com\/es\/wp-json\/wp\/v2\/media?parent=5226"}],"curies":[{"name":"wp","href":"https:\/\/api.w.org\/{rel}","templated":true}]}}