{"id":5231,"date":"2019-05-22T13:41:52","date_gmt":"2019-05-22T13:41:52","guid":{"rendered":"http:\/\/gachdaudong.com\/asiadreamtours\/?page_id=5231"},"modified":"2019-07-11T15:34:40","modified_gmt":"2019-07-11T08:34:40","slug":"guia-de-viaje-a-laos","status":"publish","type":"page","link":"https:\/\/www.asiadreamtours.com\/es\/guia-de-viaje\/guia-de-viaje-a-laos\/","title":{"rendered":"Gu\u00eda de viaje a Laos"},"content":{"rendered":"\t<section class=\"section dark\" id=\"section_1800695098\">\n\t\t<div class=\"bg section-bg fill bg-fill  \" >\n\n\t\t\t\n\t\t\t<div class=\"section-bg-overlay absolute fill\"><\/div>\n\t\t\t\n\n\t\t<\/div>\n\n\t\t\n\n\t\t<div class=\"section-content relative\">\n\t\t\t\n  <div id=\"page-header-1869645663\" class=\"page-header-wrapper\">\n  <div class=\"page-title dark simple-title\">\n\n    \n    <div class=\"page-title-inner container align-center flex-row medium-flex-wrap\" >\n              <div class=\"title-wrapper flex-col text-left medium-text-center\">\n          <h1 class=\"entry-title mb-0\">\n            Gu\u00eda de viaje a Laos          <\/h1>\n        <\/div>\n                    <div class=\"title-content flex-col flex-right text-right medium-text-center\">\n        <div class=\"title-breadcrumbs pb-half pt-half\"><\/div>      <\/div>\n    <\/div>\n\n       <\/div>\n    <\/div>\n  \n\t\t<\/div>\n\n\t\t\n<style>\n#section_1800695098 {\n  padding-top: 160px;\n  padding-bottom: 160px;\n}\n#section_1800695098 .section-bg-overlay {\n  background-color: rgba(0, 0, 0, 0.2);\n}\n#section_1800695098 .section-bg.bg-loaded {\n  background-image: url(https:\/\/www.asiadreamtours.com\/wp-content\/uploads\/2019\/05\/Amazing-view-of-mythology-and-religious-statues-at-Wat-Xieng-Khuan-Buddha-park.-Vientiane-Laos.jpg);\n}\n#section_1800695098 .ux-shape-divider--top svg {\n  height: 150px;\n  --divider-top-width: 100%;\n}\n#section_1800695098 .ux-shape-divider--bottom svg {\n  height: 150px;\n  --divider-width: 100%;\n}\n<\/style>\n\t<\/section>\n\t\n\t<section class=\"section section-guide\" id=\"section_1723566840\">\n\t\t<div class=\"bg section-bg fill bg-fill  bg-loaded\" >\n\n\t\t\t\n\t\t\t\n\t\t\t\n\n\t\t<\/div>\n\n\t\t\n\n\t\t<div class=\"section-content relative\">\n\t\t\t\n<div class=\"row\"  id=\"row-1390299048\">\n\n\t<div id=\"col-163102476\" class=\"col small-12 large-12\"  >\n\t\t\t\t<div class=\"col-inner\"  >\n\t\t\t\n\t\t\t\n<p>Laos comparte frontera con el norte de Myanmar y China, en la frontera este con Vietnam, en la frontera sur con Camboya y Tailandia al oeste, Laos es el \u00fanico pa\u00eds en el sudeste Asi\u00e1tico que no tiene salida al mar, s\u00f3lo las monta\u00f1as y los verdes bosques lo rodean.<\/p>\n<p><em><strong>Nombre oficial:<\/strong>\u00a0<\/em>Rep\u00fablica Democr\u00e1tica y Popular de Laos<\/p>\n<p><em><strong>Poblaci\u00f3n<\/strong>:<\/em> 6,7 millones repartidos entre m\u00e1s de 60 grupos \u00e9tnicos<\/p>\n<p><em><strong>Capital de Laos:<\/strong>\u00a0<\/em>Vienti\u00e1n<\/p>\n<p><em><strong>Idioma:<\/strong>\u00a0<\/em>Lao<\/p>\n<p><em><strong>Moneda:<\/strong>\u00a0<\/em>Kip (LAK). Aunque legalmente solo se puede utilizar el kip en las transacciones cotidianas, en realidad en el comercio se utilizan tres monedas: kip, bahts tailandeses (THB) y d\u00f3lares estadounidenses (US$). Cada vez m\u00e1s hoteles, restaurantes de categor\u00eda y tiendas de regalos de Vienti\u00e1n y Luang Prabang aceptan Visa y MasterCard (y, en menor medida, Amex y JCB). En el resto del pa\u00eds, las tarjetas de cr\u00e9dito son casi inservibles.<\/p>\n<p><em><strong>Hora:<\/strong><\/em>\u00a0GMT+7 o sea Madrid +5 y Madrid +6 dependiendo del horario de verano \/ invierno.<\/p>\n<p><em><strong>Prefijo<\/strong>\u00a0<\/em>internacional para llamar a Laos: +856<\/p>\n<p><strong><u>VISADO A LAOS:<\/u><\/strong><\/p>\n<p>Los visados pueden obtenerse con antelaci\u00f3n en las embajadas y consulados de Laos en el extranjero, a trav\u00e9s de una compa\u00f1\u00eda reconocida por el gobierno laosiano o a la llegada a una frontera internacional.<\/p>\n<p>Los visados se pueden aplicar facilmente a la llegada en los aeropuertos internacionales o fronteras internacionales, o en las m\u00e1s de 10 fronteras internacionales tambi\u00e9n pueden expedir visados a la llegada. Inmigraci\u00f3n le proporcionar\u00e1 el formulario a rellenar y esto puede tardar unos 10-15 minutos y unos 20 minutos en los aeropuertos. El visado de turista es v\u00e1lido por 30 d\u00edas, y debe traer 2 fotos tama\u00f1o carn\u00e9 y pagar entre 30 \u2013 42USD, dependiendo de la nacionalidad.<\/p>\n<p>El pasaporte debe ser v\u00e1lido durante al menos 6 meses antes de la llegada a Laos. Si es v\u00e1lida la fecha de caducidad en menos de 6 meses, le impondr\u00e1 una multa o no se les permite ingresar en Laos. Las fotos para el visado deben tener un tama\u00f1o de 5\u00d74 cm (medio cent\u00edmetro arriba o abajo), con fondo blanco o claro.<\/p>\n<p><strong><u>CLIMA \/ CU\u00c1NDO IR:<\/u><\/strong><\/p>\n<p>El tiempo en Laos\u00a0al igual que en el resto de pa\u00edses del sudeste asi\u00e1tico se caracteriza por tener dos estaciones distintas: la h\u00fameda, que va de mayo a octubre, y la seca, que va de noviembre a abril. Cada una tiene ventajas y desventajas a la hora de visitar el pa\u00eds.<\/p>\n<p>De acuerdo con el clima antedicho,\u00a0la mejor \u00e9poca para viajar a Laos es durante la estaci\u00f3n seca.\u00a0En este per\u00edodo, el clima es bastante agradable.\u00a0Aunque las regiones central y sur son ligeramente m\u00e1s c\u00e1lidas, esto no afecta de ning\u00fan modo a sus viajes. Todav\u00eda puede ir a Laos en los meses restantes con un poco del clima c\u00e1lido y soleado. Noten bien que la estaci\u00f3n tur\u00edstica alta es de octubre a abril, la estaci\u00f3n baja de mayo a septiembre y la estaci\u00f3n muy alta de noviembre a febrero.<\/p>\n<p><strong><u>ROPA PARA SU VIAJE A LAOS<\/u><\/strong><\/p>\n<p>La manera de vestir en Laos depende mucho del sexo y de la edad. Sin embargo, para asistir a ceremonias importantes, las mujeres suelen llevar una falda de seda, una blusa y un pa\u00f1uelo mientras los hombres llevan un sarong o pantalones. Aconsejamos a los visitantes que lleven una ropa c\u00f3moda, ligera y que se lave f\u00e1cilmente. Como puede hacer bastante fr\u00edo durante el invierno y la estaci\u00f3n de las lluvias, traer una chaqueta puede ser una buena idea. Tambi\u00e9n es preferible que traigan buenos zapatos para caminar y sandalias que puedan quitarse f\u00e1cilmente para entrar en los templos y casas privadas.<\/p>\n<p><strong><u>CORRIENTE EL\u00c9CTRICA <\/u><\/strong><\/p>\n<p>La corriente el\u00e9ctrica en Laos es de 220 volts a 50 HZ. Por tanto, no necesitar\u00e1 ning\u00fan regulador de tensi\u00f3n para conectar a la red el\u00e9ctrica y sus aparatos el\u00e9ctricos funcionar\u00e1n con normalidad. Los enchufes que se pueden encontrar\u00a0en Laos\u00a0son de tres tipos: el A con dos clavijas planas; el tipo C, el europeo de dos clavijas redondas, y el menos frecuente G con tres clavijas cuadradas.<\/p>\n<p><strong><u>PROPINA<\/u><\/strong><\/p>\n<p>Las propinas son algo que no es obligatorio en Indochina, pero siempre se espera y es enormemente apreciado, sobre todo en la industria de servicios.<\/p>\n<p>Si usted est\u00e1 satisfecho con los servicios prestados por el gu\u00eda y el conductor, entonces una propina por su trabajo y por estar lejos de casa durante largos per\u00edodos ser\u00e1 muy apreciada. Una peque\u00f1a propina ser\u00e1 muy apreciada en hoteles y restaurantes, as\u00ed como para los gu\u00edas tur\u00edsticos.<\/p>\n<p><strong><u>VACUNA<\/u><\/strong><\/p>\n<p>No hay ninguna vacuna obligatoria para entrar a Laos. Por precauci\u00f3n la Organizaci\u00f3n Mundial de la Salud recomienda para viajar a todo el sudeste asi\u00e1tico las vacunas de: hepatitis A, hepatitis B, t\u00e9tanos, rubeola, sarampi\u00f3n, paperas, difteria y fiebre tifoidea.<\/p>\n<p><strong><u>EXPERENCIAS INOLVIDABLES EN LAOS:<\/u><\/strong><\/p>\n<ul>\n<li>Avent\u00farese por los maravillosos senderos que Laos tiene para ofrecerle<\/li>\n<li>Sum\u00e9rjase en medio de paisajes tranquilos que lo llevar\u00e1n a relajarse como nunca antes<\/li>\n<li>Conozca lugares fascinantes y \u00fanicos en el mundo para relajarse<\/li>\n<li>Recorra lugares imperdibles que ofrece Laos, como las misteriosas cuevas de Pak Ou y Tham Jang<\/li>\n<li>Marav\u00edllese en la cascada de Kuang Si<\/li>\n<li>Descubra restos humanos, bienes y cer\u00e1micas cerca de las jarras de piedra de\u00a0de Xieng Khouang<\/li>\n<li>Explore Parque de Buda \u2026<\/li>\n<\/ul>\n<div class=\"is-divider divider clearfix\" style=\"max-width:100%;height:1px;\"><\/div>\n<div><\/div>\n\t\t<\/div>\n\t\t\t\t\t<\/div>\n\n\t\n<\/div>\n\t\t<\/div>\n\n\t\t\n<style>\n#section_1723566840 {\n  padding-top: 60px;\n  padding-bottom: 60px;\n}\n#section_1723566840 .ux-shape-divider--top svg {\n  height: 150px;\n  --divider-top-width: 100%;\n}\n#section_1723566840 .ux-shape-divider--bottom svg {\n  height: 150px;\n  --divider-width: 100%;\n}\n<\/style>\n\t<\/section>\n\t\n","protected":false},"excerpt":{"rendered":"","protected":false},"author":1,"featured_media":0,"parent":5214,"menu_order":0,"comment_status":"closed","ping_status":"closed","template":"page-transparent-header.php","meta":[],"acf":[],"yoast_head":"<!-- This site is optimized with the Yoast SEO plugin v18.5.1 - https:\/\/yoast.com\/wordpress\/plugins\/seo\/ -->\n<title>Gu\u00eda de viaje a Laos - Asia Dream Tours<\/title>\n<meta name=\"description\" content=\"El tiempo en Laos\u00a0al igual que en el resto de pa\u00edses del sudeste asi\u00e1tico se caracteriza por tener dos estaciones distintas: la h\u00fameda, que va de mayo a octubre, y la seca, que va de noviembre a abril. Cada una tiene ventajas y desventajas a la hora de visitar el pa\u00eds.\" \/>\n<meta name=\"robots\" content=\"index, follow, max-snippet:-1, max-image-preview:large, max-video-preview:-1\" \/>\n<link rel=\"canonical\" href=\"https:\/\/www.asiadreamtours.com\/es\/guia-de-viaje\/guia-de-viaje-a-laos\/\" \/>\n<meta property=\"og:locale\" content=\"es_ES\" \/>\n<meta property=\"og:type\" content=\"article\" \/>\n<meta property=\"og:title\" content=\"Gu\u00eda de viaje a Laos - Asia Dream Tours\" \/>\n<meta property=\"og:description\" content=\"El tiempo en Laos\u00a0al igual que en el resto de pa\u00edses del sudeste asi\u00e1tico se caracteriza por tener dos estaciones distintas: la h\u00fameda, que va de mayo a octubre, y la seca, que va de noviembre a abril. Cada una tiene ventajas y desventajas a la hora de visitar el pa\u00eds.\" \/>\n<meta property=\"og:url\" content=\"https:\/\/www.asiadreamtours.com\/es\/guia-de-viaje\/guia-de-viaje-a-laos\/\" \/>\n<meta property=\"og:site_name\" content=\"Asia Dream Tours\" \/>\n<meta property=\"article:modified_time\" content=\"2019-07-11T08:34:40+00:00\" \/>\n<meta name=\"twitter:card\" content=\"summary_large_image\" \/>\n<meta name=\"twitter:label1\" content=\"Tiempo de lectura\" \/>\n\t<meta name=\"twitter:data1\" content=\"5 minutos\" \/>\n<script type=\"application\/ld+json\" class=\"yoast-schema-graph\">{\"@context\":\"https:\/\/schema.org\",\"@graph\":[{\"@type\":\"WebSite\",\"@id\":\"https:\/\/www.asiadreamtours.com\/es\/#website\",\"url\":\"https:\/\/www.asiadreamtours.com\/es\/\",\"name\":\"Asia Dream Tours\",\"description\":\"Travel Agency\",\"potentialAction\":[{\"@type\":\"SearchAction\",\"target\":{\"@type\":\"EntryPoint\",\"urlTemplate\":\"https:\/\/www.asiadreamtours.com\/es\/?s={search_term_string}\"},\"query-input\":\"required name=search_term_string\"}],\"inLanguage\":\"es\"},{\"@type\":\"WebPage\",\"@id\":\"https:\/\/www.asiadreamtours.com\/es\/guia-de-viaje\/guia-de-viaje-a-laos\/#webpage\",\"url\":\"https:\/\/www.asiadreamtours.com\/es\/guia-de-viaje\/guia-de-viaje-a-laos\/\",\"name\":\"Gu\u00eda de viaje a Laos - Asia Dream Tours\",\"isPartOf\":{\"@id\":\"https:\/\/www.asiadreamtours.com\/es\/#website\"},\"datePublished\":\"2019-05-22T13:41:52+00:00\",\"dateModified\":\"2019-07-11T08:34:40+00:00\",\"description\":\"El tiempo en Laos\u00a0al igual que en el resto de pa\u00edses del sudeste asi\u00e1tico se caracteriza por tener dos estaciones distintas: la h\u00fameda, que va de mayo a octubre, y la seca, que va de noviembre a abril. Cada una tiene ventajas y desventajas a la hora de visitar el pa\u00eds.\",\"breadcrumb\":{\"@id\":\"https:\/\/www.asiadreamtours.com\/es\/guia-de-viaje\/guia-de-viaje-a-laos\/#breadcrumb\"},\"inLanguage\":\"es\",\"potentialAction\":[{\"@type\":\"ReadAction\",\"target\":[\"https:\/\/www.asiadreamtours.com\/es\/guia-de-viaje\/guia-de-viaje-a-laos\/\"]}]},{\"@type\":\"BreadcrumbList\",\"@id\":\"https:\/\/www.asiadreamtours.com\/es\/guia-de-viaje\/guia-de-viaje-a-laos\/#breadcrumb\",\"itemListElement\":[{\"@type\":\"ListItem\",\"position\":1,\"name\":\"Home\",\"item\":\"https:\/\/www.asiadreamtours.com\/es\/\"},{\"@type\":\"ListItem\",\"position\":2,\"name\":\"Guia de viaje\",\"item\":\"https:\/\/www.asiadreamtours.com\/es\/guia-de-viaje\/\"},{\"@type\":\"ListItem\",\"position\":3,\"name\":\"Gu\u00eda de viaje a Laos\"}]}]}<\/script>\n<!-- \/ Yoast SEO plugin. -->","yoast_head_json":{"title":"Gu\u00eda de viaje a Laos - Asia Dream Tours","description":"El tiempo en Laos\u00a0al igual que en el resto de pa\u00edses del sudeste asi\u00e1tico se caracteriza por tener dos estaciones distintas: la h\u00fameda, que va de mayo a octubre, y la seca, que va de noviembre a abril. Cada una tiene ventajas y desventajas a la hora de visitar el pa\u00eds.","robots":{"index":"index","follow":"follow","max-snippet":"max-snippet:-1","max-image-preview":"max-image-preview:large","max-video-preview":"max-video-preview:-1"},"canonical":"https:\/\/www.asiadreamtours.com\/es\/guia-de-viaje\/guia-de-viaje-a-laos\/","og_locale":"es_ES","og_type":"article","og_title":"Gu\u00eda de viaje a Laos - Asia Dream Tours","og_description":"El tiempo en Laos\u00a0al igual que en el resto de pa\u00edses del sudeste asi\u00e1tico se caracteriza por tener dos estaciones distintas: la h\u00fameda, que va de mayo a octubre, y la seca, que va de noviembre a abril. Cada una tiene ventajas y desventajas a la hora de visitar el pa\u00eds.","og_url":"https:\/\/www.asiadreamtours.com\/es\/guia-de-viaje\/guia-de-viaje-a-laos\/","og_site_name":"Asia Dream Tours","article_modified_time":"2019-07-11T08:34:40+00:00","twitter_card":"summary_large_image","twitter_misc":{"Tiempo de lectura":"5 minutos"},"schema":{"@context":"https:\/\/schema.org","@graph":[{"@type":"WebSite","@id":"https:\/\/www.asiadreamtours.com\/es\/#website","url":"https:\/\/www.asiadreamtours.com\/es\/","name":"Asia Dream Tours","description":"Travel Agency","potentialAction":[{"@type":"SearchAction","target":{"@type":"EntryPoint","urlTemplate":"https:\/\/www.asiadreamtours.com\/es\/?s={search_term_string}"},"query-input":"required name=search_term_string"}],"inLanguage":"es"},{"@type":"WebPage","@id":"https:\/\/www.asiadreamtours.com\/es\/guia-de-viaje\/guia-de-viaje-a-laos\/#webpage","url":"https:\/\/www.asiadreamtours.com\/es\/guia-de-viaje\/guia-de-viaje-a-laos\/","name":"Gu\u00eda de viaje a Laos - Asia Dream Tours","isPartOf":{"@id":"https:\/\/www.asiadreamtours.com\/es\/#website"},"datePublished":"2019-05-22T13:41:52+00:00","dateModified":"2019-07-11T08:34:40+00:00","description":"El tiempo en Laos\u00a0al igual que en el resto de pa\u00edses del sudeste asi\u00e1tico se caracteriza por tener dos estaciones distintas: la h\u00fameda, que va de mayo a octubre, y la seca, que va de noviembre a abril. Cada una tiene ventajas y desventajas a la hora de visitar el pa\u00eds.","breadcrumb":{"@id":"https:\/\/www.asiadreamtours.com\/es\/guia-de-viaje\/guia-de-viaje-a-laos\/#breadcrumb"},"inLanguage":"es","potentialAction":[{"@type":"ReadAction","target":["https:\/\/www.asiadreamtours.com\/es\/guia-de-viaje\/guia-de-viaje-a-laos\/"]}]},{"@type":"BreadcrumbList","@id":"https:\/\/www.asiadreamtours.com\/es\/guia-de-viaje\/guia-de-viaje-a-laos\/#breadcrumb","itemListElement":[{"@type":"ListItem","position":1,"name":"Home","item":"https:\/\/www.asiadreamtours.com\/es\/"},{"@type":"ListItem","position":2,"name":"Guia de viaje","item":"https:\/\/www.asiadreamtours.com\/es\/guia-de-viaje\/"},{"@type":"ListItem","position":3,"name":"Gu\u00eda de viaje a Laos"}]}]}},"_links":{"self":[{"href":"https:\/\/www.asiadreamtours.com\/es\/wp-json\/wp\/v2\/pages\/5231"}],"collection":[{"href":"https:\/\/www.asiadreamtours.com\/es\/wp-json\/wp\/v2\/pages"}],"about":[{"href":"https:\/\/www.asiadreamtours.com\/es\/wp-json\/wp\/v2\/types\/page"}],"author":[{"embeddable":true,"href":"https:\/\/www.asiadreamtours.com\/es\/wp-json\/wp\/v2\/users\/1"}],"replies":[{"embeddable":true,"href":"https:\/\/www.asiadreamtours.com\/es\/wp-json\/wp\/v2\/comments?post=5231"}],"version-history":[{"count":5,"href":"https:\/\/www.asiadreamtours.com\/es\/wp-json\/wp\/v2\/pages\/5231\/revisions"}],"predecessor-version":[{"id":8311,"href":"https:\/\/www.asiadreamtours.com\/es\/wp-json\/wp\/v2\/pages\/5231\/revisions\/8311"}],"up":[{"embeddable":true,"href":"https:\/\/www.asiadreamtours.com\/es\/wp-json\/wp\/v2\/pages\/5214"}],"wp:attachment":[{"href":"https:\/\/www.asiadreamtours.com\/es\/wp-json\/wp\/v2\/media?parent=5231"}],"curies":[{"name":"wp","href":"https:\/\/api.w.org\/{rel}","templated":true}]}}