{"id":5234,"date":"2019-05-22T13:43:36","date_gmt":"2019-05-22T13:43:36","guid":{"rendered":"http:\/\/gachdaudong.com\/asiadreamtours\/?page_id=5234"},"modified":"2019-07-19T12:39:02","modified_gmt":"2019-07-19T05:39:02","slug":"guia-de-viaje-a-camboya","status":"publish","type":"page","link":"https:\/\/www.asiadreamtours.com\/es\/guia-de-viaje\/guia-de-viaje-a-camboya\/","title":{"rendered":"Gu\u00eda de viaje a Camboya"},"content":{"rendered":"\t<section class=\"section dark\" id=\"section_209327185\">\n\t\t<div class=\"bg section-bg fill bg-fill  \" >\n\n\t\t\t\n\t\t\t\n\t\t\t\n\n\t\t<\/div>\n\n\t\t\n\n\t\t<div class=\"section-content relative\">\n\t\t\t\n  <div id=\"page-header-1883565613\" class=\"page-header-wrapper\">\n  <div class=\"page-title dark simple-title\">\n\n    \n    <div class=\"page-title-inner container align-center flex-row medium-flex-wrap\" >\n              <div class=\"title-wrapper flex-col text-left medium-text-center\">\n          <h1 class=\"entry-title mb-0\">\n            Gu\u00eda de viaje a Camboya          <\/h1>\n        <\/div>\n                    <div class=\"title-content flex-col flex-right text-right medium-text-center\">\n        <div class=\"title-breadcrumbs pb-half pt-half\"><\/div>      <\/div>\n    <\/div>\n\n       <\/div>\n    <\/div>\n  \n\t\t<\/div>\n\n\t\t\n<style>\n#section_209327185 {\n  padding-top: 160px;\n  padding-bottom: 160px;\n}\n#section_209327185 .section-bg.bg-loaded {\n  background-image: url(https:\/\/www.asiadreamtours.com\/wp-content\/uploads\/2019\/07\/cam.jpg);\n}\n#section_209327185 .ux-shape-divider--top svg {\n  height: 150px;\n  --divider-top-width: 100%;\n}\n#section_209327185 .ux-shape-divider--bottom svg {\n  height: 150px;\n  --divider-width: 100%;\n}\n<\/style>\n\t<\/section>\n\t\n\t<section class=\"section section-guide\" id=\"section_1703769988\">\n\t\t<div class=\"bg section-bg fill bg-fill  bg-loaded\" >\n\n\t\t\t\n\t\t\t\n\t\t\t\n\n\t\t<\/div>\n\n\t\t\n\n\t\t<div class=\"section-content relative\">\n\t\t\t\n<div class=\"row\"  id=\"row-1770268893\">\n\n\t<div id=\"col-1971137839\" class=\"col small-12 large-12\"  >\n\t\t\t\t<div class=\"col-inner\"  >\n\t\t\t\n\t\t\t\n<p>Camboya est\u00e1 situada al suroeste de la pen\u00ednsula de Indochina, frontera en el oeste y norte con Tailandia (2100 km), en el este con Vietnam (1.137 km), y en el noreste de Laos (492 km). Este pa\u00eds es mucho m\u00e1s que Angkor: tiene historia, paisajes preciosos, comida sabrosa, playas e islas de ensue\u00f1o y lo mejor de todo: su gente, un pueblo sonriente, amable y divertido.<\/p>\n<p><strong><em>Poblaci\u00f3n camboyana: <\/em><\/strong>17 millones<\/p>\n<p><strong><em>Capital de Camboya:<\/em><\/strong>\u00a0Phnom Penh<\/p>\n<p><strong><em>Idioma:<\/em><\/strong>\u00a0Jemer<\/p>\n<p><strong><em>Moneda:<\/em><\/strong>\u00a0La divisa de Camboya es el riel (KHR), pero el d\u00f3lar estadounidense (USD) es como una segunda divisa: se acepta en todas partes, aunque el cambio puede darse en rieles. Se puede pagar con tarjetas de cr\u00e9dito extranjeras en la mayor\u00eda de los grandes restaurantes y tiendas con una comisi\u00f3n 2% ~ 5%.<\/p>\n<p><strong><em>Hora:<\/em><\/strong>\u00a0GMT+7 o sea Madrid + 5 en verano y Madrid + 6 en invierno<\/p>\n<p><strong><em>Prefijo telef\u00f3nico internacional:<\/em><\/strong>\u00a0+855 (llamando desde el extranjero se omite el \u201c0\u201d que aparece primero en los n\u00famero locales)<\/p>\n<p><strong><u>VISADO A CAMBOYA:<\/u><\/strong><\/p>\n<p>Es muy f\u00e1cil entrar en Camboya. Para la mayor\u00eda de visitantes al Reino de Camboya, el visado puede obtenerse a la llegada al aeropuerto de Phnom Penh o Siem Reap. Si cruza la frontera desde Tailandia por tierra, el visado puede obtenerse en Poipet Banteay Meanchey y Cham Yeam (provincia de Koh Kong). Desde Vietnam por tierra puede obtenerse en Bavet \/ Moc Bai, o Ka-Om Samnor \/ Chau Doc, aunque se necesita haber obtenido previamente el visado a trav\u00e9s de una embajada o consulado camboyano en el extranjero.<\/p>\n<p>Adem\u00e1s, el gobierno de Camboya ha puesto en marcha la e-visa o visado electr\u00f3nico. Los viajeros que deseen visitar Camboya pueden solicitar el visado online con pago directo con tarjeta de cr\u00e9dito en la p\u00e1gina web del Ministerio. El proceso normal tarda tres d\u00edas y es v\u00e1lido durante 3 meses a partir de la fecha de su expedici\u00f3n. La duraci\u00f3n de la estancia es de 30 d\u00edas. El coste es de 30 USD a partir del 01 de Octubre de 2014 por visado y 7 USD por los gastos de tramitaci\u00f3n.<\/p>\n<p>Sin importar c\u00f3mo obtiene el visado, todos ellos son v\u00e1lidos por un mes, para una \u00fanica entrada.<\/p>\n<p>Aseg\u00farese de que su pasaporte tiene al menos 6 meses de validez a partir de la fecha de entrada antes de lo contrario deber\u00e1 renovarlo antes de solicitar el visado a Camboya.<\/p>\n<p>La cuota de sello tiene que pagarse en efectivo directamente en el aeropuerto en el momento de recoger su visado. Es necesario preparar el importe en USD para el pago, ya que no se acepta el pago con tarjeta de cr\u00e9dito.<\/p>\n<p>Es necesaria 1 foto tama\u00f1o carnet por persona (4 x 6 cm)<\/p>\n<p><strong><u>CLIMA \/ CU\u00c1NDO IR:<\/u><\/strong><\/p>\n<p>En Camboya\u00a0se diferencian dos estaciones: la de\u00a0lluvias\u00a0(de junio\u00a0a principios de noviembre) y la\u00a0seca\u00a0(de\u00a0noviembre a mayo). El clima en Camboya es totalmente tropical y siempre su temperatura se mantiene entre los 25 y 35 grados cent\u00edgrados.<\/p>\n<p>No se preocupe si viaja a Camboya en \u00e9poca de lluvia, siempre va a encontrar algo que hacer en este bello pa\u00eds. Por ejemplo en \u00e9pocas de lluvia los paisajes camboyanos se ven mucho m\u00e1s hermosos, el verde inconfundible de los arrozales cobra vida y se vuelve m\u00e1s llamativo.<\/p>\n<p>Los templos del Angkor son m\u00e1s vistosos en las fotograf\u00edas y adem\u00e1s durante la temporada de lluvia no son tan concurridos como lo son durante la temporada alta.<\/p>\n<p><em>Venga a Camboya en cualquier mes del a\u00f1o. No hay ninguna \u00e9poca del a\u00f1o especialmente mala para viajar por Camboya, as\u00ed que por el tema del clima no tiene que preocuparse demasiado, pues cada una tiene sus beneficios y particularidades. Para nosotros, la mejor fecha es aquella en la que encuentre un vuelo a buen precio y le coincida con sus d\u00edas de vacaciones.<\/em><\/p>\n<p><strong><u>ROPA PARA SU VIAJE A CAMBOYA<\/u><\/strong><\/p>\n<p>Como Camboya tiene clima tropical caluroso y h\u00famedo, vestidos informales y ligeros son muy adecuados y ropas de fibras naturales es la mejor opci\u00f3n. Tambi\u00e9n deber\u00edan llevar una chaqueta para noches fr\u00edas de invierno o para usar en hoteles y restaurantes de demasiado aire acondicionado.<\/p>\n<p>Camboya es un pa\u00eds abierto con los extranjeros, pero la sociedad contin\u00faa siendo muy conservadora y cuida mucho las formas de vestir en p\u00fablico. En las ciudades veremos a chicas y chicos con diferentes estilos, pero en las provincias lo m\u00e1s adecuado es llevar pantalones largos y manga corta o una blusa, evitando las camisetas de tirantes. Sobre todo en los lugares donde se requiere mostrar un mayor respeto, como los lugares sagrados.<\/p>\n<p>Tras encontrar ejemplos fotogr\u00e1ficos de visitantes con prendas reveladoras, adem\u00e1s de algunos esc\u00e1ndalos (incluyendo la detenci\u00f3n de turistas haci\u00e9ndose fotograf\u00edas desnudas en el sitio), han decidido tomar medidas determinantes para instar a los visitantes a respetar la cultura local: unos nuevos c\u00f3digos de vestimenta que se implant\u00f3. Los visitantes que no lleven una ropa adecuada \u2013 es decir, con pantalones o faldas por debajo de las rodillas y una camiseta que cubra los hombros -, no podr\u00e1n entrar al complejo de templos.<\/p>\n<p><strong><u>PROPINA<\/u><\/strong><\/p>\n<p>Por tradici\u00f3n, aqu\u00ed no se estilan las propinas, pero en un pa\u00eds tan pobre como Camboya sirven de mucha ayuda. Los salarios son baj\u00edsimos y el servicio suele ser amable y esmerado. Se puede considerar dar una propina a los conductores y los gu\u00edas, pues el tiempo que pasan en la carretera es tiempo que est\u00e1n alejados de su hogar y su familia.<\/p>\n<p>Se considera indicado hacer una peque\u00f1a donaci\u00f3n al final de una visita a un wat, especialmente si un monje ha hecho de gu\u00eda; la mayor parte de los wats tienen cajas previstas a tal efecto.<\/p>\n<p><strong><u>CORRIENTE EL\u00c9CTRICA <\/u><\/strong><\/p>\n<p>La corriente el\u00e9ctrica en Camboya es de 220 voltios. Los enchufes que se pueden encontrar\u00a0en Camboya\u00a0son de tres tipos: el A con dos clavijas planas; el tipo C, el europeo de dos clavijas redondas, y el menos frecuente G con tres clavijas cuadradas. Por tanto, no necesitar\u00e1 ning\u00fan regulador de tensi\u00f3n para conectar a la red el\u00e9ctrica camboyana y sus aparatos el\u00e9ctricos funcionar\u00e1n con normalidad.<\/p>\n<p><strong><u>VACUNA<\/u><\/strong><\/p>\n<p>Por precauci\u00f3n la Organizaci\u00f3n Mundial de la Salud recomienda para viajar a Camboya las vacunas de: fiebre amarilla, hepatitis A, hepatitis B, t\u00e9tanos, rubeola, sarampi\u00f3n, paperas, difteria y fiebre tifoidea.<\/p>\n<p><strong><u>EXPERENCIAS INOLVIDABLES EN CAMBOYA:<\/u><\/strong><\/p>\n<ul>\n<li>Visite el ic\u00f3nico templo de Angkor Wat catalogado por la Unesco como patrimonio de la humanidad<\/li>\n<li>Sum\u00e9rjase con nosotros en las dos ciudades m\u00e1s importantes de Camboya: Siemreap y Phnom Penh<\/li>\n<li>D\u00e9 un \u00a0paseo en el m\u00e1gico\u00a0lago de Tonle Sap<\/li>\n<li>Participe en una clase de cocina<\/li>\n<li>Haga el tour por la ciudad de Phnom Penh \u2026<\/li>\n<\/ul>\n<div class=\"is-divider divider clearfix\" style=\"max-width:100%;height:1px;\"><\/div>\n<div><\/div>\n\t\t<\/div>\n\t\t\t\t\t<\/div>\n\n\t\n<\/div>\n\t\t<\/div>\n\n\t\t\n<style>\n#section_1703769988 {\n  padding-top: 60px;\n  padding-bottom: 60px;\n}\n#section_1703769988 .ux-shape-divider--top svg {\n  height: 150px;\n  --divider-top-width: 100%;\n}\n#section_1703769988 .ux-shape-divider--bottom svg {\n  height: 150px;\n  --divider-width: 100%;\n}\n<\/style>\n\t<\/section>\n\t\n","protected":false},"excerpt":{"rendered":"","protected":false},"author":1,"featured_media":0,"parent":5214,"menu_order":0,"comment_status":"closed","ping_status":"closed","template":"page-transparent-header.php","meta":[],"acf":[],"yoast_head":"<!-- This site is optimized with the Yoast SEO plugin v18.5.1 - https:\/\/yoast.com\/wordpress\/plugins\/seo\/ -->\n<title>Gu\u00eda de viaje a Camboya - Asia Dream Tours<\/title>\n<meta name=\"description\" content=\"Venga a Camboya en cualquier mes del a\u00f1o. No hay ninguna \u00e9poca del a\u00f1o especialmente mala para viajar por Camboya, as\u00ed que por el tema del clima no tiene que preocuparse demasiado, pues cada una tiene sus beneficios y particularidades.\" \/>\n<meta name=\"robots\" content=\"index, follow, max-snippet:-1, max-image-preview:large, max-video-preview:-1\" \/>\n<link rel=\"canonical\" href=\"https:\/\/www.asiadreamtours.com\/es\/guia-de-viaje\/guia-de-viaje-a-camboya\/\" \/>\n<meta property=\"og:locale\" content=\"es_ES\" \/>\n<meta property=\"og:type\" content=\"article\" \/>\n<meta property=\"og:title\" content=\"Gu\u00eda de viaje a Camboya - Asia Dream Tours\" \/>\n<meta property=\"og:description\" content=\"Venga a Camboya en cualquier mes del a\u00f1o. No hay ninguna \u00e9poca del a\u00f1o especialmente mala para viajar por Camboya, as\u00ed que por el tema del clima no tiene que preocuparse demasiado, pues cada una tiene sus beneficios y particularidades.\" \/>\n<meta property=\"og:url\" content=\"https:\/\/www.asiadreamtours.com\/es\/guia-de-viaje\/guia-de-viaje-a-camboya\/\" \/>\n<meta property=\"og:site_name\" content=\"Asia Dream Tours\" \/>\n<meta property=\"article:modified_time\" content=\"2019-07-19T05:39:02+00:00\" \/>\n<meta name=\"twitter:card\" content=\"summary_large_image\" \/>\n<meta name=\"twitter:label1\" content=\"Tiempo de lectura\" \/>\n\t<meta name=\"twitter:data1\" content=\"6 minutos\" \/>\n<script type=\"application\/ld+json\" class=\"yoast-schema-graph\">{\"@context\":\"https:\/\/schema.org\",\"@graph\":[{\"@type\":\"WebSite\",\"@id\":\"https:\/\/www.asiadreamtours.com\/es\/#website\",\"url\":\"https:\/\/www.asiadreamtours.com\/es\/\",\"name\":\"Asia Dream Tours\",\"description\":\"Travel Agency\",\"potentialAction\":[{\"@type\":\"SearchAction\",\"target\":{\"@type\":\"EntryPoint\",\"urlTemplate\":\"https:\/\/www.asiadreamtours.com\/es\/?s={search_term_string}\"},\"query-input\":\"required name=search_term_string\"}],\"inLanguage\":\"es\"},{\"@type\":\"WebPage\",\"@id\":\"https:\/\/www.asiadreamtours.com\/es\/guia-de-viaje\/guia-de-viaje-a-camboya\/#webpage\",\"url\":\"https:\/\/www.asiadreamtours.com\/es\/guia-de-viaje\/guia-de-viaje-a-camboya\/\",\"name\":\"Gu\u00eda de viaje a Camboya - Asia Dream Tours\",\"isPartOf\":{\"@id\":\"https:\/\/www.asiadreamtours.com\/es\/#website\"},\"datePublished\":\"2019-05-22T13:43:36+00:00\",\"dateModified\":\"2019-07-19T05:39:02+00:00\",\"description\":\"Venga a Camboya en cualquier mes del a\u00f1o. No hay ninguna \u00e9poca del a\u00f1o especialmente mala para viajar por Camboya, as\u00ed que por el tema del clima no tiene que preocuparse demasiado, pues cada una tiene sus beneficios y particularidades.\",\"breadcrumb\":{\"@id\":\"https:\/\/www.asiadreamtours.com\/es\/guia-de-viaje\/guia-de-viaje-a-camboya\/#breadcrumb\"},\"inLanguage\":\"es\",\"potentialAction\":[{\"@type\":\"ReadAction\",\"target\":[\"https:\/\/www.asiadreamtours.com\/es\/guia-de-viaje\/guia-de-viaje-a-camboya\/\"]}]},{\"@type\":\"BreadcrumbList\",\"@id\":\"https:\/\/www.asiadreamtours.com\/es\/guia-de-viaje\/guia-de-viaje-a-camboya\/#breadcrumb\",\"itemListElement\":[{\"@type\":\"ListItem\",\"position\":1,\"name\":\"Home\",\"item\":\"https:\/\/www.asiadreamtours.com\/es\/\"},{\"@type\":\"ListItem\",\"position\":2,\"name\":\"Guia de viaje\",\"item\":\"https:\/\/www.asiadreamtours.com\/es\/guia-de-viaje\/\"},{\"@type\":\"ListItem\",\"position\":3,\"name\":\"Gu\u00eda de viaje a Camboya\"}]}]}<\/script>\n<!-- \/ Yoast SEO plugin. -->","yoast_head_json":{"title":"Gu\u00eda de viaje a Camboya - Asia Dream Tours","description":"Venga a Camboya en cualquier mes del a\u00f1o. No hay ninguna \u00e9poca del a\u00f1o especialmente mala para viajar por Camboya, as\u00ed que por el tema del clima no tiene que preocuparse demasiado, pues cada una tiene sus beneficios y particularidades.","robots":{"index":"index","follow":"follow","max-snippet":"max-snippet:-1","max-image-preview":"max-image-preview:large","max-video-preview":"max-video-preview:-1"},"canonical":"https:\/\/www.asiadreamtours.com\/es\/guia-de-viaje\/guia-de-viaje-a-camboya\/","og_locale":"es_ES","og_type":"article","og_title":"Gu\u00eda de viaje a Camboya - Asia Dream Tours","og_description":"Venga a Camboya en cualquier mes del a\u00f1o. No hay ninguna \u00e9poca del a\u00f1o especialmente mala para viajar por Camboya, as\u00ed que por el tema del clima no tiene que preocuparse demasiado, pues cada una tiene sus beneficios y particularidades.","og_url":"https:\/\/www.asiadreamtours.com\/es\/guia-de-viaje\/guia-de-viaje-a-camboya\/","og_site_name":"Asia Dream Tours","article_modified_time":"2019-07-19T05:39:02+00:00","twitter_card":"summary_large_image","twitter_misc":{"Tiempo de lectura":"6 minutos"},"schema":{"@context":"https:\/\/schema.org","@graph":[{"@type":"WebSite","@id":"https:\/\/www.asiadreamtours.com\/es\/#website","url":"https:\/\/www.asiadreamtours.com\/es\/","name":"Asia Dream Tours","description":"Travel Agency","potentialAction":[{"@type":"SearchAction","target":{"@type":"EntryPoint","urlTemplate":"https:\/\/www.asiadreamtours.com\/es\/?s={search_term_string}"},"query-input":"required name=search_term_string"}],"inLanguage":"es"},{"@type":"WebPage","@id":"https:\/\/www.asiadreamtours.com\/es\/guia-de-viaje\/guia-de-viaje-a-camboya\/#webpage","url":"https:\/\/www.asiadreamtours.com\/es\/guia-de-viaje\/guia-de-viaje-a-camboya\/","name":"Gu\u00eda de viaje a Camboya - Asia Dream Tours","isPartOf":{"@id":"https:\/\/www.asiadreamtours.com\/es\/#website"},"datePublished":"2019-05-22T13:43:36+00:00","dateModified":"2019-07-19T05:39:02+00:00","description":"Venga a Camboya en cualquier mes del a\u00f1o. No hay ninguna \u00e9poca del a\u00f1o especialmente mala para viajar por Camboya, as\u00ed que por el tema del clima no tiene que preocuparse demasiado, pues cada una tiene sus beneficios y particularidades.","breadcrumb":{"@id":"https:\/\/www.asiadreamtours.com\/es\/guia-de-viaje\/guia-de-viaje-a-camboya\/#breadcrumb"},"inLanguage":"es","potentialAction":[{"@type":"ReadAction","target":["https:\/\/www.asiadreamtours.com\/es\/guia-de-viaje\/guia-de-viaje-a-camboya\/"]}]},{"@type":"BreadcrumbList","@id":"https:\/\/www.asiadreamtours.com\/es\/guia-de-viaje\/guia-de-viaje-a-camboya\/#breadcrumb","itemListElement":[{"@type":"ListItem","position":1,"name":"Home","item":"https:\/\/www.asiadreamtours.com\/es\/"},{"@type":"ListItem","position":2,"name":"Guia de viaje","item":"https:\/\/www.asiadreamtours.com\/es\/guia-de-viaje\/"},{"@type":"ListItem","position":3,"name":"Gu\u00eda de viaje a Camboya"}]}]}},"_links":{"self":[{"href":"https:\/\/www.asiadreamtours.com\/es\/wp-json\/wp\/v2\/pages\/5234"}],"collection":[{"href":"https:\/\/www.asiadreamtours.com\/es\/wp-json\/wp\/v2\/pages"}],"about":[{"href":"https:\/\/www.asiadreamtours.com\/es\/wp-json\/wp\/v2\/types\/page"}],"author":[{"embeddable":true,"href":"https:\/\/www.asiadreamtours.com\/es\/wp-json\/wp\/v2\/users\/1"}],"replies":[{"embeddable":true,"href":"https:\/\/www.asiadreamtours.com\/es\/wp-json\/wp\/v2\/comments?post=5234"}],"version-history":[{"count":7,"href":"https:\/\/www.asiadreamtours.com\/es\/wp-json\/wp\/v2\/pages\/5234\/revisions"}],"predecessor-version":[{"id":8565,"href":"https:\/\/www.asiadreamtours.com\/es\/wp-json\/wp\/v2\/pages\/5234\/revisions\/8565"}],"up":[{"embeddable":true,"href":"https:\/\/www.asiadreamtours.com\/es\/wp-json\/wp\/v2\/pages\/5214"}],"wp:attachment":[{"href":"https:\/\/www.asiadreamtours.com\/es\/wp-json\/wp\/v2\/media?parent=5234"}],"curies":[{"name":"wp","href":"https:\/\/api.w.org\/{rel}","templated":true}]}}