{"id":7200,"date":"2019-05-31T07:23:02","date_gmt":"2019-05-31T00:23:02","guid":{"rendered":"https:\/\/www.asiadreamtours.com\/?page_id=7200"},"modified":"2025-10-06T22:36:20","modified_gmt":"2025-10-06T15:36:20","slug":"guia-de-reserva","status":"publish","type":"page","link":"https:\/\/www.asiadreamtours.com\/es\/guia-de-reserva\/","title":{"rendered":"Gu\u00eda de reserva"},"content":{"rendered":"\t<section class=\"section dark has-parallax\" id=\"section_367868121\">\n\t\t<div class=\"bg section-bg fill bg-fill  \" data-parallax-container=\".section\" data-parallax-background data-parallax=\"-5\">\n\n\t\t\t\n\t\t\t\n\t\t\t\n\n\t\t<\/div>\n\n\t\t\n\n\t\t<div class=\"section-content relative\">\n\t\t\t\n  <div id=\"page-header-257868027\" class=\"page-header-wrapper\">\n  <div class=\"page-title dark simple-title\">\n\n    \n    <div class=\"page-title-inner container align-center flex-row medium-flex-wrap\" >\n              <div class=\"title-wrapper flex-col text-left medium-text-center\">\n          <h1 class=\"entry-title mb-0\">\n            Gu\u00eda de reserva          <\/h1>\n        <\/div>\n                    <div class=\"title-content flex-col flex-right text-right medium-text-center\">\n        <div class=\"title-breadcrumbs pb-half pt-half\"><\/div>      <\/div>\n    <\/div>\n\n       <\/div>\n    <\/div>\n  \n\t\t<\/div>\n\n\t\t\n<style>\n#section_367868121 {\n  padding-top: 60px;\n  padding-bottom: 60px;\n  background-color: rgb(255,255,255);\n}\n#section_367868121 .section-bg.bg-loaded {\n  background-image: url(https:\/\/www.asiadreamtours.com\/wp-content\/uploads\/2019\/07\/phiphi123.jpg);\n}\n#section_367868121 .ux-shape-divider--top svg {\n  height: 150px;\n  --divider-top-width: 100%;\n}\n#section_367868121 .ux-shape-divider--bottom svg {\n  height: 150px;\n  --divider-width: 100%;\n}\n<\/style>\n\t<\/section>\n\t\n\t<section class=\"section\" id=\"section_160706709\">\n\t\t<div class=\"bg section-bg fill bg-fill  bg-loaded\" >\n\n\t\t\t\n\t\t\t\n\t\t\t\n\n\t\t<\/div>\n\n\t\t\n\n\t\t<div class=\"section-content relative\">\n\t\t\t\n<div class=\"row\"  id=\"row-244981475\">\n\n\t<div id=\"col-5306891\" class=\"col pb-0 small-12 large-12\"  >\n\t\t\t\t<div class=\"col-inner\"  >\n\t\t\t\n\t\t\t\n<h2>SIGA NUESTROS 3 PASOS F\u00c1CILES PARA RESERVAR SUS VACACIONES<\/h2>\n<p><strong>Primer paso:<\/strong> haga click en \u00ab<a href=\"https:\/\/www.asiadreamtours.com\/es\/planifique-su-viaje\/\">Planifique su viaje<\/a>\u00bb para enviar una consulta gratuita y h\u00e1ganos saber su idea de viaje, luego nuestra especialista en viaje se comunicar\u00e1 con usted dentro de las 24 horas con m\u00e1s consejos para sus vacaciones.<\/p>\n<p><strong>Segundo paso:<\/strong> intercambie correos electr\u00f3nicos o hable\/chatee con nuestra especialista en viaje por tel\u00e9fono para conocer mejor sus necesidades. Personalizaremos el viaje y luego le proporcionaremos la oferta enviando por correo electr\u00f3nico posteriormente. Ciertamente, su solicitud se anotar\u00e1 cuidadosamente y le mandaremos un paquete bien elaborado con un precio agradable. Siempre puede hacer cualquier cambio en el itinerario hasta que satisfaga sus expectativas.<\/p>\n<p><strong>Tercer paso:<\/strong> garantice y confirme su viaje mediante un dep\u00f3sito. Dos semanas antes de su partida, nuestro especialista en viaje le proporcionar\u00e1 todos los documentos de viaje, incluido su itinerario final, la hora de recogida y el contacto del gu\u00eda tur\u00edstico, el recibo del boleto electr\u00f3nico y cualquier documento de viaje relacionado, como la carta de aprobaci\u00f3n del visado o el kit de informaci\u00f3n previa a la partida.<\/p>\n<p>Disfrute de sus vacaciones con el soporte 24\/7 de nuestra especialista en viaje.<\/p>\n<h2 class=\"section-title\">GU\u00cdA DE PAGOS SEGUROS PARA RESERVAR NUESTROS SERVICIOS DE VIAJE<\/h2>\n<p>Cuando est\u00e9 satisfecho con nuestros tours personalizados, por favor haga un pago \/ dep\u00f3sito para asegurar su reserva. Estamos disponibles en los siguientes m\u00e9todos de pago: tarjetas de cr\u00e9dito, transferencia bancaria, Western Union, en efectivo (contacte con nuestras especialistas en viaje para obtener m\u00e1s informaci\u00f3n del pago en efectivo)<\/p>\n<p><strong>1. Transferencia Bancaria \/ Transferencia Telegr\u00e1fica:\u00a0<\/strong>Todas las transferencias bancarias deben efectuarse a nuestras cuentas bancarias (generalmente tarda por lo menos 5 d\u00edas h\u00e1biles)<\/p>\n<p><strong>2. Pago garantizado en l\u00ednea mediante OnePay con tarjeta de VISA, MASTER CARD, JCB y AMERICAN EXPRESS:<\/strong><strong>\u00a0<\/strong>Puede pagar con Visa, Master Card, JCB y American Express. Nos conectamos con pasarela de pagos de ONEPAY para aceptar el pago con tarjeta en l\u00ednea (<a href=\"http:\/\/onepay.vn\/\">www.onepay.vn<\/a>). Solo tiene que facilitarnos la informaci\u00f3n b\u00e1sica como su nombre completo, direcci\u00f3n y n\u00famero de tel\u00e9fono.<\/p>\n<p>Bas\u00e1ndonos en esta informaci\u00f3n general mencionada anteriormente, generaremos el enlace de la factura para que pueda pagar a trav\u00e9s de un sitio web seguro. Una vez que haya recibido el enlace de pago de factura, verifique la informaci\u00f3n de la factura. Si toda la informaci\u00f3n es correcta, verifique los T\u00e9rminos y Condiciones y haga clic en \u201cAcepto los T\u00e9rminos y condiciones\u201d, y haga clic en \u201cEnviar\u201d o \u201cReservar\u201d.<\/p>\n<p>Cuando se procesa la factura, es usted quien completa su n\u00famero de tarjeta de cr\u00e9dito y fecha de caducidad o cualquier otra informaci\u00f3n segura. No podremos verlo en absoluto. Toda la informaci\u00f3n de su tarjeta se procesa a trav\u00e9s del protocolo SSL con el est\u00e1ndar internacional de seguridad de la tarjeta. La informaci\u00f3n de su tarjeta no se almacenar\u00e1 en nuestro sistema (Comerciante). Tenga la seguridad de que ser\u00e1 100% seguro.<\/p>\n<p><img loading=\"lazy\" class=\" wp-image-9272 aligncenter\" src=\"https:\/\/www.asiadreamtours.com\/wp-content\/uploads\/2019\/09\/We-accept-visa-master-300x77.png\" alt=\"\" width=\"713\" height=\"183\" srcset=\"https:\/\/www.asiadreamtours.com\/wp-content\/uploads\/2019\/09\/We-accept-visa-master-300x77.png 300w, https:\/\/www.asiadreamtours.com\/wp-content\/uploads\/2019\/09\/We-accept-visa-master-768x198.png 768w, https:\/\/www.asiadreamtours.com\/wp-content\/uploads\/2019\/09\/We-accept-visa-master-20x5.png 20w, https:\/\/www.asiadreamtours.com\/wp-content\/uploads\/2019\/09\/We-accept-visa-master.png 800w\" sizes=\"(max-width: 713px) 100vw, 713px\" \/><\/p>\n<p><strong>3. Por Western Union:<\/strong>\u00a0Western Union (<a href=\"http:\/\/www.westernunion.com\/\">www.westernunion.com<\/a>) es la forma m\u00e1s r\u00e1pida de transferir sus pagos. Puede transferir dinero en una Agencia de Western Union cerca de su casa o pagar con tarjeta de cr\u00e9dito en l\u00ednea (Western Union acepta tarjetas como Visa, Master y otros tipos de tarjetas de cr\u00e9dito emitidas por bancos en su pa\u00eds de origen).<\/p>\n<ul>\n<li>Notif\u00edquenos que ha enviado el dinero con la siguiente informaci\u00f3n<\/li>\n<li>Nombre del remitente<\/li>\n<li>N\u00famero de control de transferencia de dinero (generalmente 10 n\u00fameros)<\/li>\n<li>Direcci\u00f3n del remitente<\/li>\n<\/ul>\n<p><em>Nota:<\/em> el env\u00edo de dinero en l\u00ednea est\u00e1 disponible solo en algunos pa\u00edses. Si no est\u00e1 disponible, busque una oficina de Western Union cerca de usted para enviar dinero.\u00a0Por favor tenga en cuenta que Asia Dream Tours no cubre ninguna tasa de transacci\u00f3n requerida por Western Union, tiene que pagar todos los cargos adicionales.<\/p>\n<h3 class=\"section-title\"><img loading=\"lazy\" class=\" wp-image-8999 aligncenter\" src=\"https:\/\/www.asiadreamtours.com\/wp-content\/uploads\/2019\/08\/Podemos-manejar-todo...-300x100.jpg\" alt=\"\" width=\"805\" height=\"269\" srcset=\"https:\/\/www.asiadreamtours.com\/wp-content\/uploads\/2019\/08\/Podemos-manejar-todo...-300x100.jpg 300w, https:\/\/www.asiadreamtours.com\/wp-content\/uploads\/2019\/08\/Podemos-manejar-todo...-768x256.jpg 768w, https:\/\/www.asiadreamtours.com\/wp-content\/uploads\/2019\/08\/Podemos-manejar-todo...-1024x341.jpg 1024w, https:\/\/www.asiadreamtours.com\/wp-content\/uploads\/2019\/08\/Podemos-manejar-todo...-20x7.jpg 20w\" sizes=\"(max-width: 805px) 100vw, 805px\" \/><\/h3>\n<p>Estamos comprometidos a proteger su privacidad cuando est\u00e1 en nuestro sitio web. El prop\u00f3sito de esta Pol\u00edtica de Privacidad es informarle qu\u00e9 informaci\u00f3n puede ser recopilada de usted cuando visite nuestro sitio, c\u00f3mo esta informaci\u00f3n es utilizada por nosotros, y c\u00f3mo dicha informaci\u00f3n podr\u00eda ser compartida con terceras personas, y c\u00f3mo podr\u00eda editar, actualizar, corregir o borrar dicha informaci\u00f3n.<\/p>\n<p><strong>1. Recolecci\u00f3n de Informaci\u00f3n Personal<\/strong><\/p>\n<ul>\n<li>La informaci\u00f3n recopilada a trav\u00e9s de nuestra p\u00e1gina web nos ayudar\u00e1 a Asia Dream Co., Ltd para:<\/li>\n<li>Soportar a los clientes cuando se\u00a0compran\u00a0nuestros productos<\/li>\n<li>Resolver problemas de los clientes<\/li>\n<li>Proporcionar las \u00faltimas informaciones en nuestro sitio web<\/li>\n<li>Revisar y actualizar el contenido y la interfaz del sitio web<\/li>\n<li>Realizar encuestas entre\u00a0los\u00a0clientes<\/li>\n<li>Implementar actividades de promoci\u00f3n relacionadas con los productos y servicios de <a href=\"https:\/\/www.asiadreamtours.com\/es\/\">https:\/\/www.asiadreamtours.com\/es\/<\/a><\/li>\n<\/ul>\n<p>\u2013 Para acceder y utilizar los ciertos servicios en <a href=\"https:\/\/www.asiadreamtours.com\/es\/\">https:\/\/www.asiadreamtours.com\/es\/<\/a>\u00a0se requieren registrarse\u00a0en nuestra informaci\u00f3n personal (correo electr\u00f3nico, nombre, n\u00famero de tel\u00e9fono \u2026). Toda la informaci\u00f3n declarada para asegurar la exactitud y legalidad.<\/p>\n<p>\u2013 Tambi\u00e9n podemos recopilar informaci\u00f3n sobre el n\u00famero de visitas, incluyendo el n\u00famero de p\u00e1ginas que visita, el n\u00famero de enlaces que utiliza y otra informaci\u00f3n relacionada con la conexi\u00f3n a <a href=\"https:\/\/www.asiadreamtours.com\/es\/\">https:\/\/www.asiadreamtours.com\/es\/<\/a>.<\/p>\n<p><strong>2. Uso\u00a0de\u00a0informaci\u00f3n\u00a0personal<\/strong><\/p>\n<p>\u2013 <a href=\"https:\/\/www.asiadreamtours.com\/es\/\">https:\/\/www.asiadreamtours.com\/es\/<\/a> recopila y utiliza su informaci\u00f3n personal con el prop\u00f3sito consistente y completamente compatible con el contenido de la \u201cPol\u00edtica de Privacidad\u201d.<\/p>\n<p>\u2013 Cuando sea necesario, podemos utilizar esta informaci\u00f3n para ponerse en contacto con usted directamente, tales como: enviar cartas de bienvenida, pedidos, cartas de agradecimiento, e informaci\u00f3n t\u00e9cnica acerca de\u00a0 seguridad. Usted puede recibir informaciones regulares de productos, servicios, eventos o informaci\u00f3n de empleo si suscribirse a notificaciones por correo electr\u00f3nico.<\/p>\n<p><strong>3. Compartir informaci\u00f3n personal<\/strong><\/p>\n<p>\u2013 Salvo en el caso de utilizar la informaci\u00f3n personal como se describe en esta pol\u00edtica, nos comprometemos a no divulgar su informaci\u00f3n personal al p\u00fablico.<\/p>\n<p>\u2013 En algunos casos, somos capaces de alquilar una unidad para llevar a cabo proyectos de investigaci\u00f3n de mercado independiente y luego se proporcionar\u00e1 la informaci\u00f3n para ellos para llevar a cabo el proyecto. Esta tercera parte estar\u00e1 vinculada por un acuerdo de confidencialidad en que se les permite utilizar la informaci\u00f3n proporcionada para el fin de completar el proyecto.<\/p>\n<p>\u2013 Podemos revelar o proporcionar su informaci\u00f3n personal en el caso que es realmente necesario como sigue: (a) a petici\u00f3n de los organismos encargados de hacer cumplir la ley; (b) en los casos que creemos que nos ayudar\u00e1 a proteger sus derechos leg\u00edtimos bajo la ley; (c) en los casos de emergencia y necesaria para proteger la seguridad personal de otros miembros de Asia Dream Co., Ltd.<\/p>\n<p><strong>4. Informaci\u00f3n personal protegida<\/strong><\/p>\n<p>\u2013 Cuando usted env\u00eda su informaci\u00f3n personal a nosotros, est\u00e1 de acuerdo con los t\u00e9rminos que hemos mencionado de arriba. <a href=\"https:\/\/www.asiadreamtours.com\/es\/\">https:\/\/www.asiadreamtours.com\/es\/<\/a>\u00a0compromete a proteger la informaci\u00f3n personal de los clientes en todas las formas posibles. Usaremos la seguridad\u00a0de\u00a0la tecnolog\u00eda de\u00a0la informaci\u00f3n\u00a0 tales como: est\u00e1ndar internacional PCI, SSL, etc para proteger esta informaci\u00f3n que no ser\u00e1 recuperada, usada o divulgada inesperada.<\/p>\n<p>\u2013 Sin embargo, debido a limitaciones t\u00e9cnicas, no hay datos que pueden ser transmitidos a trav\u00e9s de la conexi\u00f3n a Internet que puede ser 100% de seguridad. Por lo tanto, no podemos dar un firme compromiso de que la informaci\u00f3n que nos proporcione ser\u00e1 resguardada\u00a0en\u00a0forma\u00a0segura\u00a0yconfidencial, y declinamos\u00a0toda responsabilidad en\u00a0el\u00a0caso del acceso no autorizado a la informaci\u00f3n personal como usted comparte voluntariamente informaci\u00f3n con los dem\u00e1s. Si no est\u00e1n de acuerdo con los t\u00e9rminos como se describe anteriormente, se recomienda que usted no deba enviar informaci\u00f3n a nosotros.<\/p>\n<p>\u2013 As\u00ed que usted debe tambi\u00e9n recomienda la informaci\u00f3n de seguridad relacionada con su contrase\u00f1a de acceso y no se debe compartir con nadie m\u00e1s.<\/p>\n<p>\u2013 Si est\u00e1 utilizando un ordenador p\u00fablico, debe cerrar la sesi\u00f3n o salir de todas las ventanas abiertas del sitio web.<\/p>\n<p><strong>6. Uso\u00a0de cookies<\/strong><\/p>\n<p>\u2013 <a href=\"https:\/\/www.asiadreamtours.com\/es\/\">https:\/\/www.asiadreamtours.com\/es\/<\/a>\u00a0utiliza \u201ccookies\u201d para ayudar a personalizar y maximizar el uso eficiente de tiempo de los visitantes en l\u00ednea.<\/p>\n<p>\u2013 Una cookie es un archivo de texto que un servidor de p\u00e1ginas web coloca en su disco duro. Las cookies no pueden ser utilizadas para ejecutar programas o distribuir virus inform\u00e1ticos a su computadora. Las cookies no se pueden usar para ejecutarprogramas o enviar virus a su equipo. Las cookies se le atribuyen \u00fanicamente a usted y solo pueden ser le\u00eddas por el servidor de p\u00e1ginas Web en el \u00e1mbito en que el cual se le asignaron.<\/p>\n<p>\u2013 Uno de los principales usos de las \u201ccookies\u201d es para ahorrarle tiempo al acceder a su sitio web o visitar el sitio web <a href=\"https:\/\/www.asiadreamtours.com\/es\/\">https:\/\/www.asiadreamtours.com\/es\/<\/a> de nuevo sin volver a registrar la informaci\u00f3n disponible.<\/p>\n<p>\u2013 Usted puede aceptar o rechazar las cookies. La\u00a0mayor\u00eda\u00a0de\u00a0los\u00a0navegadores aceptancookies\u00a0autom\u00e1ticamente, pero usted puede cambiar la configuraci\u00f3n para rechazar todas las cookies, si lo prefiere. Sin embargo, si decide rechazar las cookies, es\u00a0posible que puedan obstaculizar o ser afectado negativamente a algunos servicios y funciones en la p\u00e1gina web depende de las cookies.<\/p>\n<p><strong>7. Reglamentaci\u00f3n\u00a0para\u00a0combatir el correo basura (SPAM)\u00a0<\/strong><\/p>\n<p>\u2013 <a href=\"https:\/\/www.asiadreamtours.com\/es\/\">https:\/\/www.asiadreamtours.com\/es\/<\/a> realmente nos preocupa el problema del spam (correo basura), email falso que le enviamos. Por lo tanto, <a href=\"https:\/\/www.asiadreamtours.com\/es\/\">https:\/\/www.asiadreamtours.com\/es\/<\/a>\u00a0s\u00f3lo confirma enviar un correo electr\u00f3nico a usted cuando y s\u00f3lo hay que registrarse o utilizar los servicios de nuestro sistema.<\/p>\n<p>\u2013 <a href=\"https:\/\/www.asiadreamtours.com\/es\/\">https:\/\/www.asiadreamtours.com\/es\/<\/a>\u00a0compromete a no vender, alquilar o ceder su correo electr\u00f3nico de los terceros. Si recibes\u00a0un\u00a0correo electr\u00f3nico comercial que no hayas solicitado\u00a0 desde nuestro sistema debido a una causa inesperada, por favor haga clic en el enlace disclaimer adjunta o informar directamente al administrador del sitio web.<\/p>\n<p><strong>8. Cambios de pol\u00edticas<\/strong><\/p>\n<p>\u2013 Podemos cambiar completamente el contenido en este sitio sin previo aviso, para adaptarse a las necesidades y demandas de Asia Dream Co., Ltd, as\u00ed como la retroalimentaci\u00f3n de clientes. Al actualizar el contenido de esta pol\u00edtica, vamos a revisar el tiempo \u201c\u00daltima actualizaci\u00f3n\u201d siguiente.<\/p>\n<p>\u2013 El contenido \u201cPol\u00edtica de Privacidad\u201d se aplica s\u00f3lo en <a href=\"https:\/\/www.asiadreamtours.com\/es\/\">https:\/\/www.asiadreamtours.com\/es\/<\/a>, sin incluir o relacionado con los terceros para colocar anuncios o enlaces en <a href=\"https:\/\/www.asiadreamtours.com\/es\/\">https:\/\/www.asiadreamtours.com\/es\/<\/a>.\u00a0Le animamos a leer la Pol\u00edtica de Privacidad y Seguridad del sitio de terceros antes de proporcionar informaci\u00f3n personal a dichos sitios. No somos responsables de ninguna manera por el contenido y legalidad de las p\u00e1ginas web de terceros.<\/p>\n<p>\u2013 Por lo tanto, usted acepta que, al utilizar nuestro sitio web despu\u00e9s de la edici\u00f3n significa que usted tiene que admitir, estar de acuerdo de cumplir y confiarse en esta edici\u00f3n. Por lo tanto, le sugerimos que obtenga una vista previa del contenido de esta p\u00e1gina antes de acceder a otros contenidos en el sitio web y usted debe leer y estudiar cuidadosamente el contenido \u201cPol\u00edtica de Privacidad\u201d de cada sitio web que usted est\u00e1 navegando.<\/p>\n<p><strong>9. Informaci\u00f3n\u00a0de\u00a0contacto<\/strong><\/p>\n<p>Siempre le damos la bienvenida a sus comentarios, contactos y retroalimentaci\u00f3n de usted acerca de la \u201cPol\u00edtica de Privacidad\u201d. Si usted tiene preguntas relacionadas, por favor p\u00f3ngase en contacto con nosotros en la direcci\u00f3n de correo electr\u00f3nico: <a href=\"mailto:info@asiadream-tours.com\">info@asiadream-tours.com<\/a><\/p>\n\t\t<\/div>\n\t\t\t\t\t<\/div>\n\n\t\n<\/div>\n\t\t<\/div>\n\n\t\t\n<style>\n#section_160706709 {\n  padding-top: 60px;\n  padding-bottom: 60px;\n}\n#section_160706709 .ux-shape-divider--top svg {\n  height: 150px;\n  --divider-top-width: 100%;\n}\n#section_160706709 .ux-shape-divider--bottom svg {\n  height: 150px;\n  --divider-width: 100%;\n}\n<\/style>\n\t<\/section>\n\t\n","protected":false},"excerpt":{"rendered":"","protected":false},"author":1,"featured_media":0,"parent":0,"menu_order":0,"comment_status":"closed","ping_status":"closed","template":"page-transparent-header.php","meta":[],"acf":[],"yoast_head":"<!-- This site is optimized with the Yoast SEO plugin v18.5.1 - https:\/\/yoast.com\/wordpress\/plugins\/seo\/ -->\n<title>Gu\u00eda de reserva - Asia Dream Tours<\/title>\n<meta name=\"description\" content=\"Envie una consulta gratuita y h\u00e1ganos saber su idea de viaje, luego nuestra especialista en viaje se comunicar\u00e1 con usted dentro de las 24 horas con m\u00e1s consejos para sus vacaciones.\" \/>\n<meta name=\"robots\" content=\"index, follow, max-snippet:-1, max-image-preview:large, max-video-preview:-1\" \/>\n<link rel=\"canonical\" href=\"https:\/\/www.asiadreamtours.com\/es\/guia-de-reserva\/\" \/>\n<meta property=\"og:locale\" content=\"es_ES\" \/>\n<meta property=\"og:type\" content=\"article\" \/>\n<meta property=\"og:title\" content=\"Gu\u00eda de reserva - Asia Dream Tours\" \/>\n<meta property=\"og:description\" content=\"Envie una consulta gratuita y h\u00e1ganos saber su idea de viaje, luego nuestra especialista en viaje se comunicar\u00e1 con usted dentro de las 24 horas con m\u00e1s consejos para sus vacaciones.\" \/>\n<meta property=\"og:url\" content=\"https:\/\/www.asiadreamtours.com\/es\/guia-de-reserva\/\" \/>\n<meta property=\"og:site_name\" content=\"Asia Dream Tours\" \/>\n<meta property=\"article:modified_time\" content=\"2025-10-06T15:36:20+00:00\" \/>\n<meta property=\"og:image\" content=\"https:\/\/www.asiadreamtours.com\/wp-content\/uploads\/2019\/09\/We-accept-visa-master-300x77.png\" \/>\n<meta name=\"twitter:card\" content=\"summary_large_image\" \/>\n<meta name=\"twitter:label1\" content=\"Tiempo de lectura\" \/>\n\t<meta name=\"twitter:data1\" content=\"10 minutos\" \/>\n<script type=\"application\/ld+json\" class=\"yoast-schema-graph\">{\"@context\":\"https:\/\/schema.org\",\"@graph\":[{\"@type\":\"WebSite\",\"@id\":\"https:\/\/www.asiadreamtours.com\/es\/#website\",\"url\":\"https:\/\/www.asiadreamtours.com\/es\/\",\"name\":\"Asia Dream Tours\",\"description\":\"Travel Agency\",\"potentialAction\":[{\"@type\":\"SearchAction\",\"target\":{\"@type\":\"EntryPoint\",\"urlTemplate\":\"https:\/\/www.asiadreamtours.com\/es\/?s={search_term_string}\"},\"query-input\":\"required name=search_term_string\"}],\"inLanguage\":\"es\"},{\"@type\":\"ImageObject\",\"@id\":\"https:\/\/www.asiadreamtours.com\/es\/guia-de-reserva\/#primaryimage\",\"inLanguage\":\"es\",\"url\":\"https:\/\/www.asiadreamtours.com\/wp-content\/uploads\/2019\/09\/We-accept-visa-master.png\",\"contentUrl\":\"https:\/\/www.asiadreamtours.com\/wp-content\/uploads\/2019\/09\/We-accept-visa-master.png\",\"width\":800,\"height\":206},{\"@type\":\"WebPage\",\"@id\":\"https:\/\/www.asiadreamtours.com\/es\/guia-de-reserva\/#webpage\",\"url\":\"https:\/\/www.asiadreamtours.com\/es\/guia-de-reserva\/\",\"name\":\"Gu\u00eda de reserva - Asia Dream Tours\",\"isPartOf\":{\"@id\":\"https:\/\/www.asiadreamtours.com\/es\/#website\"},\"primaryImageOfPage\":{\"@id\":\"https:\/\/www.asiadreamtours.com\/es\/guia-de-reserva\/#primaryimage\"},\"datePublished\":\"2019-05-31T00:23:02+00:00\",\"dateModified\":\"2025-10-06T15:36:20+00:00\",\"description\":\"Envie una consulta gratuita y h\u00e1ganos saber su idea de viaje, luego nuestra especialista en viaje se comunicar\u00e1 con usted dentro de las 24 horas con m\u00e1s consejos para sus vacaciones.\",\"breadcrumb\":{\"@id\":\"https:\/\/www.asiadreamtours.com\/es\/guia-de-reserva\/#breadcrumb\"},\"inLanguage\":\"es\",\"potentialAction\":[{\"@type\":\"ReadAction\",\"target\":[\"https:\/\/www.asiadreamtours.com\/es\/guia-de-reserva\/\"]}]},{\"@type\":\"BreadcrumbList\",\"@id\":\"https:\/\/www.asiadreamtours.com\/es\/guia-de-reserva\/#breadcrumb\",\"itemListElement\":[{\"@type\":\"ListItem\",\"position\":1,\"name\":\"Home\",\"item\":\"https:\/\/www.asiadreamtours.com\/es\/\"},{\"@type\":\"ListItem\",\"position\":2,\"name\":\"Gu\u00eda de reserva\"}]}]}<\/script>\n<!-- \/ Yoast SEO plugin. -->","yoast_head_json":{"title":"Gu\u00eda de reserva - Asia Dream Tours","description":"Envie una consulta gratuita y h\u00e1ganos saber su idea de viaje, luego nuestra especialista en viaje se comunicar\u00e1 con usted dentro de las 24 horas con m\u00e1s consejos para sus vacaciones.","robots":{"index":"index","follow":"follow","max-snippet":"max-snippet:-1","max-image-preview":"max-image-preview:large","max-video-preview":"max-video-preview:-1"},"canonical":"https:\/\/www.asiadreamtours.com\/es\/guia-de-reserva\/","og_locale":"es_ES","og_type":"article","og_title":"Gu\u00eda de reserva - Asia Dream Tours","og_description":"Envie una consulta gratuita y h\u00e1ganos saber su idea de viaje, luego nuestra especialista en viaje se comunicar\u00e1 con usted dentro de las 24 horas con m\u00e1s consejos para sus vacaciones.","og_url":"https:\/\/www.asiadreamtours.com\/es\/guia-de-reserva\/","og_site_name":"Asia Dream Tours","article_modified_time":"2025-10-06T15:36:20+00:00","og_image":[{"url":"https:\/\/www.asiadreamtours.com\/wp-content\/uploads\/2019\/09\/We-accept-visa-master-300x77.png"}],"twitter_card":"summary_large_image","twitter_misc":{"Tiempo de lectura":"10 minutos"},"schema":{"@context":"https:\/\/schema.org","@graph":[{"@type":"WebSite","@id":"https:\/\/www.asiadreamtours.com\/es\/#website","url":"https:\/\/www.asiadreamtours.com\/es\/","name":"Asia Dream Tours","description":"Travel Agency","potentialAction":[{"@type":"SearchAction","target":{"@type":"EntryPoint","urlTemplate":"https:\/\/www.asiadreamtours.com\/es\/?s={search_term_string}"},"query-input":"required name=search_term_string"}],"inLanguage":"es"},{"@type":"ImageObject","@id":"https:\/\/www.asiadreamtours.com\/es\/guia-de-reserva\/#primaryimage","inLanguage":"es","url":"https:\/\/www.asiadreamtours.com\/wp-content\/uploads\/2019\/09\/We-accept-visa-master.png","contentUrl":"https:\/\/www.asiadreamtours.com\/wp-content\/uploads\/2019\/09\/We-accept-visa-master.png","width":800,"height":206},{"@type":"WebPage","@id":"https:\/\/www.asiadreamtours.com\/es\/guia-de-reserva\/#webpage","url":"https:\/\/www.asiadreamtours.com\/es\/guia-de-reserva\/","name":"Gu\u00eda de reserva - Asia Dream Tours","isPartOf":{"@id":"https:\/\/www.asiadreamtours.com\/es\/#website"},"primaryImageOfPage":{"@id":"https:\/\/www.asiadreamtours.com\/es\/guia-de-reserva\/#primaryimage"},"datePublished":"2019-05-31T00:23:02+00:00","dateModified":"2025-10-06T15:36:20+00:00","description":"Envie una consulta gratuita y h\u00e1ganos saber su idea de viaje, luego nuestra especialista en viaje se comunicar\u00e1 con usted dentro de las 24 horas con m\u00e1s consejos para sus vacaciones.","breadcrumb":{"@id":"https:\/\/www.asiadreamtours.com\/es\/guia-de-reserva\/#breadcrumb"},"inLanguage":"es","potentialAction":[{"@type":"ReadAction","target":["https:\/\/www.asiadreamtours.com\/es\/guia-de-reserva\/"]}]},{"@type":"BreadcrumbList","@id":"https:\/\/www.asiadreamtours.com\/es\/guia-de-reserva\/#breadcrumb","itemListElement":[{"@type":"ListItem","position":1,"name":"Home","item":"https:\/\/www.asiadreamtours.com\/es\/"},{"@type":"ListItem","position":2,"name":"Gu\u00eda de reserva"}]}]}},"_links":{"self":[{"href":"https:\/\/www.asiadreamtours.com\/es\/wp-json\/wp\/v2\/pages\/7200"}],"collection":[{"href":"https:\/\/www.asiadreamtours.com\/es\/wp-json\/wp\/v2\/pages"}],"about":[{"href":"https:\/\/www.asiadreamtours.com\/es\/wp-json\/wp\/v2\/types\/page"}],"author":[{"embeddable":true,"href":"https:\/\/www.asiadreamtours.com\/es\/wp-json\/wp\/v2\/users\/1"}],"replies":[{"embeddable":true,"href":"https:\/\/www.asiadreamtours.com\/es\/wp-json\/wp\/v2\/comments?post=7200"}],"version-history":[{"count":21,"href":"https:\/\/www.asiadreamtours.com\/es\/wp-json\/wp\/v2\/pages\/7200\/revisions"}],"predecessor-version":[{"id":9924,"href":"https:\/\/www.asiadreamtours.com\/es\/wp-json\/wp\/v2\/pages\/7200\/revisions\/9924"}],"wp:attachment":[{"href":"https:\/\/www.asiadreamtours.com\/es\/wp-json\/wp\/v2\/media?parent=7200"}],"curies":[{"name":"wp","href":"https:\/\/api.w.org\/{rel}","templated":true}]}}