{"id":7205,"date":"2019-05-31T07:31:12","date_gmt":"2019-05-31T00:31:12","guid":{"rendered":"https:\/\/www.asiadreamtours.com\/?page_id=7205"},"modified":"2022-10-01T20:53:55","modified_gmt":"2022-10-01T13:53:55","slug":"seguridad-al-viajar","status":"publish","type":"page","link":"https:\/\/www.asiadreamtours.com\/es\/seguridad-al-viajar\/","title":{"rendered":"Seguridad al viajar"},"content":{"rendered":"\t<section class=\"section dark has-parallax\" id=\"section_295346760\">\n\t\t<div class=\"bg section-bg fill bg-fill  \" data-parallax-container=\".section\" data-parallax-background data-parallax=\"-5\">\n\n\t\t\t\n\t\t\t<div class=\"section-bg-overlay absolute fill\"><\/div>\n\t\t\t\n\n\t\t<\/div>\n\n\t\t\n\n\t\t<div class=\"section-content relative\">\n\t\t\t\n  <div id=\"page-header-1711227375\" class=\"page-header-wrapper\">\n  <div class=\"page-title dark simple-title\">\n\n    \n    <div class=\"page-title-inner container align-center flex-row medium-flex-wrap\" >\n              <div class=\"title-wrapper flex-col text-left medium-text-center\">\n          <h1 class=\"entry-title mb-0\">\n            Seguridad al viajar          <\/h1>\n        <\/div>\n                    <div class=\"title-content flex-col flex-right text-right medium-text-center\">\n        <div class=\"title-breadcrumbs pb-half pt-half\"><\/div>      <\/div>\n    <\/div>\n\n       <\/div>\n    <\/div>\n  \n\t\t<\/div>\n\n\t\t\n<style>\n#section_295346760 {\n  padding-top: 60px;\n  padding-bottom: 60px;\n}\n#section_295346760 .section-bg-overlay {\n  background-color: rgba(0, 0, 0, 0.2);\n}\n#section_295346760 .section-bg.bg-loaded {\n  background-image: url(https:\/\/www.asiadreamtours.com\/wp-content\/uploads\/2019\/05\/Novice-monks-walking-on-pagoda-mandalaymyanmar.jpg);\n}\n#section_295346760 .ux-shape-divider--top svg {\n  height: 150px;\n  --divider-top-width: 100%;\n}\n#section_295346760 .ux-shape-divider--bottom svg {\n  height: 150px;\n  --divider-width: 100%;\n}\n<\/style>\n\t<\/section>\n\t\n\t<section class=\"section\" id=\"section_1559664571\">\n\t\t<div class=\"bg section-bg fill bg-fill  bg-loaded\" >\n\n\t\t\t\n\t\t\t\n\t\t\t\n\n\t\t<\/div>\n\n\t\t\n\n\t\t<div class=\"section-content relative\">\n\t\t\t\n<div class=\"row\"  id=\"row-1271713909\">\n\n\t<div id=\"col-775195079\" class=\"col pb-0 small-12 large-12\"  >\n\t\t\t\t<div class=\"col-inner\"  >\n\t\t\t\n\t\t\t\n<p>La seguridad es un tema decisivo a la hora de escoger un destino, pero debemos tomar en cuenta que nuestra integridad depende en gran parte de las precauciones que tengamos al momento de viajar.\u00a0Es necesario ser\u00a0precavido\u00a0y sobre todo usar la l\u00f3gica y el sentido com\u00fan en seg\u00fan qu\u00e9 situaciones. Pero no hay que tener excesivo miedo cuando se viaja por el mundo porque, por norma general, lo m\u00e1s probable es que si hace las cosas bien no le pase nada.<\/p>\n<p>Si bien hay factores que se salen de nuestras manos, hay medidas preventivas que son muy f\u00e1ciles de incorporar a nuestra rutina de viajes y, una vez que lo haga, autom\u00e1ticamente estar\u00e1n dentro del check list para sus pr\u00f3ximas aventuras.<\/p>\n<p><img loading=\"lazy\" class=\" wp-image-9853 aligncenter\" src=\"https:\/\/www.asiadreamtours.com\/wp-content\/uploads\/2022\/10\/seguridad-al-viajar-300x200.jpg\" alt=\"\" width=\"817\" height=\"544\" srcset=\"https:\/\/www.asiadreamtours.com\/wp-content\/uploads\/2022\/10\/seguridad-al-viajar-300x200.jpg 300w, https:\/\/www.asiadreamtours.com\/wp-content\/uploads\/2022\/10\/seguridad-al-viajar-768x512.jpg 768w, https:\/\/www.asiadreamtours.com\/wp-content\/uploads\/2022\/10\/seguridad-al-viajar.jpg 800w\" sizes=\"(max-width: 817px) 100vw, 817px\" \/><\/p>\n<p><strong>Define su tipo de viaje<\/strong><\/p>\n<p>Definir su tipo de viaje le ayudar\u00e1 a precisar los cuidados que debe tener antes y durante la experiencia, como el tipo de seguro m\u00e9dico que necesita, las vacunas que se requieren para determinadas zonas, las precauciones alimenticias (por si tiene alguna dieta especial), el equipaje, las zonas que quiere visitar, etc.\u00a0Est\u00e1 haciendo la elecci\u00f3n correcta contratando un viaje a medida con Asia Dream Tours. No tiene que hace nada, solo hacer la maleta y viajar, deje las preocupaciones para nosotros. Un tour privado realizado por una compa\u00f1\u00eda local como Asia Dream Tours le ahorra muchos gastos inesperados. Nuestra compa\u00f1\u00eda local trabaja directamente con los hoteles, los medios de transporte, las aerol\u00edneas, los gu\u00edas tur\u00edsticos\u2026 en la propia moneda.<\/p>\n<p><strong>Escoge bien su destino<\/strong><\/p>\n<p>Si quiere viajar a un destino con paisajes impresionantes, de esos que salen en todas las fotos de<em>\u00a0\u201clos lugares m\u00e1s incre\u00edbles que tiene que ver antes de morir\u201d<\/em>, pero no sabe nada del pa\u00eds o de c\u00f3mo llegar, entonces averigua bien. Cada vez est\u00e1 m\u00e1s de moda ir a Vietnam y, de paso, visitar Camboya y Laos. \u00bfQu\u00e9 tal si viaja \u00a0al\u201d\u00a0pa\u00eds de las sonrisas\u201d de Tailandia o pa\u00eds misterioso de Birmania? Sudeste asi\u00e1tico tiene una magia especial que llama a muchos viajeros y les invita a realizar una escapada m\u00e1s larga de lo habitual.<em>\u00a0<\/em>Nuestras especialistas en viaje pueden ayudarle a escoger un destino m\u00e1s adecuado seg\u00fan sus intereses y presupuesto.<\/p>\n<p><strong>Contrata un seguro de viajes<\/strong><\/p>\n<p>Esto es lo m\u00e1s importante a la hora de salir de viaje pero la mayor\u00eda de viajeros queremos ahorrar porque ya nos ha costado mucho llegar a este punto y, adem\u00e1s, hemos hecho tantas locuras sin que nos pase nada. Lo cierto es que,\u00a0por m\u00e1s cuidado que tenga, no est\u00e1 exento de que alguna emergencia ocurra durante el viaje\u00a0y lo mejor es que en ese momento no tenga que preocuparse por restarle muchos n\u00fameros a su presupuesto para resolverla. En la actualidad la oferta es amplia y generalmente incluye\u00a0cobertura en emergencias de salud, p\u00e9rdida de equipaje, robo de documentos y hasta retrasos o cancelaciones de vuelos.<\/p>\n<p><strong>Tenga su propio botiqu\u00edn<\/strong><\/p>\n<p>No es necesario que sea un s\u00faper malet\u00edn de enfermer\u00eda para hipocondr\u00edacos, pero s\u00ed\u00a0que tenga lo b\u00e1sico que usted sabe que puede necesitar en determinadas situaciones.\u00a0La verdad es que con los precios y abastecimientos de determinadas medicinas nunca se sabe, as\u00ed que\u00a0si toma alg\u00fan medicamente en especial, lleva suficiente con usted. Si no toma nada regularmente, igual le recomiendo llevar las medicinas que acostumbra tomar si tiene alg\u00fan dolor (de cabeza, muscular o tendones), malestar estomacal (que suele ser un problema recurrente en los viajeros), etc.<\/p>\n<p><strong>Deje sus documentos originales en un lugar seguro<\/strong><\/p>\n<p>Principalmente el pasaporte, porque todo puede perderse menos eso. Claro que tampoco puede salir indocumentado, as\u00ed que las soluciones son simples:\u00a0saque copias de su pasaporte y t\u00e9ngalas con usted junto con su c\u00e9dula, por si en alguna ocasi\u00f3n le piden papeles;\u00a0y tenga siempre estos papeles escaneados en su correo electr\u00f3nico.<\/p>\n<p>Los hoteles suelen tener servicio de caja fuerte para que pueda guardar el pasaporte, dinero y otras pertenencias que considere indispensables.<\/p>\n<p>Apunte los siguientes\u00a0tel\u00e9fonos de emergencia\u00a0en un papelito y ll\u00e9velo siempre: n\u00famero de \u201ccancelaci\u00f3n de tarjetas\u201d de su banco, tel\u00e9fono de su seguro de viaje y n\u00famero de p\u00f3liza (en caso de emergencia), contacto de pariente. Tambi\u00e9n tenga a la mano los n\u00fameros de emergencia de destino que pueda necesitar (ambulancia, polic\u00eda\u2026).<\/p>\n<p><strong>\u00bfQu\u00e9 hacer con su dinero y sus cosas de valor?<\/strong><\/p>\n<p>Evite viajar con la totalidad del dinero en efectivo. Utilice tarjetas de cr\u00e9dito y d\u00e9bito. Si lleva grandes cantidades de dinero, cosa que no le aconsejamos,\u00a0\u00a1nunca lo muestre en p\u00fablico!. Nunca lo guarde todo junto, reparta el dinero\u00a0por sus diferentes pertenencias. Si pierde su cartera, por ejemplo, que no la pierda con todo el dinero dentro.<\/p>\n<p>Siempre que pueda,\u00a0saca dinero en lugares con gente y de d\u00eda.\u00a0La copia de tarjetas de cr\u00e9dito o el bloqueo de la salida del dinero en los cajeros autom\u00e1ticos es algo que nos puede ocasionar p\u00e9rdidas importantes de dinero. Para no caer en estas trampas de los maleantes, \u00e9chese un vistazo a los cajeros que utilice antes de tratar de sacar dinero. Mire la abertura para la tarjeta y compruebe que no haya ninguna pieza o material sospechoso; lo mismo en la zona por la que saldr\u00e1 su dinero.<\/p>\n<p>Ll\u00e9vese varios\u00a0candados de combinaci\u00f3n, as\u00ed no perder\u00e1 la llave. No muestre demasiado sus cosas de valor (c\u00e1mara, ordenador\u2026). Cuando est\u00e9 de viaje nadie le conocer\u00e1 y no ser\u00e1 necesario vestir de forma que llame la atenci\u00f3n.\u00a0Con los d\u00edas le encontrar\u00e1 con que la simpleza es la mejor opci\u00f3n. No lleve joyas de valor (pendientes, anillos o collares).<\/p>\n<p><strong>Si tiene dudas en relaci\u00f3n a la seguridad pregunta a la gente local<\/strong><\/p>\n<p>No hay mejor consejero que la propia gente del pa\u00eds que visita. Si tiene dudas o necesita consejos de seguridad para viajar una vez est\u00e9 en el destino, no deje de hablar con los locales y preguntarles cualquier cosa que necesite.<\/p>\n<p>La mayor\u00eda de las personas con las que le cruce ser\u00e1n amigables y estar\u00e1n encantadas de ayudarle y orientarle. Eso s\u00ed, siempre es conveniente preguntar a varias personas, no solo a una, por si la primera no nos ha sabido aconsejar del todo bien o simplemente para contrastar opiniones.<\/p>\n<p><strong>Tenga cuidado con los taxis<\/strong><\/p>\n<p>Cada pa\u00eds, e incluso cada ciudad, no se aconsejan tomar taxis en la calle. Siempre considera llamar a uno desde su hotel o asegurarse completamente que se trata de un taxi oficial.<\/p>\n<p>Si se da que tenga que tomarlo en la calle, d\u00e9jese guiar por la intuici\u00f3n y aseg\u00farese de tomarse el tiempo suficiente para elegir al conductor que m\u00e1s le convenza. As\u00ed que averigua si utiliza tax\u00edmetro antes de subir al taxi. Adem\u00e1s, intente tomar una foto de la matr\u00edcula y que el chofer lo vea.<\/p>\n<p><b>Alimentos<\/b><\/p>\n<p>No hay nada m\u00e1s com\u00fan que la diarrea del viajero. Algo que debe evitar a toda costa para no pasar mal varios d\u00edas de su viaje. Algunas de las cosas que siempre incluyo en el kit de viaje son alcohol en gel, spray anti bacterias y pa\u00f1os h\u00famedos con desinfectante. De esta manera siempre podr\u00e1 estar limpio antes de comer o si tiene que usar un ba\u00f1o p\u00fablico.<\/p>\n<p>Por otra parte, en muchos pa\u00edses el agua del grifo no es potable.<\/p>\n<p>Evitar el consumo de ensaladas y frutas mal lavadas, a menos que las lave con sus propias manos.<\/p>\n<p>No ingerir alimentos que se han mantenido a temperatura ambiente o que hayan sido expuestos a insectos o moscas.<\/p>\n<p>No consumir leche, queso o productos l\u00e1cteos sin pasteurizar, ni pescado o marisco crudo o mal cocinado.<\/p>\n<p>Evitar los establecimientos donde no se est\u00e9 seguro de que practican una buena higiene.<\/p>\n<p><strong>Contrata tours con una agencia de viaje certificada<\/strong><\/p>\n<p>Es muy importante que sea guiado por personas que conocen bien la geograf\u00eda, condiciones clim\u00e1ticas y dem\u00e1s factores que influyen en la visita.<\/p>\n<p>Una agencia de viaje local tiene mejor experiencia en el destino. Sabe lo que le gusta y por eso le tiene preparado para viajar los paquetes que nunca fallan.<\/p>\n<p>Podr\u00e1 personalizar su viaje desde cero, o seleccionar cualquiera de nuestros ellos y modificarlo a su antojo hasta que est\u00e9 completamente perfecto. Asia Dream Tours puede gestionar su viaje desde el destino, trabajando codo con codo con los proveedores locales y nuestros propios gu\u00edas, teni\u00e9ndonos muy cerca durante su viaje. Esto nos hace ofrecer los mejores precios m\u00e1s competitivos que ninguna otra\u00a0agencia de viajes de destinos asi\u00e1ticos pueda ofrecer.<\/p>\n<h3><em><strong>\u00a1Viaje seguro con Asia Dream Tours!<\/strong><\/em><\/h3>\n\t\t<\/div>\n\t\t\t\t\t<\/div>\n\n\t\n<\/div>\n\t\t<\/div>\n\n\t\t\n<style>\n#section_1559664571 {\n  padding-top: 60px;\n  padding-bottom: 60px;\n}\n#section_1559664571 .ux-shape-divider--top svg {\n  height: 150px;\n  --divider-top-width: 100%;\n}\n#section_1559664571 .ux-shape-divider--bottom svg {\n  height: 150px;\n  --divider-width: 100%;\n}\n<\/style>\n\t<\/section>\n\t\n","protected":false},"excerpt":{"rendered":"","protected":false},"author":1,"featured_media":0,"parent":0,"menu_order":0,"comment_status":"closed","ping_status":"closed","template":"page-transparent-header.php","meta":[],"acf":[],"yoast_head":"<!-- This site is optimized with the Yoast SEO plugin v18.5.1 - https:\/\/yoast.com\/wordpress\/plugins\/seo\/ -->\n<title>Seguridad al viajar - Asia Dream Tours<\/title>\n<meta name=\"description\" content=\"Una agencia de viaje local tiene mejor experiencia en el destino. Viaje seguro con Asia Dream Tours...\" \/>\n<meta name=\"robots\" content=\"index, follow, max-snippet:-1, max-image-preview:large, max-video-preview:-1\" \/>\n<link rel=\"canonical\" href=\"https:\/\/www.asiadreamtours.com\/es\/seguridad-al-viajar\/\" \/>\n<meta property=\"og:locale\" content=\"es_ES\" \/>\n<meta property=\"og:type\" content=\"article\" \/>\n<meta property=\"og:title\" content=\"Seguridad al viajar - Asia Dream Tours\" \/>\n<meta property=\"og:description\" content=\"Una agencia de viaje local tiene mejor experiencia en el destino. Viaje seguro con Asia Dream Tours...\" \/>\n<meta property=\"og:url\" content=\"https:\/\/www.asiadreamtours.com\/es\/seguridad-al-viajar\/\" \/>\n<meta property=\"og:site_name\" content=\"Asia Dream Tours\" \/>\n<meta property=\"article:modified_time\" content=\"2022-10-01T13:53:55+00:00\" \/>\n<meta property=\"og:image\" content=\"https:\/\/www.asiadreamtours.com\/wp-content\/uploads\/2022\/10\/seguridad-al-viajar-300x200.jpg\" \/>\n<meta name=\"twitter:card\" content=\"summary_large_image\" \/>\n<meta name=\"twitter:label1\" content=\"Tiempo de lectura\" \/>\n\t<meta name=\"twitter:data1\" content=\"7 minutos\" \/>\n<script type=\"application\/ld+json\" class=\"yoast-schema-graph\">{\"@context\":\"https:\/\/schema.org\",\"@graph\":[{\"@type\":\"WebSite\",\"@id\":\"https:\/\/www.asiadreamtours.com\/es\/#website\",\"url\":\"https:\/\/www.asiadreamtours.com\/es\/\",\"name\":\"Asia Dream Tours\",\"description\":\"Travel Agency\",\"potentialAction\":[{\"@type\":\"SearchAction\",\"target\":{\"@type\":\"EntryPoint\",\"urlTemplate\":\"https:\/\/www.asiadreamtours.com\/es\/?s={search_term_string}\"},\"query-input\":\"required name=search_term_string\"}],\"inLanguage\":\"es\"},{\"@type\":\"ImageObject\",\"@id\":\"https:\/\/www.asiadreamtours.com\/es\/seguridad-al-viajar\/#primaryimage\",\"inLanguage\":\"es\",\"url\":\"https:\/\/www.asiadreamtours.com\/wp-content\/uploads\/2022\/10\/seguridad-al-viajar.jpg\",\"contentUrl\":\"https:\/\/www.asiadreamtours.com\/wp-content\/uploads\/2022\/10\/seguridad-al-viajar.jpg\",\"width\":800,\"height\":533},{\"@type\":\"WebPage\",\"@id\":\"https:\/\/www.asiadreamtours.com\/es\/seguridad-al-viajar\/#webpage\",\"url\":\"https:\/\/www.asiadreamtours.com\/es\/seguridad-al-viajar\/\",\"name\":\"Seguridad al viajar - Asia Dream Tours\",\"isPartOf\":{\"@id\":\"https:\/\/www.asiadreamtours.com\/es\/#website\"},\"primaryImageOfPage\":{\"@id\":\"https:\/\/www.asiadreamtours.com\/es\/seguridad-al-viajar\/#primaryimage\"},\"datePublished\":\"2019-05-31T00:31:12+00:00\",\"dateModified\":\"2022-10-01T13:53:55+00:00\",\"description\":\"Una agencia de viaje local tiene mejor experiencia en el destino. Viaje seguro con Asia Dream Tours...\",\"breadcrumb\":{\"@id\":\"https:\/\/www.asiadreamtours.com\/es\/seguridad-al-viajar\/#breadcrumb\"},\"inLanguage\":\"es\",\"potentialAction\":[{\"@type\":\"ReadAction\",\"target\":[\"https:\/\/www.asiadreamtours.com\/es\/seguridad-al-viajar\/\"]}]},{\"@type\":\"BreadcrumbList\",\"@id\":\"https:\/\/www.asiadreamtours.com\/es\/seguridad-al-viajar\/#breadcrumb\",\"itemListElement\":[{\"@type\":\"ListItem\",\"position\":1,\"name\":\"Home\",\"item\":\"https:\/\/www.asiadreamtours.com\/es\/\"},{\"@type\":\"ListItem\",\"position\":2,\"name\":\"Seguridad al viajar\"}]}]}<\/script>\n<!-- \/ Yoast SEO plugin. -->","yoast_head_json":{"title":"Seguridad al viajar - Asia Dream Tours","description":"Una agencia de viaje local tiene mejor experiencia en el destino. Viaje seguro con Asia Dream Tours...","robots":{"index":"index","follow":"follow","max-snippet":"max-snippet:-1","max-image-preview":"max-image-preview:large","max-video-preview":"max-video-preview:-1"},"canonical":"https:\/\/www.asiadreamtours.com\/es\/seguridad-al-viajar\/","og_locale":"es_ES","og_type":"article","og_title":"Seguridad al viajar - Asia Dream Tours","og_description":"Una agencia de viaje local tiene mejor experiencia en el destino. Viaje seguro con Asia Dream Tours...","og_url":"https:\/\/www.asiadreamtours.com\/es\/seguridad-al-viajar\/","og_site_name":"Asia Dream Tours","article_modified_time":"2022-10-01T13:53:55+00:00","og_image":[{"url":"https:\/\/www.asiadreamtours.com\/wp-content\/uploads\/2022\/10\/seguridad-al-viajar-300x200.jpg"}],"twitter_card":"summary_large_image","twitter_misc":{"Tiempo de lectura":"7 minutos"},"schema":{"@context":"https:\/\/schema.org","@graph":[{"@type":"WebSite","@id":"https:\/\/www.asiadreamtours.com\/es\/#website","url":"https:\/\/www.asiadreamtours.com\/es\/","name":"Asia Dream Tours","description":"Travel Agency","potentialAction":[{"@type":"SearchAction","target":{"@type":"EntryPoint","urlTemplate":"https:\/\/www.asiadreamtours.com\/es\/?s={search_term_string}"},"query-input":"required name=search_term_string"}],"inLanguage":"es"},{"@type":"ImageObject","@id":"https:\/\/www.asiadreamtours.com\/es\/seguridad-al-viajar\/#primaryimage","inLanguage":"es","url":"https:\/\/www.asiadreamtours.com\/wp-content\/uploads\/2022\/10\/seguridad-al-viajar.jpg","contentUrl":"https:\/\/www.asiadreamtours.com\/wp-content\/uploads\/2022\/10\/seguridad-al-viajar.jpg","width":800,"height":533},{"@type":"WebPage","@id":"https:\/\/www.asiadreamtours.com\/es\/seguridad-al-viajar\/#webpage","url":"https:\/\/www.asiadreamtours.com\/es\/seguridad-al-viajar\/","name":"Seguridad al viajar - Asia Dream Tours","isPartOf":{"@id":"https:\/\/www.asiadreamtours.com\/es\/#website"},"primaryImageOfPage":{"@id":"https:\/\/www.asiadreamtours.com\/es\/seguridad-al-viajar\/#primaryimage"},"datePublished":"2019-05-31T00:31:12+00:00","dateModified":"2022-10-01T13:53:55+00:00","description":"Una agencia de viaje local tiene mejor experiencia en el destino. Viaje seguro con Asia Dream Tours...","breadcrumb":{"@id":"https:\/\/www.asiadreamtours.com\/es\/seguridad-al-viajar\/#breadcrumb"},"inLanguage":"es","potentialAction":[{"@type":"ReadAction","target":["https:\/\/www.asiadreamtours.com\/es\/seguridad-al-viajar\/"]}]},{"@type":"BreadcrumbList","@id":"https:\/\/www.asiadreamtours.com\/es\/seguridad-al-viajar\/#breadcrumb","itemListElement":[{"@type":"ListItem","position":1,"name":"Home","item":"https:\/\/www.asiadreamtours.com\/es\/"},{"@type":"ListItem","position":2,"name":"Seguridad al viajar"}]}]}},"_links":{"self":[{"href":"https:\/\/www.asiadreamtours.com\/es\/wp-json\/wp\/v2\/pages\/7205"}],"collection":[{"href":"https:\/\/www.asiadreamtours.com\/es\/wp-json\/wp\/v2\/pages"}],"about":[{"href":"https:\/\/www.asiadreamtours.com\/es\/wp-json\/wp\/v2\/types\/page"}],"author":[{"embeddable":true,"href":"https:\/\/www.asiadreamtours.com\/es\/wp-json\/wp\/v2\/users\/1"}],"replies":[{"embeddable":true,"href":"https:\/\/www.asiadreamtours.com\/es\/wp-json\/wp\/v2\/comments?post=7205"}],"version-history":[{"count":8,"href":"https:\/\/www.asiadreamtours.com\/es\/wp-json\/wp\/v2\/pages\/7205\/revisions"}],"predecessor-version":[{"id":9855,"href":"https:\/\/www.asiadreamtours.com\/es\/wp-json\/wp\/v2\/pages\/7205\/revisions\/9855"}],"wp:attachment":[{"href":"https:\/\/www.asiadreamtours.com\/es\/wp-json\/wp\/v2\/media?parent=7205"}],"curies":[{"name":"wp","href":"https:\/\/api.w.org\/{rel}","templated":true}]}}