{"id":7214,"date":"2019-05-31T07:43:17","date_gmt":"2019-05-31T00:43:17","guid":{"rendered":"https:\/\/www.asiadreamtours.com\/?page_id=7214"},"modified":"2019-10-26T22:30:42","modified_gmt":"2019-10-26T15:30:42","slug":"terminos-y-condiciones","status":"publish","type":"page","link":"https:\/\/www.asiadreamtours.com\/es\/terminos-y-condiciones\/","title":{"rendered":"T\u00e9rminos y Condiciones"},"content":{"rendered":"\t<section class=\"section dark has-parallax\" id=\"section_132400197\">\n\t\t<div class=\"bg section-bg fill bg-fill  \" data-parallax-container=\".section\" data-parallax-background data-parallax=\"-5\">\n\n\t\t\t\n\t\t\t\n\t\t\t\n\n\t\t<\/div>\n\n\t\t\n\n\t\t<div class=\"section-content relative\">\n\t\t\t\n  <div id=\"page-header-750900484\" class=\"page-header-wrapper\">\n  <div class=\"page-title dark simple-title\">\n\n    \n    <div class=\"page-title-inner container align-center flex-row medium-flex-wrap\" >\n              <div class=\"title-wrapper flex-col text-left medium-text-center\">\n          <h1 class=\"entry-title mb-0\">\n            T\u00e9rminos y Condiciones          <\/h1>\n        <\/div>\n                    <div class=\"title-content flex-col flex-right text-right medium-text-center\">\n        <div class=\"title-breadcrumbs pb-half pt-half\"><\/div>      <\/div>\n    <\/div>\n\n       <\/div>\n    <\/div>\n  \n\t\t<\/div>\n\n\t\t\n<style>\n#section_132400197 {\n  padding-top: 60px;\n  padding-bottom: 60px;\n}\n#section_132400197 .section-bg.bg-loaded {\n  background-image: url(https:\/\/www.asiadreamtours.com\/wp-content\/uploads\/2019\/05\/Hmong-ethnic-minority-children-on-June-13-2015-in-Mucangchai-Vietnam.-Hmong-is-the-8th-largest-ethnic-group-in-Vietnam.jpg);\n}\n#section_132400197 .ux-shape-divider--top svg {\n  height: 150px;\n  --divider-top-width: 100%;\n}\n#section_132400197 .ux-shape-divider--bottom svg {\n  height: 150px;\n  --divider-width: 100%;\n}\n<\/style>\n\t<\/section>\n\t\n\t<section class=\"section\" id=\"section_1063407903\">\n\t\t<div class=\"bg section-bg fill bg-fill  bg-loaded\" >\n\n\t\t\t\n\t\t\t\n\t\t\t\n\n\t\t<\/div>\n\n\t\t\n\n\t\t<div class=\"section-content relative\">\n\t\t\t\n<div class=\"row\"  id=\"row-1095087537\">\n\n\t<div id=\"col-2037172538\" class=\"col pb-0 small-12 large-12\"  >\n\t\t\t\t<div class=\"col-inner\"  >\n\t\t\t\n\t\t\t\n<p>Hacemos todo lo posible para proporcionar un viaje divertido y seguro. A pesar de ello, cualquier viaje tiene riegos, por lo que recomendamos encarecidamente la contrataci\u00f3n de un seguro de viaje adecuado a su aventura. El viajero debe tener un seguro de viaje que cubre por lo menos: los gastos m\u00e9dicos y la repatriaci\u00f3n de emergencia. Recomendamos que la p\u00f3liza de seguro cubra tambi\u00e9n la responsabilidad civil, la cancelaci\u00f3n, la p\u00e9rdida del equipaje y de los bienes personales. Contacte con su seguro de viaje de su pa\u00eds-banco para m\u00e1s detalles sobre el seguro, el nivel de cubierta y el n\u00famero de tel\u00e9fono de emergencia.<\/p>\n<p><strong>NOTAS IMPORTANTES (a leer atentamente)<\/strong><\/p>\n<ul>\n<li>Aseg\u00farese de que su pasaporte tenga al menos 6 meses de validez a partir de la fecha de entrada.<\/li>\n<li>Le informamos de que los horarios de vuelos, los hoteles y otros servicios, as\u00ed como los d\u00edas de viaje est\u00e1n sujetos a las disponibilidades. En caso de cancelaci\u00f3n o de retraso de los vuelos, Asia Dream Tours se esforzar\u00e1 por encontrar una alternativa de valor equivalente a lo que est\u00e1 indicado en nuestras condiciones de reserva.<\/li>\n<li>Los horarios de viaje indicados en este programa s\u00f3lo son aproximados. Depender\u00e1n del tiempo, del tr\u00e1fico, del estado de la carretera o de toda otra condici\u00f3n v\u00e1lida.<\/li>\n<li>No somos responsables si entra en un pa\u00eds sin tener un visado adecuado. Asia Dream Tours puede arreglar los tr\u00e1mites de visa para su viaje a Vietnam. Si necesita m\u00e1s informaci\u00f3n, no dude en contactarnos.<\/li>\n<\/ul>\n<p><strong>Bah\u00eda de Halong<\/strong><\/p>\n<ul>\n<li>Las autoridades locales tienen el derecho de retrasar o cancelar el crucero por la Bah\u00eda de Halong a cualquier momento, incluso durante el crucero si piensan que las condiciones clim\u00e1ticas pueden perjudicar al buen desarrollo del crucero.<\/li>\n<li>Si tal situaci\u00f3n ocurre, el equipo de venta de Asia Dream Tours o el responsable clientes a bordo del barco les propondr\u00e1 alternativas. Por favor, noten bien que Asia Dream Tours no tiene control sobre la decisi\u00f3n y el momento del comunicado oficial.<\/li>\n<\/ul>\n<h3><strong>T\u00c9RMINOS Y CONDICIONES DE RESERVA<\/strong><\/h3>\n<p>Por favor, lea con atenci\u00f3n los siguientes t\u00e9rminos y condiciones. No se debe realizar ninguna reserva sin haber comprendido y aceptado los siguientes t\u00e9rminos y condiciones. Las referencias que se realizan a continuaci\u00f3n a \u201cnosotros\u201d \u201cnuestros\u201d y\/o \u201cAsia Dream Tours\u201d hace referencia a Asia Dream Tours.<\/p>\n<p>Un contrato entre usted y nosotros existir\u00e1 cuando emitimos una factura en respuesta a su petici\u00f3n de reserva.<\/p>\n<p><strong>CONDICIONES DE RESERVA<\/strong><\/p>\n<p>En este formulario de reserva, la palabra \u201cAgencia\u201d se refiere a Asia Dream Tours y el \u201cConsumidor\u201d a usted, la persona que acepta comprar el circuito o cualquiera persona que, de su parte, compre el viaje y cuyo nombre aparece en el formulario de reserva. La palabra \u201ccircuito\u201d se refiere al viaje reservado por el consumidor.<\/p>\n<p><em>1, El contrato ser\u00e1 v\u00e1lido en cuanto la compa\u00f1\u00eda reciba el formulario de reserva y el dep\u00f3sito o el pago total requerido para el Circuito.<\/em><\/p>\n<ul>\n<li>Se necesita un dep\u00f3sito del 30% de la factura total para poder confirmar nuestros servicios.<\/li>\n<li>El resto del dinero debe pagarse antes de los \u00faltimos 45 d\u00edas anteriores a su viaje.<\/li>\n<li>Si se confirma el viaje menos de 30 d\u00edas antes de la llegada, se requiere un papo total a la hora de reserva del viaje.<\/li>\n<li>No realizar el pago a tiempo puede suponer una cancelaci\u00f3n inesperada de la reserva. El pago puede hacerse en efectivo en caso especial, por transferencia telegr\u00e1fica\/electr\u00f3nica o con tarjeta de cr\u00e9dito (Visa, Marster Card, JCB y American Express).<\/li>\n<li>Excepto para el pago hecho en efectivo, cualquier cargo extra surgido de la operaci\u00f3n hecha por transferencia telegr\u00e1fica\/electr\u00f3nica o con tarjeta de cr\u00e9dito, ser\u00e1 abonado por el cliente.<\/li>\n<li>Una vez confirmado el pago, se enviar\u00e1 por e-mail el cup\u00f3n de servicios final y todos los documentos relacionados a los clientes en un m\u00e1ximo de dos semanas antes del comienzo del tour.<\/li>\n<\/ul>\n<p><em>2, Modificaciones por parte de la Compa\u00f1\u00eda:<\/em> La Compa\u00f1\u00eda reserva el derecho de modificar, reducir o cancelar el Circuito. La Compa\u00f1\u00eda reserva el derecho de sustituir el alojamiento precisado en el itinerario por un alojamiento de valor y calidad similar.<\/p>\n<ul>\n<li>Si antes de que llegue el Consumidor, hay una cancelaci\u00f3n, una modificaci\u00f3n o una reducci\u00f3n del Circuito que lo afecta fundamentalmente, la Compa\u00f1\u00eda deber\u00e1, si es posible, ofrecer una alternativa al Circuito de valor comparable o reembolsar la totalidad del pago al Consumidor. En el caso en el que la Compa\u00f1\u00eda ofrezca otro Circuito, la Compa\u00f1\u00eda supondr\u00e1 que el Consumidor acepta la oferta a menos que reciba un rechazo escrito por parte del Consumidor. Si el Consumidor rechaza la oferta, la Compa\u00f1\u00eda le reembolsar\u00e1 el pago hecho.<\/li>\n<li>Se cotizan todos los precios en d\u00f3lares americanos (US$). Son basados en los precios de transporte (incluyendo el precio del carburante), las cuotas, los impuestos o tasas legales en los aeropuertos y puertos, los precios de alojamiento, los precios de entradas para las visitas guiadas y los tipos de cambio en vigor a la hora de la publicaci\u00f3n. Si uno de estos elementos cambiase, el precio de las vacaciones puede aumentar o bajar.<\/li>\n<\/ul>\n<p>Cualquier aumento o disminuci\u00f3n debe ser pagado por o reembolsado al Consumidor. Durante los diez d\u00edas previos a la llegada del Consumidor, la Compa\u00f1\u00eda no aumentar\u00e1 el precio del Circuito.<\/p>\n<p>Si en caso de \u201cfuerza mayor\u201d (Acto de Dios, desastres naturales, condiciones meteorol\u00f3gicas adversas, fuego o destrucci\u00f3n de cualquier barco, avi\u00f3n o veh\u00edculo que deber\u00eda ser utilizado durante las vacaciones. Disturbios, actos de guerra, conmoci\u00f3n civil, acciones gubernamentales, legislativas, municipales, militar\u00edas o de toda otra autoridad, huelgas, acci\u00f3n industrial, requisa de material, aver\u00eda mec\u00e1nica, escasez de carburante, insolvencia o falta de cualquiera compa\u00f1\u00eda de transporte en relaci\u00f3n con el Circuito, fraude contra la Compa\u00f1\u00eda), la Compa\u00f1\u00eda se vea obligada a reducir, modificar, prolongar o cancelar el Circuito, el Consumidor no podr\u00e1 reclamar ninguna compensaci\u00f3n por los motivos enumerados.<\/p>\n<p><em>3, Precios para infantiles y ni\u00f1os<\/em><\/p>\n<ul>\n<li>Ni\u00f1os por debajo de dos a\u00f1os: 10% del precio por un adulto (los ni\u00f1os no tendr\u00e1n un asiento separado en ning\u00fan transporte)<\/li>\n<li>Ni\u00f1os entre 2 y 11 a\u00f1os: 80% del precio por un adulto.<\/li>\n<\/ul>\n<p><strong>T\u00c9RMINOS Y CANCELACI\u00d3N<\/strong><\/p>\n<p><em>1. Cancelaci\u00f3n por parte de la Compa\u00f1\u00eda<\/em><\/p>\n<p>Si la Compa\u00f1\u00eda no recibe el pago en la fecha acordada, tendr\u00e1 el derecho de cancelar el Circuito. Si la Compa\u00f1\u00eda, a la petici\u00f3n del Consumidor, acepta posponer la cancelaci\u00f3n del Circuito y si la Compa\u00f1\u00eda cancela posteriormente por no recibir el pago, el Consumidor tendr\u00e1 que pagar los cargos de cancelaci\u00f3n.<\/p>\n<p>En el caso de que la Compa\u00f1\u00eda no reciba la cantidad m\u00ednima necesaria para el Circuito, la Compa\u00f1\u00eda podr\u00e1 cancelar o reducir el Circuito como m\u00e1ximo cuatro semanas antes de la llegada del Consumidor. Y el Consumidor no podr\u00e1 hacer cualquiera reclamaci\u00f3n por los motivos precisados. La Compa\u00f1\u00eda informar\u00e1 al Consumidor de la cancelaci\u00f3n o reducci\u00f3n hasta siete d\u00edas antes de la llegada.<\/p>\n<p><em>2. Cancelaciones por parte del Consumidor<\/em><\/p>\n<p>El Consumidor deber\u00e1 pagar los cargos de cancelaci\u00f3n como se notifica:<\/p>\n<ul>\n<li>M\u00e1s de 60 d\u00edas antes del viaje: sin cargos por cancelaci\u00f3n.<\/li>\n<li>60-30 d\u00edas antes del viaje: 25% del precio total.<\/li>\n<li>30-15 d\u00edas antes del viaje: 50% del precio total<\/li>\n<li>15-7 d\u00edas antes del viaje: 75% del precio total.<\/li>\n<li>Menos de 7 d\u00edas antes del viaje: 100% del precio total.<\/li>\n<\/ul>\n<p>Por favor, tenga en cuenta que algunos proveedores de servicios (hoteles, compa\u00f1\u00edas de cruceros\u2026) tienen pol\u00edticas de cancelaci\u00f3n diferentes a las de Asia Dream Tours y las pol\u00edticas de cancelaci\u00f3n que se se\u00f1alan anteriormente podr\u00edan variar dependiendo del contrato individual de cada proveedor.<\/p>\n<p>Dichas pol\u00edticas no se aplican a los billetes de avi\u00f3n, puesto que Asia Dream Tours tiene que pagar la totalidad de los billetes a la hora de la emisi\u00f3n de \u00e9stos.<\/p>\n<p><em>3. Reembolso de los servicios no utilizados<\/em><\/p>\n<p>No se har\u00e1 ning\u00fan reembolso o cambio del alojamiento, las comidas, las visitas guiadas, los transportes o cualquier otro servicio incluido en el precio del Circuito que no se utiliza por el miembro del grupo.<\/p>\n<p><em>4. Consumidores con necesidades especiales<\/em><\/p>\n<ul>\n<li>El Consumidor tiene que revelar a la Compa\u00f1\u00eda, antes de la reserva, una enfermedad mental o f\u00edsica de cualquiera de los miembros de su grupo.<\/li>\n<li>Si la Compa\u00f1\u00eda piensa que un Circuito no se adapta a las necesidades especiales de una persona, se reserva el derecho de rechazar el Circuito para esa persona. Sin notificaci\u00f3n especial a la hora de la reserva por parte del Consumidor, no ser\u00e1 responsable la Compa\u00f1\u00eda si vende un Circuito no adaptado a las necesidades especiales de una persona.<\/li>\n<\/ul>\n<p><em>5. Solicitudes especiales<\/em><\/p>\n<p>El Consumidor comunicar\u00e1 por escrito a la Compa\u00f1\u00eda las solicitudes especiales a la hora de la reserva. (Ej. Alojamiento en planta baja, etc.). La Compa\u00f1\u00eda se esforzar\u00e1 en satisfacer estas solicitudes. Sin embargo, no se pueden garantizar estas solicitudes especiales y no hacen parte del Contrato. La Compa\u00f1\u00eda no ser\u00e1 responsable si no puede satisfacer una solicitud especial.<\/p>\n<p><em>6. Obligaciones del Consumidor<\/em><\/p>\n<ul>\n<li>El Consumidor debe comprobar los documentos de viaje para asegurarse de que las fechas sean correctas y debe informar inmediatamente a la Compa\u00f1\u00eda en caso de errores u omisiones.<\/li>\n<li>El Consumidor debe asegurarse de que haya arreglado todos los documentos requeridos para el viaje (pasaporte, visado, etc.)<\/li>\n<li>Si el Consumidor no llega a la fecha acordada del Circuito, la Compa\u00f1\u00eda puede considerar que el Circuito ha sido cancelado por el Consumidor.<\/li>\n<li>El Consumidor acepta respetar las instrucciones del equipo de la Compa\u00f1\u00eda y acepta indemnizar la Compa\u00f1\u00eda por todo perjuicio o p\u00e9rdida por no haber respetado las instrucciones del equipo.<\/li>\n<li>El Consumidor acepta tener una conducta respetuosa para no molestar u ofender a los dem\u00e1s viajeros.<\/li>\n<li>El Consumidor acepta no perjudicar los alojamientos y si lo hace, acepta pagar los costes de reparaciones o de reemplazo al propietario.<\/li>\n<\/ul>\n<p><em>7. Reclamaciones<\/em><\/p>\n<ul>\n<li>Si el Consumidor tiene reclamaciones con relaci\u00f3n a las vacaciones, deber\u00eda informar al representante de la Compa\u00f1\u00eda en la ciudad donde se encuentra cuando ocurre el problema para que la Compa\u00f1\u00eda pueda tener la oportunidad de resolver el problema.<\/li>\n<li>Sin embargo, el Consumidor puede informar la Compa\u00f1\u00eda por escrito mediante el formulario \u201cSu experiencia de viaje\u201d. Debe enviarlo al m\u00e1ximo 30 d\u00edas despu\u00e9s de su regreso. La Compa\u00f1\u00eda no considerar\u00e1 ninguna reclamaci\u00f3n recibida despu\u00e9s de este per\u00edodo.<\/li>\n<li>El Consumidor puede tambi\u00e9n enviar un correo electr\u00f3nico al Director de la Compa\u00f1\u00eda v\u00eda: <a href=\"mailto:info@asiadream-tours.com\">info@asiadream-tours.com<\/a><\/li>\n<\/ul>\n<p><em>8. Respondabilidad <\/em><\/p>\n<ul>\n<li>La Compa\u00f1\u00eda no es responsable por p\u00e9rdida, herida o perjuicio sufridos por los pasajeros. El Consumidor debe cargar con los gastos adicionales debidos a los retrasos, accidentes, desastres naturales, acciones pol\u00edticas y disturbios.<\/li>\n<li>La Compa\u00f1\u00eda no ser\u00e1 responsable de los perjuicios causados por el Consumidor por no haber respetado, o haberlo hecho insuficientemente, los t\u00e9rminos del Contrato y cuando tampoco ser\u00e1 culpa de la Compa\u00f1\u00eda cuando: La insuficiencia venga del Consumido, la insuficiencia se atribuya a una tercera parte que no tiene relaci\u00f3n con los servicios contratados de manera imprevisible e inevitabl, se deba la insuficiencia a una fuerza mayora.<\/li>\n<\/ul>\n<p><em>9. Fotograf\u00eda:<\/em><\/p>\n<p>De vez en cuando tomamos fotos durante nuestras visitas para usarlas como material promocional. A menos que usted nos indique lo contrario, usted consiente tal uso de su imagen fotogr\u00e1fica \/ video.<\/p>\n<div>Utilizamos fotos de los autores para ilustrar art\u00edculos que comparten experiencias de viaje, presentando destinos, paisajes naturales del pa\u00eds para hacer que el art\u00edculo sea m\u00e1s vivo y atractivo. Debido a que las fuentes de im\u00e1genes de Asia Dream Tours usan muchas ilustraciones de art\u00edculos, no es posible enviar correos electr\u00f3nicos a cada autor para pedirles permiso, as\u00ed que por favor comprenda. Por favor env\u00ede sus comentarios a Asia Dream Tours si:<\/div>\n<ul>\n<li>No est\u00e1 de acuerdo con que Asia Dream Tours use sus im\u00e1genes y solicite la eliminaci\u00f3n del sitio web.<\/li>\n<li>Quiere que Asia Dream Tours ponga un \u00e9nlace con el nombre del autor.<\/li>\n<li>Otros requisitos<\/li>\n<li>P\u00f3ngase en contacto con<a href=\"mailto:info@asiadream-tours.com\"> info@asiadream-tours.com<\/a> correo electr\u00f3nico con solicitudes \/ quejas.<\/li>\n<\/ul>\n<p><em>10. Seguro de viaje:<\/em><\/p>\n<p>El seguro de viaje es obligatorio para participar a nuestros viajes. Su seguro debe contar con coberturas de cancelaci\u00f3n, asistencia o repatriaci\u00f3n m\u00e9dica, lesiones o accidentes personales, fallecimiento, p\u00e9rdida de equipaje y responsabilidad econ\u00f3mica y personal. Esta cobertura puede ser solicitada por Asia Dream Tours. El Consumidor tiene que leer la p\u00f3liza de seguro antes del viaje y asegurarse de que las condiciones del seguro ofrezcan al Consumidor el nivel de cubertura necesario.<\/p>\n<p><strong>La participaci\u00f3n en cualquier Circuito implica el acuerdo del Consumidor con las condiciones mencionadas m\u00e1s arriba.<\/strong><\/p>\n\t\t<\/div>\n\t\t\t\t\t<\/div>\n\n\t\n<\/div>\n\t\t<\/div>\n\n\t\t\n<style>\n#section_1063407903 {\n  padding-top: 60px;\n  padding-bottom: 60px;\n}\n#section_1063407903 .ux-shape-divider--top svg {\n  height: 150px;\n  --divider-top-width: 100%;\n}\n#section_1063407903 .ux-shape-divider--bottom svg {\n  height: 150px;\n  --divider-width: 100%;\n}\n<\/style>\n\t<\/section>\n\t\n","protected":false},"excerpt":{"rendered":"","protected":false},"author":1,"featured_media":0,"parent":0,"menu_order":0,"comment_status":"closed","ping_status":"closed","template":"page-transparent-header.php","meta":[],"acf":[],"yoast_head":"<!-- This site is optimized with the Yoast SEO plugin v18.5.1 - https:\/\/yoast.com\/wordpress\/plugins\/seo\/ -->\n<title>T\u00e9rminos y Condiciones - Asia Dream Tours<\/title>\n<meta name=\"description\" content=\"Por favor, lea con atenci\u00f3n los siguientes t\u00e9rminos y condiciones. La participaci\u00f3n en cualquier Circuito implica el acuerdo del Consumidor con las condiciones mencionadas...\" \/>\n<meta name=\"robots\" content=\"index, follow, max-snippet:-1, max-image-preview:large, max-video-preview:-1\" \/>\n<link rel=\"canonical\" href=\"https:\/\/www.asiadreamtours.com\/es\/terminos-y-condiciones\/\" \/>\n<meta property=\"og:locale\" content=\"es_ES\" \/>\n<meta property=\"og:type\" content=\"article\" \/>\n<meta property=\"og:title\" content=\"T\u00e9rminos y Condiciones - Asia Dream Tours\" \/>\n<meta property=\"og:description\" content=\"Por favor, lea con atenci\u00f3n los siguientes t\u00e9rminos y condiciones. La participaci\u00f3n en cualquier Circuito implica el acuerdo del Consumidor con las condiciones mencionadas...\" \/>\n<meta property=\"og:url\" content=\"https:\/\/www.asiadreamtours.com\/es\/terminos-y-condiciones\/\" \/>\n<meta property=\"og:site_name\" content=\"Asia Dream Tours\" \/>\n<meta property=\"article:modified_time\" content=\"2019-10-26T15:30:42+00:00\" \/>\n<meta name=\"twitter:card\" content=\"summary_large_image\" \/>\n<meta name=\"twitter:label1\" content=\"Tiempo de lectura\" \/>\n\t<meta name=\"twitter:data1\" content=\"11 minutos\" \/>\n<script type=\"application\/ld+json\" class=\"yoast-schema-graph\">{\"@context\":\"https:\/\/schema.org\",\"@graph\":[{\"@type\":\"WebSite\",\"@id\":\"https:\/\/www.asiadreamtours.com\/es\/#website\",\"url\":\"https:\/\/www.asiadreamtours.com\/es\/\",\"name\":\"Asia Dream Tours\",\"description\":\"Travel Agency\",\"potentialAction\":[{\"@type\":\"SearchAction\",\"target\":{\"@type\":\"EntryPoint\",\"urlTemplate\":\"https:\/\/www.asiadreamtours.com\/es\/?s={search_term_string}\"},\"query-input\":\"required name=search_term_string\"}],\"inLanguage\":\"es\"},{\"@type\":\"WebPage\",\"@id\":\"https:\/\/www.asiadreamtours.com\/es\/terminos-y-condiciones\/#webpage\",\"url\":\"https:\/\/www.asiadreamtours.com\/es\/terminos-y-condiciones\/\",\"name\":\"T\u00e9rminos y Condiciones - Asia Dream Tours\",\"isPartOf\":{\"@id\":\"https:\/\/www.asiadreamtours.com\/es\/#website\"},\"datePublished\":\"2019-05-31T00:43:17+00:00\",\"dateModified\":\"2019-10-26T15:30:42+00:00\",\"description\":\"Por favor, lea con atenci\u00f3n los siguientes t\u00e9rminos y condiciones. La participaci\u00f3n en cualquier Circuito implica el acuerdo del Consumidor con las condiciones mencionadas...\",\"breadcrumb\":{\"@id\":\"https:\/\/www.asiadreamtours.com\/es\/terminos-y-condiciones\/#breadcrumb\"},\"inLanguage\":\"es\",\"potentialAction\":[{\"@type\":\"ReadAction\",\"target\":[\"https:\/\/www.asiadreamtours.com\/es\/terminos-y-condiciones\/\"]}]},{\"@type\":\"BreadcrumbList\",\"@id\":\"https:\/\/www.asiadreamtours.com\/es\/terminos-y-condiciones\/#breadcrumb\",\"itemListElement\":[{\"@type\":\"ListItem\",\"position\":1,\"name\":\"Home\",\"item\":\"https:\/\/www.asiadreamtours.com\/es\/\"},{\"@type\":\"ListItem\",\"position\":2,\"name\":\"T\u00e9rminos y Condiciones\"}]}]}<\/script>\n<!-- \/ Yoast SEO plugin. -->","yoast_head_json":{"title":"T\u00e9rminos y Condiciones - Asia Dream Tours","description":"Por favor, lea con atenci\u00f3n los siguientes t\u00e9rminos y condiciones. La participaci\u00f3n en cualquier Circuito implica el acuerdo del Consumidor con las condiciones mencionadas...","robots":{"index":"index","follow":"follow","max-snippet":"max-snippet:-1","max-image-preview":"max-image-preview:large","max-video-preview":"max-video-preview:-1"},"canonical":"https:\/\/www.asiadreamtours.com\/es\/terminos-y-condiciones\/","og_locale":"es_ES","og_type":"article","og_title":"T\u00e9rminos y Condiciones - Asia Dream Tours","og_description":"Por favor, lea con atenci\u00f3n los siguientes t\u00e9rminos y condiciones. La participaci\u00f3n en cualquier Circuito implica el acuerdo del Consumidor con las condiciones mencionadas...","og_url":"https:\/\/www.asiadreamtours.com\/es\/terminos-y-condiciones\/","og_site_name":"Asia Dream Tours","article_modified_time":"2019-10-26T15:30:42+00:00","twitter_card":"summary_large_image","twitter_misc":{"Tiempo de lectura":"11 minutos"},"schema":{"@context":"https:\/\/schema.org","@graph":[{"@type":"WebSite","@id":"https:\/\/www.asiadreamtours.com\/es\/#website","url":"https:\/\/www.asiadreamtours.com\/es\/","name":"Asia Dream Tours","description":"Travel Agency","potentialAction":[{"@type":"SearchAction","target":{"@type":"EntryPoint","urlTemplate":"https:\/\/www.asiadreamtours.com\/es\/?s={search_term_string}"},"query-input":"required name=search_term_string"}],"inLanguage":"es"},{"@type":"WebPage","@id":"https:\/\/www.asiadreamtours.com\/es\/terminos-y-condiciones\/#webpage","url":"https:\/\/www.asiadreamtours.com\/es\/terminos-y-condiciones\/","name":"T\u00e9rminos y Condiciones - Asia Dream Tours","isPartOf":{"@id":"https:\/\/www.asiadreamtours.com\/es\/#website"},"datePublished":"2019-05-31T00:43:17+00:00","dateModified":"2019-10-26T15:30:42+00:00","description":"Por favor, lea con atenci\u00f3n los siguientes t\u00e9rminos y condiciones. La participaci\u00f3n en cualquier Circuito implica el acuerdo del Consumidor con las condiciones mencionadas...","breadcrumb":{"@id":"https:\/\/www.asiadreamtours.com\/es\/terminos-y-condiciones\/#breadcrumb"},"inLanguage":"es","potentialAction":[{"@type":"ReadAction","target":["https:\/\/www.asiadreamtours.com\/es\/terminos-y-condiciones\/"]}]},{"@type":"BreadcrumbList","@id":"https:\/\/www.asiadreamtours.com\/es\/terminos-y-condiciones\/#breadcrumb","itemListElement":[{"@type":"ListItem","position":1,"name":"Home","item":"https:\/\/www.asiadreamtours.com\/es\/"},{"@type":"ListItem","position":2,"name":"T\u00e9rminos y Condiciones"}]}]}},"_links":{"self":[{"href":"https:\/\/www.asiadreamtours.com\/es\/wp-json\/wp\/v2\/pages\/7214"}],"collection":[{"href":"https:\/\/www.asiadreamtours.com\/es\/wp-json\/wp\/v2\/pages"}],"about":[{"href":"https:\/\/www.asiadreamtours.com\/es\/wp-json\/wp\/v2\/types\/page"}],"author":[{"embeddable":true,"href":"https:\/\/www.asiadreamtours.com\/es\/wp-json\/wp\/v2\/users\/1"}],"replies":[{"embeddable":true,"href":"https:\/\/www.asiadreamtours.com\/es\/wp-json\/wp\/v2\/comments?post=7214"}],"version-history":[{"count":16,"href":"https:\/\/www.asiadreamtours.com\/es\/wp-json\/wp\/v2\/pages\/7214\/revisions"}],"predecessor-version":[{"id":9331,"href":"https:\/\/www.asiadreamtours.com\/es\/wp-json\/wp\/v2\/pages\/7214\/revisions\/9331"}],"wp:attachment":[{"href":"https:\/\/www.asiadreamtours.com\/es\/wp-json\/wp\/v2\/media?parent=7214"}],"curies":[{"name":"wp","href":"https:\/\/api.w.org\/{rel}","templated":true}]}}